{"id":2817,"date":"2021-04-29T06:04:29","date_gmt":"2021-04-29T06:04:29","guid":{"rendered":"https:\/\/embassyvallettahotel.kinsta.cloud\/the-rooftop\/"},"modified":"2023-01-31T14:05:32","modified_gmt":"2023-01-31T14:05:32","slug":"the-rooftop","status":"publish","type":"page","link":"https:\/\/embassyvallettahotel.com\/de\/the-rooftop\/","title":{"rendered":"The Rooftop"},"content":{"rendered":"\t\t<div data-elementor-type=\"wp-page\" data-elementor-id=\"2817\" class=\"elementor elementor-2817 elementor-2151\" data-elementor-post-type=\"page\">\n\t\t\t\t\t\t<section class=\"elementor-section elementor-top-section elementor-element elementor-element-14bff08 elementor-section-boxed elementor-section-height-default elementor-section-height-default\" data-id=\"14bff08\" data-element_type=\"section\" data-e-type=\"section\" data-settings=\"{&quot;background_background&quot;:&quot;classic&quot;}\">\n\t\t\t\t\t\t<div class=\"elementor-container elementor-column-gap-default\">\n\t\t\t\t\t<div class=\"elementor-column elementor-col-100 elementor-top-column elementor-element elementor-element-1da3d02\" data-id=\"1da3d02\" data-element_type=\"column\" data-e-type=\"column\">\n\t\t\t<div class=\"elementor-widget-wrap elementor-element-populated\">\n\t\t\t\t\t\t<div class=\"elementor-element elementor-element-8555d2e elementor-widget elementor-widget-spacer\" data-id=\"8555d2e\" data-element_type=\"widget\" data-e-type=\"widget\" data-widget_type=\"spacer.default\">\n\t\t\t\t<div class=\"elementor-widget-container\">\n\t\t\t\t\t\t\t<div class=\"elementor-spacer\">\n\t\t\t<div class=\"elementor-spacer-inner\"><\/div>\n\t\t<\/div>\n\t\t\t\t\t\t<\/div>\n\t\t\t\t<\/div>\n\t\t\t\t\t<\/div>\n\t\t<\/div>\n\t\t\t\t\t<\/div>\n\t\t<\/section>\n\t\t\t\t<section class=\"elementor-section elementor-top-section elementor-element elementor-element-38c774a elementor-section-boxed elementor-section-height-default elementor-section-height-default\" data-id=\"38c774a\" data-element_type=\"section\" data-e-type=\"section\">\n\t\t\t\t\t\t<div class=\"elementor-container elementor-column-gap-default\">\n\t\t\t\t\t<div class=\"elementor-column elementor-col-50 elementor-top-column elementor-element elementor-element-d424802\" data-id=\"d424802\" data-element_type=\"column\" data-e-type=\"column\">\n\t\t\t<div class=\"elementor-widget-wrap elementor-element-populated\">\n\t\t\t\t\t\t<div class=\"elementor-element elementor-element-7467caf elementor-widget elementor-widget-heading\" data-id=\"7467caf\" data-element_type=\"widget\" data-e-type=\"widget\" data-widget_type=\"heading.default\">\n\t\t\t\t<div class=\"elementor-widget-container\">\n\t\t\t\t\t<h1 class=\"elementor-heading-title elementor-size-default\">The Rooftop<\/h1>\t\t\t\t<\/div>\n\t\t\t\t<\/div>\n\t\t\t\t<div class=\"elementor-element elementor-element-fb7f032 elementor-blockquote--skin-border elementor-widget elementor-widget-blockquote\" data-id=\"fb7f032\" data-element_type=\"widget\" data-e-type=\"widget\" data-widget_type=\"blockquote.default\">\n\t\t\t\t<div class=\"elementor-widget-container\">\n\t\t\t\t\t\t\t<blockquote class=\"elementor-blockquote\">\n\t\t\t<p class=\"elementor-blockquote__content\">\n\t\t\t\tWir laden Sie ein, unsere k\u00f6stlichen saisonalen Men\u00fcs zu probieren, die mit der Leidenschaft und Kreativit\u00e4t unserer K\u00f6che kreiert wurden.\t\t\t<\/p>\n\t\t\t\t\t<\/blockquote>\n\t\t\t\t\t\t<\/div>\n\t\t\t\t<\/div>\n\t\t\t\t<div class=\"elementor-element elementor-element-bc242a1 elementor-widget elementor-widget-text-editor\" data-id=\"bc242a1\" data-element_type=\"widget\" data-e-type=\"widget\" data-widget_type=\"text-editor.default\">\n\t\t\t\t<div class=\"elementor-widget-container\">\n\t\t\t\t\t\t\t\t\t<p>The Rooftop Restaurant &amp; Lounge in Valletta marks the start of a culinary journey to the Mediterranean with a variety of dishes that may be accompanied by some excellent local or international wines. Our stunning location makes it the perfect venue in Valletta for any exclusive special occasion, being a birthday, anniversary, or even a wedding.<\/p>\n<p>We are open all day. So, whether you are looking for a relaxing lunch, romantic dinner, pre-theatre drinks, or you just want to meet family or friends over a cocktail and some tasty bites, The Rooftop Restaurant &amp; Lounge Valletta offers the ideal picturesque setting, perfect to create new experiences.<\/p>\n\t\t\t\t\t\t\t\t<\/div>\n\t\t\t\t<\/div>\n\t\t\t\t<div class=\"elementor-element elementor-element-c118993 elementor-widget elementor-widget-spacer\" data-id=\"c118993\" data-element_type=\"widget\" data-e-type=\"widget\" data-widget_type=\"spacer.default\">\n\t\t\t\t<div class=\"elementor-widget-container\">\n\t\t\t\t\t\t\t<div class=\"elementor-spacer\">\n\t\t\t<div class=\"elementor-spacer-inner\"><\/div>\n\t\t<\/div>\n\t\t\t\t\t\t<\/div>\n\t\t\t\t<\/div>\n\t\t\t\t<div class=\"elementor-element elementor-element-727c171 elementor-widget elementor-widget-heading\" data-id=\"727c171\" data-element_type=\"widget\" data-e-type=\"widget\" data-widget_type=\"heading.default\">\n\t\t\t\t<div class=\"elementor-widget-container\">\n\t\t\t\t\t<h3 class=\"elementor-heading-title elementor-size-default\">M\u00f6chten Sie einen Blick in unsere Men\u00fcs werfen?<\/h3>\t\t\t\t<\/div>\n\t\t\t\t<\/div>\n\t\t\t\t<div class=\"elementor-element elementor-element-fcf8340 elementor-widget elementor-widget-button\" data-id=\"fcf8340\" data-element_type=\"widget\" data-e-type=\"widget\" data-widget_type=\"button.default\">\n\t\t\t\t<div class=\"elementor-widget-container\">\n\t\t\t\t\t\t\t\t\t<div class=\"elementor-button-wrapper\">\n\t\t\t\t\t<a class=\"elementor-button elementor-button-link elementor-size-sm\" href=\"https:\/\/embassyvallettahotel.com\/the-rooftop-menu\/\" target=\"_blank\">\n\t\t\t\t\t\t<span class=\"elementor-button-content-wrapper\">\n\t\t\t\t\t\t\t\t\t<span class=\"elementor-button-text\"> Ansicht-Men\u00fc<\/span>\n\t\t\t\t\t<\/span>\n\t\t\t\t\t<\/a>\n\t\t\t\t<\/div>\n\t\t\t\t\t\t\t\t<\/div>\n\t\t\t\t<\/div>\n\t\t\t\t<div class=\"elementor-element elementor-element-0ecc462 elementor-widget elementor-widget-button\" data-id=\"0ecc462\" data-element_type=\"widget\" data-e-type=\"widget\" data-widget_type=\"button.default\">\n\t\t\t\t<div class=\"elementor-widget-container\">\n\t\t\t\t\t\t\t\t\t<div class=\"elementor-button-wrapper\">\n\t\t\t\t\t<a class=\"elementor-button elementor-button-link elementor-size-sm\" href=\"https:\/\/embassyvallettahotel.com\/wp-content\/uploads\/2023\/01\/1435-The-Rooftop-Lunch-Set-Menu.pdf\" target=\"_blank\">\n\t\t\t\t\t\t<span class=\"elementor-button-content-wrapper\">\n\t\t\t\t\t\t\t\t\t<span class=\"elementor-button-text\">  View The Rooftop Quick Lunch Menu      <\/span>\n\t\t\t\t\t<\/span>\n\t\t\t\t\t<\/a>\n\t\t\t\t<\/div>\n\t\t\t\t\t\t\t\t<\/div>\n\t\t\t\t<\/div>\n\t\t\t\t\t<\/div>\n\t\t<\/div>\n\t\t\t\t<div class=\"elementor-column elementor-col-50 elementor-top-column elementor-element elementor-element-14fc3be\" data-id=\"14fc3be\" data-element_type=\"column\" data-e-type=\"column\">\n\t\t\t<div class=\"elementor-widget-wrap elementor-element-populated\">\n\t\t\t\t\t\t<div class=\"elementor-element elementor-element-cec7f2c elementor-widget elementor-widget-image\" data-id=\"cec7f2c\" data-element_type=\"widget\" data-e-type=\"widget\" data-widget_type=\"image.default\">\n\t\t\t\t<div class=\"elementor-widget-container\">\n\t\t\t\t\t\t\t\t\t\t\t\t\t\t\t\t<a href=\"https:\/\/embassyvallettahotel.com\/wp-content\/uploads\/2021\/04\/Food-7.jpg\" data-elementor-open-lightbox=\"yes\" data-elementor-lightbox-title=\"Food 7\" data-e-action-hash=\"#elementor-action%3Aaction%3Dlightbox%26settings%3DeyJpZCI6Mjc3OCwidXJsIjoiaHR0cHM6XC9cL2VtYmFzc3l2YWxsZXR0YWhvdGVsLmNvbVwvd3AtY29udGVudFwvdXBsb2Fkc1wvMjAyMVwvMDRcL0Zvb2QtNy5qcGcifQ%3D%3D\">\n\t\t\t\t\t\t\t<img decoding=\"async\" src=\"https:\/\/embassyvallettahotel.com\/wp-content\/uploads\/elementor\/thumbs\/Food-7-q48xwjfktavlq7lq38zv2e4dui8916pemsebridozo.jpg\" title=\"Food 7\" alt=\"Food 7\" loading=\"lazy\" \/>\t\t\t\t\t\t\t\t<\/a>\n\t\t\t\t\t\t\t\t\t\t\t\t\t\t\t<\/div>\n\t\t\t\t<\/div>\n\t\t\t\t\t<\/div>\n\t\t<\/div>\n\t\t\t\t\t<\/div>\n\t\t<\/section>\n\t\t\t\t<section class=\"elementor-section elementor-top-section elementor-element elementor-element-ef313cd elementor-section-boxed elementor-section-height-default elementor-section-height-default\" data-id=\"ef313cd\" data-element_type=\"section\" data-e-type=\"section\" data-settings=\"{&quot;background_background&quot;:&quot;classic&quot;}\">\n\t\t\t\t\t\t<div class=\"elementor-container elementor-column-gap-default\">\n\t\t\t\t\t<div class=\"elementor-column elementor-col-100 elementor-top-column elementor-element elementor-element-3b6523b\" data-id=\"3b6523b\" data-element_type=\"column\" data-e-type=\"column\" data-settings=\"{&quot;background_background&quot;:&quot;gradient&quot;}\">\n\t\t\t<div class=\"elementor-widget-wrap elementor-element-populated\">\n\t\t\t\t\t\t<div class=\"elementor-element elementor-element-a6d3b3e elementor-widget elementor-widget-html\" data-id=\"a6d3b3e\" data-element_type=\"widget\" data-e-type=\"widget\" data-widget_type=\"html.default\">\n\t\t\t\t<div class=\"elementor-widget-container\">\n\t\t\t\t\t<iframe src=\"https:\/\/diary.bookia.eu\/widget\/the-rooftop-valletta\/?bgColor=%23f8f8f8&textColor=%237a7a7a&formControlBgColor=%23ffffff&formControlColor=%237a7a7a&buttonBgColor=%23d4c185&buttonTextColor=%23ffffff&fontSize=14px\" width=\"100%\" height=\" 100%\" style=\"border:none;min-height:500px\"><\/iframe>\r\n \t\t\t\t<\/div>\n\t\t\t\t<\/div>\n\t\t\t\t\t<\/div>\n\t\t<\/div>\n\t\t\t\t\t<\/div>\n\t\t<\/section>\n\t\t\t\t<section class=\"elementor-section elementor-top-section elementor-element elementor-element-30fc27c elementor-section-boxed elementor-section-height-default elementor-section-height-default\" data-id=\"30fc27c\" data-element_type=\"section\" data-e-type=\"section\">\n\t\t\t\t\t\t<div class=\"elementor-container elementor-column-gap-default\">\n\t\t\t\t\t<div class=\"elementor-column elementor-col-100 elementor-top-column elementor-element elementor-element-ce512e0\" data-id=\"ce512e0\" data-element_type=\"column\" data-e-type=\"column\">\n\t\t\t<div class=\"elementor-widget-wrap elementor-element-populated\">\n\t\t\t\t\t\t<div class=\"elementor-element elementor-element-ba2319d elementor-widget elementor-widget-spacer\" data-id=\"ba2319d\" data-element_type=\"widget\" data-e-type=\"widget\" data-widget_type=\"spacer.default\">\n\t\t\t\t<div class=\"elementor-widget-container\">\n\t\t\t\t\t\t\t<div class=\"elementor-spacer\">\n\t\t\t<div class=\"elementor-spacer-inner\"><\/div>\n\t\t<\/div>\n\t\t\t\t\t\t<\/div>\n\t\t\t\t<\/div>\n\t\t\t\t<div class=\"elementor-element elementor-element-463be95 elementor-widget elementor-widget-heading\" data-id=\"463be95\" data-element_type=\"widget\" data-e-type=\"widget\" data-widget_type=\"heading.default\">\n\t\t\t\t<div class=\"elementor-widget-container\">\n\t\t\t\t\t<h3 class=\"elementor-heading-title elementor-size-default\">\u00d6ffnungszeiten<\/h3>\t\t\t\t<\/div>\n\t\t\t\t<\/div>\n\t\t\t\t<div class=\"elementor-element elementor-element-41d4623 elementor-icon-list--layout-traditional elementor-list-item-link-full_width elementor-widget elementor-widget-icon-list\" data-id=\"41d4623\" data-element_type=\"widget\" data-e-type=\"widget\" data-widget_type=\"icon-list.default\">\n\t\t\t\t<div class=\"elementor-widget-container\">\n\t\t\t\t\t\t\t<ul class=\"elementor-icon-list-items\">\n\t\t\t\t\t\t\t<li class=\"elementor-icon-list-item\">\n\t\t\t\t\t\t\t\t\t\t\t<span class=\"elementor-icon-list-icon\">\n\t\t\t\t\t\t\t<i aria-hidden=\"true\" class=\"far fa-clock\"><\/i>\t\t\t\t\t\t<\/span>\n\t\t\t\t\t\t\t\t\t\t<span class=\"elementor-icon-list-text\">Montag - Sonntag: Getr\u00e4nke und Knabbereien werden zwischen 12:00 und 22:30 Uhr serviert; Mittagessen 12:30 - 15:30; Abendessen 19.30 - 22.30 Uhr <\/span>\n\t\t\t\t\t\t\t\t\t<\/li>\n\t\t\t\t\t\t\t\t<li class=\"elementor-icon-list-item\">\n\t\t\t\t\t\t\t\t\t\t\t<span class=\"elementor-icon-list-icon\">\n\t\t\t\t\t\t\t<i aria-hidden=\"true\" class=\"far fa-clock\"><\/i>\t\t\t\t\t\t<\/span>\n\t\t\t\t\t\t\t\t\t\t<span class=\"elementor-icon-list-text\">Das Fr\u00fchst\u00fcck wird zwischen 07:30 und 10:30 Uhr serviert<\/span>\n\t\t\t\t\t\t\t\t\t<\/li>\n\t\t\t\t\t\t<\/ul>\n\t\t\t\t\t\t<\/div>\n\t\t\t\t<\/div>\n\t\t\t\t<div class=\"elementor-element elementor-element-de267e4 elementor-widget elementor-widget-spacer\" data-id=\"de267e4\" data-element_type=\"widget\" data-e-type=\"widget\" data-widget_type=\"spacer.default\">\n\t\t\t\t<div class=\"elementor-widget-container\">\n\t\t\t\t\t\t\t<div class=\"elementor-spacer\">\n\t\t\t<div class=\"elementor-spacer-inner\"><\/div>\n\t\t<\/div>\n\t\t\t\t\t\t<\/div>\n\t\t\t\t<\/div>\n\t\t\t\t\t<\/div>\n\t\t<\/div>\n\t\t\t\t\t<\/div>\n\t\t<\/section>\n\t\t\t\t<\/div>\n\t\t","protected":false},"excerpt":{"rendered":"<p>The Rooftop Wir laden Sie ein, unsere k\u00f6stlichen saisonalen Men\u00fcs zu probieren, die mit der Leidenschaft und Kreativit\u00e4t unserer K\u00f6che kreiert wurden. The Rooftop Restaurant &amp; Lounge in Valletta marks the start of a culinary journey to the Mediterranean with a variety of dishes that may be accompanied by some excellent local or international wines. [&hellip;]<\/p>\n","protected":false},"author":3,"featured_media":0,"parent":0,"menu_order":0,"comment_status":"closed","ping_status":"closed","template":"","meta":{"_acf_changed":false,"footnotes":""},"class_list":["post-2817","page","type-page","status-publish","hentry"],"acf":[],"yoast_head":"<!-- This site is optimized with the Yoast SEO plugin v27.3 - https:\/\/yoast.com\/product\/yoast-seo-wordpress\/ -->\n<title>The Rooftop - The Embassy Valletta Hotel<\/title>\n<meta name=\"robots\" content=\"index, follow, max-snippet:-1, max-image-preview:large, max-video-preview:-1\" \/>\n<link rel=\"canonical\" href=\"https:\/\/embassyvallettahotel.com\/de\/the-rooftop\/\" \/>\n<meta property=\"og:locale\" content=\"de_DE\" \/>\n<meta property=\"og:type\" content=\"article\" \/>\n<meta property=\"og:title\" content=\"The Rooftop - The Embassy Valletta Hotel\" \/>\n<meta property=\"og:description\" content=\"The Rooftop Wir laden Sie ein, unsere k\u00f6stlichen saisonalen Men\u00fcs zu probieren, die mit der Leidenschaft und Kreativit\u00e4t unserer K\u00f6che kreiert wurden. The Rooftop Restaurant &amp; Lounge in Valletta marks the start of a culinary journey to the Mediterranean with a variety of dishes that may be accompanied by some excellent local or international wines. [&hellip;]\" \/>\n<meta property=\"og:url\" content=\"https:\/\/embassyvallettahotel.com\/de\/the-rooftop\/\" \/>\n<meta property=\"og:site_name\" content=\"The Embassy Valletta Hotel\" \/>\n<meta property=\"article:modified_time\" content=\"2023-01-31T14:05:32+00:00\" \/>\n<meta property=\"og:image\" content=\"https:\/\/embassyvallettahotel.kinsta.cloud\/wp-content\/uploads\/elementor\/thumbs\/Food-7-q18cumiwilpkshufl76ajl44gkciexkxm6m4go3gec.jpg\" \/>\n<meta name=\"twitter:card\" content=\"summary_large_image\" \/>\n<meta name=\"twitter:label1\" content=\"Est. reading time\" \/>\n\t<meta name=\"twitter:data1\" content=\"2 minutes\" \/>\n<script type=\"application\/ld+json\" class=\"yoast-schema-graph\">{\"@context\":\"https:\\\/\\\/schema.org\",\"@graph\":[{\"@type\":\"WebPage\",\"@id\":\"https:\\\/\\\/embassyvallettahotel.com\\\/de\\\/the-rooftop\\\/\",\"url\":\"https:\\\/\\\/embassyvallettahotel.com\\\/de\\\/the-rooftop\\\/\",\"name\":\"The Rooftop - The Embassy Valletta Hotel\",\"isPartOf\":{\"@id\":\"https:\\\/\\\/embassyvallettahotel.com\\\/de\\\/#website\"},\"primaryImageOfPage\":{\"@id\":\"https:\\\/\\\/embassyvallettahotel.com\\\/de\\\/the-rooftop\\\/#primaryimage\"},\"image\":{\"@id\":\"https:\\\/\\\/embassyvallettahotel.com\\\/de\\\/the-rooftop\\\/#primaryimage\"},\"thumbnailUrl\":\"https:\\\/\\\/embassyvallettahotel.kinsta.cloud\\\/wp-content\\\/uploads\\\/elementor\\\/thumbs\\\/Food-7-q18cumiwilpkshufl76ajl44gkciexkxm6m4go3gec.jpg\",\"datePublished\":\"2021-04-29T06:04:29+00:00\",\"dateModified\":\"2023-01-31T14:05:32+00:00\",\"breadcrumb\":{\"@id\":\"https:\\\/\\\/embassyvallettahotel.com\\\/de\\\/the-rooftop\\\/#breadcrumb\"},\"inLanguage\":\"de-DE\",\"potentialAction\":[{\"@type\":\"ReadAction\",\"target\":[\"https:\\\/\\\/embassyvallettahotel.com\\\/de\\\/the-rooftop\\\/\"]}]},{\"@type\":\"ImageObject\",\"inLanguage\":\"de-DE\",\"@id\":\"https:\\\/\\\/embassyvallettahotel.com\\\/de\\\/the-rooftop\\\/#primaryimage\",\"url\":\"https:\\\/\\\/embassyvallettahotel.kinsta.cloud\\\/wp-content\\\/uploads\\\/elementor\\\/thumbs\\\/Food-7-q18cumiwilpkshufl76ajl44gkciexkxm6m4go3gec.jpg\",\"contentUrl\":\"https:\\\/\\\/embassyvallettahotel.kinsta.cloud\\\/wp-content\\\/uploads\\\/elementor\\\/thumbs\\\/Food-7-q18cumiwilpkshufl76ajl44gkciexkxm6m4go3gec.jpg\"},{\"@type\":\"BreadcrumbList\",\"@id\":\"https:\\\/\\\/embassyvallettahotel.com\\\/de\\\/the-rooftop\\\/#breadcrumb\",\"itemListElement\":[{\"@type\":\"ListItem\",\"position\":1,\"name\":\"Home\",\"item\":\"https:\\\/\\\/embassyvallettahotel.com\\\/de\\\/\"},{\"@type\":\"ListItem\",\"position\":2,\"name\":\"The Rooftop\"}]},{\"@type\":\"WebSite\",\"@id\":\"https:\\\/\\\/embassyvallettahotel.com\\\/de\\\/#website\",\"url\":\"https:\\\/\\\/embassyvallettahotel.com\\\/de\\\/\",\"name\":\"The Embassy Valletta Hotel\",\"description\":\"\",\"publisher\":{\"@id\":\"https:\\\/\\\/embassyvallettahotel.com\\\/de\\\/#organization\"},\"potentialAction\":[{\"@type\":\"SearchAction\",\"target\":{\"@type\":\"EntryPoint\",\"urlTemplate\":\"https:\\\/\\\/embassyvallettahotel.com\\\/de\\\/?s={search_term_string}\"},\"query-input\":{\"@type\":\"PropertyValueSpecification\",\"valueRequired\":true,\"valueName\":\"search_term_string\"}}],\"inLanguage\":\"de-DE\"},{\"@type\":\"Organization\",\"@id\":\"https:\\\/\\\/embassyvallettahotel.com\\\/de\\\/#organization\",\"name\":\"The Embassy Valletta Hotel\",\"url\":\"https:\\\/\\\/embassyvallettahotel.com\\\/de\\\/\",\"logo\":{\"@type\":\"ImageObject\",\"inLanguage\":\"de-DE\",\"@id\":\"https:\\\/\\\/embassyvallettahotel.com\\\/de\\\/#\\\/schema\\\/logo\\\/image\\\/\",\"url\":\"https:\\\/\\\/embassyvallettahotel.com\\\/wp-content\\\/uploads\\\/2019\\\/01\\\/Embassy-Valletta-Hotel-Logo-G.png\",\"contentUrl\":\"https:\\\/\\\/embassyvallettahotel.com\\\/wp-content\\\/uploads\\\/2019\\\/01\\\/Embassy-Valletta-Hotel-Logo-G.png\",\"width\":801,\"height\":146,\"caption\":\"The Embassy Valletta Hotel\"},\"image\":{\"@id\":\"https:\\\/\\\/embassyvallettahotel.com\\\/de\\\/#\\\/schema\\\/logo\\\/image\\\/\"}}]}<\/script>\n<!-- \/ Yoast SEO plugin. -->","yoast_head_json":{"title":"The Rooftop - The Embassy Valletta Hotel","robots":{"index":"index","follow":"follow","max-snippet":"max-snippet:-1","max-image-preview":"max-image-preview:large","max-video-preview":"max-video-preview:-1"},"canonical":"https:\/\/embassyvallettahotel.com\/de\/the-rooftop\/","og_locale":"de_DE","og_type":"article","og_title":"The Rooftop - The Embassy Valletta Hotel","og_description":"The Rooftop Wir laden Sie ein, unsere k\u00f6stlichen saisonalen Men\u00fcs zu probieren, die mit der Leidenschaft und Kreativit\u00e4t unserer K\u00f6che kreiert wurden. The Rooftop Restaurant &amp; Lounge in Valletta marks the start of a culinary journey to the Mediterranean with a variety of dishes that may be accompanied by some excellent local or international wines. [&hellip;]","og_url":"https:\/\/embassyvallettahotel.com\/de\/the-rooftop\/","og_site_name":"The Embassy Valletta Hotel","article_modified_time":"2023-01-31T14:05:32+00:00","og_image":[{"url":"https:\/\/embassyvallettahotel.kinsta.cloud\/wp-content\/uploads\/elementor\/thumbs\/Food-7-q18cumiwilpkshufl76ajl44gkciexkxm6m4go3gec.jpg","type":"","width":"","height":""}],"twitter_card":"summary_large_image","twitter_misc":{"Est. reading time":"2 minutes"},"schema":{"@context":"https:\/\/schema.org","@graph":[{"@type":"WebPage","@id":"https:\/\/embassyvallettahotel.com\/de\/the-rooftop\/","url":"https:\/\/embassyvallettahotel.com\/de\/the-rooftop\/","name":"The Rooftop - The Embassy Valletta Hotel","isPartOf":{"@id":"https:\/\/embassyvallettahotel.com\/de\/#website"},"primaryImageOfPage":{"@id":"https:\/\/embassyvallettahotel.com\/de\/the-rooftop\/#primaryimage"},"image":{"@id":"https:\/\/embassyvallettahotel.com\/de\/the-rooftop\/#primaryimage"},"thumbnailUrl":"https:\/\/embassyvallettahotel.kinsta.cloud\/wp-content\/uploads\/elementor\/thumbs\/Food-7-q18cumiwilpkshufl76ajl44gkciexkxm6m4go3gec.jpg","datePublished":"2021-04-29T06:04:29+00:00","dateModified":"2023-01-31T14:05:32+00:00","breadcrumb":{"@id":"https:\/\/embassyvallettahotel.com\/de\/the-rooftop\/#breadcrumb"},"inLanguage":"de-DE","potentialAction":[{"@type":"ReadAction","target":["https:\/\/embassyvallettahotel.com\/de\/the-rooftop\/"]}]},{"@type":"ImageObject","inLanguage":"de-DE","@id":"https:\/\/embassyvallettahotel.com\/de\/the-rooftop\/#primaryimage","url":"https:\/\/embassyvallettahotel.kinsta.cloud\/wp-content\/uploads\/elementor\/thumbs\/Food-7-q18cumiwilpkshufl76ajl44gkciexkxm6m4go3gec.jpg","contentUrl":"https:\/\/embassyvallettahotel.kinsta.cloud\/wp-content\/uploads\/elementor\/thumbs\/Food-7-q18cumiwilpkshufl76ajl44gkciexkxm6m4go3gec.jpg"},{"@type":"BreadcrumbList","@id":"https:\/\/embassyvallettahotel.com\/de\/the-rooftop\/#breadcrumb","itemListElement":[{"@type":"ListItem","position":1,"name":"Home","item":"https:\/\/embassyvallettahotel.com\/de\/"},{"@type":"ListItem","position":2,"name":"The Rooftop"}]},{"@type":"WebSite","@id":"https:\/\/embassyvallettahotel.com\/de\/#website","url":"https:\/\/embassyvallettahotel.com\/de\/","name":"The Embassy Valletta Hotel","description":"","publisher":{"@id":"https:\/\/embassyvallettahotel.com\/de\/#organization"},"potentialAction":[{"@type":"SearchAction","target":{"@type":"EntryPoint","urlTemplate":"https:\/\/embassyvallettahotel.com\/de\/?s={search_term_string}"},"query-input":{"@type":"PropertyValueSpecification","valueRequired":true,"valueName":"search_term_string"}}],"inLanguage":"de-DE"},{"@type":"Organization","@id":"https:\/\/embassyvallettahotel.com\/de\/#organization","name":"The Embassy Valletta Hotel","url":"https:\/\/embassyvallettahotel.com\/de\/","logo":{"@type":"ImageObject","inLanguage":"de-DE","@id":"https:\/\/embassyvallettahotel.com\/de\/#\/schema\/logo\/image\/","url":"https:\/\/embassyvallettahotel.com\/wp-content\/uploads\/2019\/01\/Embassy-Valletta-Hotel-Logo-G.png","contentUrl":"https:\/\/embassyvallettahotel.com\/wp-content\/uploads\/2019\/01\/Embassy-Valletta-Hotel-Logo-G.png","width":801,"height":146,"caption":"The Embassy Valletta Hotel"},"image":{"@id":"https:\/\/embassyvallettahotel.com\/de\/#\/schema\/logo\/image\/"}}]}},"_links":{"self":[{"href":"https:\/\/embassyvallettahotel.com\/de\/wp-json\/wp\/v2\/pages\/2817","targetHints":{"allow":["GET"]}}],"collection":[{"href":"https:\/\/embassyvallettahotel.com\/de\/wp-json\/wp\/v2\/pages"}],"about":[{"href":"https:\/\/embassyvallettahotel.com\/de\/wp-json\/wp\/v2\/types\/page"}],"author":[{"embeddable":true,"href":"https:\/\/embassyvallettahotel.com\/de\/wp-json\/wp\/v2\/users\/3"}],"replies":[{"embeddable":true,"href":"https:\/\/embassyvallettahotel.com\/de\/wp-json\/wp\/v2\/comments?post=2817"}],"version-history":[{"count":1,"href":"https:\/\/embassyvallettahotel.com\/de\/wp-json\/wp\/v2\/pages\/2817\/revisions"}],"predecessor-version":[{"id":7313,"href":"https:\/\/embassyvallettahotel.com\/de\/wp-json\/wp\/v2\/pages\/2817\/revisions\/7313"}],"wp:attachment":[{"href":"https:\/\/embassyvallettahotel.com\/de\/wp-json\/wp\/v2\/media?parent=2817"}],"curies":[{"name":"wp","href":"https:\/\/api.w.org\/{rel}","templated":true}]}}