{"id":2821,"date":"2021-04-29T06:06:04","date_gmt":"2021-04-29T06:06:04","guid":{"rendered":"https:\/\/embassyvallettahotel.kinsta.cloud\/costa-coffee\/"},"modified":"2022-05-16T09:05:18","modified_gmt":"2022-05-16T09:05:18","slug":"costa-coffee","status":"publish","type":"page","link":"https:\/\/embassyvallettahotel.com\/de\/costa-coffee\/","title":{"rendered":"Costa Coffee"},"content":{"rendered":"\t\t<div data-elementor-type=\"wp-page\" data-elementor-id=\"2821\" class=\"elementor elementor-2821 elementor-2157\" data-elementor-post-type=\"page\">\n\t\t\t\t\t\t<section class=\"elementor-section elementor-top-section elementor-element elementor-element-41e0f796 elementor-section-boxed elementor-section-height-default elementor-section-height-default\" data-id=\"41e0f796\" data-element_type=\"section\" data-e-type=\"section\" data-settings=\"{&quot;background_background&quot;:&quot;classic&quot;}\">\n\t\t\t\t\t\t<div class=\"elementor-container elementor-column-gap-default\">\n\t\t\t\t\t<div class=\"elementor-column elementor-col-100 elementor-top-column elementor-element elementor-element-787a22ff\" data-id=\"787a22ff\" data-element_type=\"column\" data-e-type=\"column\">\n\t\t\t<div class=\"elementor-widget-wrap elementor-element-populated\">\n\t\t\t\t\t\t<div class=\"elementor-element elementor-element-30b2b035 elementor-widget elementor-widget-spacer\" data-id=\"30b2b035\" data-element_type=\"widget\" data-e-type=\"widget\" data-widget_type=\"spacer.default\">\n\t\t\t\t<div class=\"elementor-widget-container\">\n\t\t\t\t\t\t\t<div class=\"elementor-spacer\">\n\t\t\t<div class=\"elementor-spacer-inner\"><\/div>\n\t\t<\/div>\n\t\t\t\t\t\t<\/div>\n\t\t\t\t<\/div>\n\t\t\t\t\t<\/div>\n\t\t<\/div>\n\t\t\t\t\t<\/div>\n\t\t<\/section>\n\t\t\t\t<section class=\"elementor-section elementor-top-section elementor-element elementor-element-7ca61dfd elementor-section-boxed elementor-section-height-default elementor-section-height-default\" data-id=\"7ca61dfd\" data-element_type=\"section\" data-e-type=\"section\">\n\t\t\t\t\t\t<div class=\"elementor-container elementor-column-gap-default\">\n\t\t\t\t\t<div class=\"elementor-column elementor-col-50 elementor-top-column elementor-element elementor-element-592b8e84\" data-id=\"592b8e84\" data-element_type=\"column\" data-e-type=\"column\">\n\t\t\t<div class=\"elementor-widget-wrap elementor-element-populated\">\n\t\t\t\t\t\t<div class=\"elementor-element elementor-element-15925012 elementor-widget elementor-widget-heading\" data-id=\"15925012\" data-element_type=\"widget\" data-e-type=\"widget\" data-widget_type=\"heading.default\">\n\t\t\t\t<div class=\"elementor-widget-container\">\n\t\t\t\t\t<h1 class=\"elementor-heading-title elementor-size-default\">Costa CoFfEE<\/h1>\t\t\t\t<\/div>\n\t\t\t\t<\/div>\n\t\t\t\t<div class=\"elementor-element elementor-element-7c582d75 elementor-blockquote--skin-border elementor-widget elementor-widget-blockquote\" data-id=\"7c582d75\" data-element_type=\"widget\" data-e-type=\"widget\" data-widget_type=\"blockquote.default\">\n\t\t\t\t<div class=\"elementor-widget-container\">\n\t\t\t\t\t\t\t<blockquote class=\"elementor-blockquote\">\n\t\t\t<p class=\"elementor-blockquote__content\">\n\t\t\t\tEgal, ob Sie einen Platz zum Arbeiten oder einfach nur zum Treffen mit Freunden suchen, Costa Coffee ist der perfekte gem\u00fctliche Ort daf\u00fcr.\t\t\t<\/p>\n\t\t\t\t\t<\/blockquote>\n\t\t\t\t\t\t<\/div>\n\t\t\t\t<\/div>\n\t\t\t\t<div class=\"elementor-element elementor-element-5fc20c66 elementor-widget elementor-widget-text-editor\" data-id=\"5fc20c66\" data-element_type=\"widget\" data-e-type=\"widget\" data-widget_type=\"text-editor.default\">\n\t\t\t\t<div class=\"elementor-widget-container\">\n\t\t\t\t\t\t\t\t\t<p>Von perfekt handgefertigten Kaffees bis hin zu frischem Brot, Wraps und k\u00f6stlichen Desserts finden Sie bestimmt etwas f\u00fcr Ihren Geschmack.<\/p><p>Werfen Sie einen Blick auf die Kaffees und Snacks, die Sie bei Costa Coffee finden<\/p>\t\t\t\t\t\t\t\t<\/div>\n\t\t\t\t<\/div>\n\t\t\t\t<div class=\"elementor-element elementor-element-21b7dcb elementor-widget elementor-widget-button\" data-id=\"21b7dcb\" data-element_type=\"widget\" data-e-type=\"widget\" data-widget_type=\"button.default\">\n\t\t\t\t<div class=\"elementor-widget-container\">\n\t\t\t\t\t\t\t\t\t<div class=\"elementor-button-wrapper\">\n\t\t\t\t\t<a class=\"elementor-button elementor-button-link elementor-size-sm\" href=\"http:\/\/www.costamalta.com\" target=\"_blank\">\n\t\t\t\t\t\t<span class=\"elementor-button-content-wrapper\">\n\t\t\t\t\t\t\t\t\t<span class=\"elementor-button-text\">Besuche die Website<\/span>\n\t\t\t\t\t<\/span>\n\t\t\t\t\t<\/a>\n\t\t\t\t<\/div>\n\t\t\t\t\t\t\t\t<\/div>\n\t\t\t\t<\/div>\n\t\t\t\t\t<\/div>\n\t\t<\/div>\n\t\t\t\t<div class=\"elementor-column elementor-col-50 elementor-top-column elementor-element elementor-element-693070ba\" data-id=\"693070ba\" data-element_type=\"column\" data-e-type=\"column\">\n\t\t\t<div class=\"elementor-widget-wrap elementor-element-populated\">\n\t\t\t\t\t\t<div class=\"elementor-element elementor-element-685125fc elementor-widget elementor-widget-image\" data-id=\"685125fc\" data-element_type=\"widget\" data-e-type=\"widget\" data-widget_type=\"image.default\">\n\t\t\t\t<div class=\"elementor-widget-container\">\n\t\t\t\t\t\t\t\t\t\t\t\t\t\t\t<img fetchpriority=\"high\" decoding=\"async\" width=\"800\" height=\"533\" src=\"https:\/\/embassyvallettahotel.com\/wp-content\/uploads\/2021\/04\/Costa-3-1024x682.png\" class=\"attachment-large size-large wp-image-2229\" alt=\"\" srcset=\"https:\/\/embassyvallettahotel.com\/wp-content\/uploads\/2021\/04\/Costa-3-1024x682.png 1024w, https:\/\/embassyvallettahotel.com\/wp-content\/uploads\/2021\/04\/Costa-3-300x200.png 300w, https:\/\/embassyvallettahotel.com\/wp-content\/uploads\/2021\/04\/Costa-3-768x512.png 768w, https:\/\/embassyvallettahotel.com\/wp-content\/uploads\/2021\/04\/Costa-3.png 1520w\" sizes=\"(max-width: 800px) 100vw, 800px\" \/>\t\t\t\t\t\t\t\t\t\t\t\t\t\t\t<\/div>\n\t\t\t\t<\/div>\n\t\t\t\t<div class=\"elementor-element elementor-element-699e2d67 elementor-widget__width-initial elementor-widget elementor-widget-image\" data-id=\"699e2d67\" data-element_type=\"widget\" data-e-type=\"widget\" data-widget_type=\"image.default\">\n\t\t\t\t<div class=\"elementor-widget-container\">\n\t\t\t\t\t\t\t\t\t\t\t\t\t\t\t<img decoding=\"async\" width=\"800\" height=\"800\" src=\"https:\/\/embassyvallettahotel.com\/wp-content\/uploads\/2021\/04\/Costa-1-1024x1024.jpeg\" class=\"attachment-large size-large wp-image-2274\" alt=\"\" srcset=\"https:\/\/embassyvallettahotel.com\/wp-content\/uploads\/2021\/04\/Costa-1-1024x1024.jpeg 1024w, https:\/\/embassyvallettahotel.com\/wp-content\/uploads\/2021\/04\/Costa-1-300x300.jpeg 300w, https:\/\/embassyvallettahotel.com\/wp-content\/uploads\/2021\/04\/Costa-1-150x150.jpeg 150w, https:\/\/embassyvallettahotel.com\/wp-content\/uploads\/2021\/04\/Costa-1-768x768.jpeg 768w, https:\/\/embassyvallettahotel.com\/wp-content\/uploads\/2021\/04\/Costa-1.jpeg 1080w\" sizes=\"(max-width: 800px) 100vw, 800px\" \/>\t\t\t\t\t\t\t\t\t\t\t\t\t\t\t<\/div>\n\t\t\t\t<\/div>\n\t\t\t\t\t<\/div>\n\t\t<\/div>\n\t\t\t\t\t<\/div>\n\t\t<\/section>\n\t\t\t\t<\/div>\n\t\t","protected":false},"excerpt":{"rendered":"<p>Costa CoFfEE Egal, ob Sie einen Platz zum Arbeiten oder einfach nur zum Treffen mit Freunden suchen, Costa Coffee ist der perfekte gem\u00fctliche Ort daf\u00fcr. Von perfekt handgefertigten Kaffees bis hin zu frischem Brot, Wraps und k\u00f6stlichen Desserts finden Sie bestimmt etwas f\u00fcr Ihren Geschmack. Werfen Sie einen Blick auf die Kaffees und Snacks, die [&hellip;]<\/p>\n","protected":false},"author":3,"featured_media":0,"parent":0,"menu_order":0,"comment_status":"closed","ping_status":"closed","template":"","meta":{"_acf_changed":false,"footnotes":""},"class_list":["post-2821","page","type-page","status-publish","hentry"],"acf":[],"yoast_head":"<!-- This site is optimized with the Yoast SEO plugin v27.4 - https:\/\/yoast.com\/product\/yoast-seo-wordpress\/ -->\n<title>Costa Coffee - The Embassy Valletta Hotel<\/title>\n<meta name=\"robots\" content=\"index, follow, max-snippet:-1, max-image-preview:large, max-video-preview:-1\" \/>\n<link rel=\"canonical\" href=\"https:\/\/embassyvallettahotel.com\/de\/costa-coffee\/\" \/>\n<meta property=\"og:locale\" content=\"de_DE\" \/>\n<meta property=\"og:type\" content=\"article\" \/>\n<meta property=\"og:title\" content=\"Costa Coffee - The Embassy Valletta Hotel\" \/>\n<meta property=\"og:description\" content=\"Costa CoFfEE Egal, ob Sie einen Platz zum Arbeiten oder einfach nur zum Treffen mit Freunden suchen, Costa Coffee ist der perfekte gem\u00fctliche Ort daf\u00fcr. Von perfekt handgefertigten Kaffees bis hin zu frischem Brot, Wraps und k\u00f6stlichen Desserts finden Sie bestimmt etwas f\u00fcr Ihren Geschmack. Werfen Sie einen Blick auf die Kaffees und Snacks, die [&hellip;]\" \/>\n<meta property=\"og:url\" content=\"https:\/\/embassyvallettahotel.com\/de\/costa-coffee\/\" \/>\n<meta property=\"og:site_name\" content=\"The Embassy Valletta Hotel\" \/>\n<meta property=\"article:modified_time\" content=\"2022-05-16T09:05:18+00:00\" \/>\n<meta property=\"og:image\" content=\"http:\/\/embassyvallettahotel.kinsta.cloud\/wp-content\/uploads\/2021\/04\/Costa-3-1024x682.png\" \/>\n<meta name=\"twitter:card\" content=\"summary_large_image\" \/>\n<script type=\"application\/ld+json\" class=\"yoast-schema-graph\">{\"@context\":\"https:\\\/\\\/schema.org\",\"@graph\":[{\"@type\":\"WebPage\",\"@id\":\"https:\\\/\\\/embassyvallettahotel.com\\\/de\\\/costa-coffee\\\/\",\"url\":\"https:\\\/\\\/embassyvallettahotel.com\\\/de\\\/costa-coffee\\\/\",\"name\":\"Costa Coffee - The Embassy Valletta Hotel\",\"isPartOf\":{\"@id\":\"https:\\\/\\\/embassyvallettahotel.com\\\/de\\\/#website\"},\"primaryImageOfPage\":{\"@id\":\"https:\\\/\\\/embassyvallettahotel.com\\\/de\\\/costa-coffee\\\/#primaryimage\"},\"image\":{\"@id\":\"https:\\\/\\\/embassyvallettahotel.com\\\/de\\\/costa-coffee\\\/#primaryimage\"},\"thumbnailUrl\":\"http:\\\/\\\/embassyvallettahotel.kinsta.cloud\\\/wp-content\\\/uploads\\\/2021\\\/04\\\/Costa-3-1024x682.png\",\"datePublished\":\"2021-04-29T06:06:04+00:00\",\"dateModified\":\"2022-05-16T09:05:18+00:00\",\"breadcrumb\":{\"@id\":\"https:\\\/\\\/embassyvallettahotel.com\\\/de\\\/costa-coffee\\\/#breadcrumb\"},\"inLanguage\":\"de-DE\",\"potentialAction\":[{\"@type\":\"ReadAction\",\"target\":[\"https:\\\/\\\/embassyvallettahotel.com\\\/de\\\/costa-coffee\\\/\"]}]},{\"@type\":\"ImageObject\",\"inLanguage\":\"de-DE\",\"@id\":\"https:\\\/\\\/embassyvallettahotel.com\\\/de\\\/costa-coffee\\\/#primaryimage\",\"url\":\"http:\\\/\\\/embassyvallettahotel.kinsta.cloud\\\/wp-content\\\/uploads\\\/2021\\\/04\\\/Costa-3-1024x682.png\",\"contentUrl\":\"http:\\\/\\\/embassyvallettahotel.kinsta.cloud\\\/wp-content\\\/uploads\\\/2021\\\/04\\\/Costa-3-1024x682.png\"},{\"@type\":\"BreadcrumbList\",\"@id\":\"https:\\\/\\\/embassyvallettahotel.com\\\/de\\\/costa-coffee\\\/#breadcrumb\",\"itemListElement\":[{\"@type\":\"ListItem\",\"position\":1,\"name\":\"Home\",\"item\":\"https:\\\/\\\/embassyvallettahotel.com\\\/de\\\/\"},{\"@type\":\"ListItem\",\"position\":2,\"name\":\"Costa Coffee\"}]},{\"@type\":\"WebSite\",\"@id\":\"https:\\\/\\\/embassyvallettahotel.com\\\/de\\\/#website\",\"url\":\"https:\\\/\\\/embassyvallettahotel.com\\\/de\\\/\",\"name\":\"The Embassy Valletta Hotel\",\"description\":\"\",\"publisher\":{\"@id\":\"https:\\\/\\\/embassyvallettahotel.com\\\/de\\\/#organization\"},\"potentialAction\":[{\"@type\":\"SearchAction\",\"target\":{\"@type\":\"EntryPoint\",\"urlTemplate\":\"https:\\\/\\\/embassyvallettahotel.com\\\/de\\\/?s={search_term_string}\"},\"query-input\":{\"@type\":\"PropertyValueSpecification\",\"valueRequired\":true,\"valueName\":\"search_term_string\"}}],\"inLanguage\":\"de-DE\"},{\"@type\":\"Organization\",\"@id\":\"https:\\\/\\\/embassyvallettahotel.com\\\/de\\\/#organization\",\"name\":\"The Embassy Valletta Hotel\",\"url\":\"https:\\\/\\\/embassyvallettahotel.com\\\/de\\\/\",\"logo\":{\"@type\":\"ImageObject\",\"inLanguage\":\"de-DE\",\"@id\":\"https:\\\/\\\/embassyvallettahotel.com\\\/de\\\/#\\\/schema\\\/logo\\\/image\\\/\",\"url\":\"https:\\\/\\\/embassyvallettahotel.com\\\/wp-content\\\/uploads\\\/2019\\\/01\\\/Embassy-Valletta-Hotel-Logo-G.png\",\"contentUrl\":\"https:\\\/\\\/embassyvallettahotel.com\\\/wp-content\\\/uploads\\\/2019\\\/01\\\/Embassy-Valletta-Hotel-Logo-G.png\",\"width\":801,\"height\":146,\"caption\":\"The Embassy Valletta Hotel\"},\"image\":{\"@id\":\"https:\\\/\\\/embassyvallettahotel.com\\\/de\\\/#\\\/schema\\\/logo\\\/image\\\/\"}}]}<\/script>\n<!-- \/ Yoast SEO plugin. -->","yoast_head_json":{"title":"Costa Coffee - The Embassy Valletta Hotel","robots":{"index":"index","follow":"follow","max-snippet":"max-snippet:-1","max-image-preview":"max-image-preview:large","max-video-preview":"max-video-preview:-1"},"canonical":"https:\/\/embassyvallettahotel.com\/de\/costa-coffee\/","og_locale":"de_DE","og_type":"article","og_title":"Costa Coffee - The Embassy Valletta Hotel","og_description":"Costa CoFfEE Egal, ob Sie einen Platz zum Arbeiten oder einfach nur zum Treffen mit Freunden suchen, Costa Coffee ist der perfekte gem\u00fctliche Ort daf\u00fcr. Von perfekt handgefertigten Kaffees bis hin zu frischem Brot, Wraps und k\u00f6stlichen Desserts finden Sie bestimmt etwas f\u00fcr Ihren Geschmack. Werfen Sie einen Blick auf die Kaffees und Snacks, die [&hellip;]","og_url":"https:\/\/embassyvallettahotel.com\/de\/costa-coffee\/","og_site_name":"The Embassy Valletta Hotel","article_modified_time":"2022-05-16T09:05:18+00:00","og_image":[{"url":"http:\/\/embassyvallettahotel.kinsta.cloud\/wp-content\/uploads\/2021\/04\/Costa-3-1024x682.png","type":"","width":"","height":""}],"twitter_card":"summary_large_image","schema":{"@context":"https:\/\/schema.org","@graph":[{"@type":"WebPage","@id":"https:\/\/embassyvallettahotel.com\/de\/costa-coffee\/","url":"https:\/\/embassyvallettahotel.com\/de\/costa-coffee\/","name":"Costa Coffee - The Embassy Valletta Hotel","isPartOf":{"@id":"https:\/\/embassyvallettahotel.com\/de\/#website"},"primaryImageOfPage":{"@id":"https:\/\/embassyvallettahotel.com\/de\/costa-coffee\/#primaryimage"},"image":{"@id":"https:\/\/embassyvallettahotel.com\/de\/costa-coffee\/#primaryimage"},"thumbnailUrl":"http:\/\/embassyvallettahotel.kinsta.cloud\/wp-content\/uploads\/2021\/04\/Costa-3-1024x682.png","datePublished":"2021-04-29T06:06:04+00:00","dateModified":"2022-05-16T09:05:18+00:00","breadcrumb":{"@id":"https:\/\/embassyvallettahotel.com\/de\/costa-coffee\/#breadcrumb"},"inLanguage":"de-DE","potentialAction":[{"@type":"ReadAction","target":["https:\/\/embassyvallettahotel.com\/de\/costa-coffee\/"]}]},{"@type":"ImageObject","inLanguage":"de-DE","@id":"https:\/\/embassyvallettahotel.com\/de\/costa-coffee\/#primaryimage","url":"http:\/\/embassyvallettahotel.kinsta.cloud\/wp-content\/uploads\/2021\/04\/Costa-3-1024x682.png","contentUrl":"http:\/\/embassyvallettahotel.kinsta.cloud\/wp-content\/uploads\/2021\/04\/Costa-3-1024x682.png"},{"@type":"BreadcrumbList","@id":"https:\/\/embassyvallettahotel.com\/de\/costa-coffee\/#breadcrumb","itemListElement":[{"@type":"ListItem","position":1,"name":"Home","item":"https:\/\/embassyvallettahotel.com\/de\/"},{"@type":"ListItem","position":2,"name":"Costa Coffee"}]},{"@type":"WebSite","@id":"https:\/\/embassyvallettahotel.com\/de\/#website","url":"https:\/\/embassyvallettahotel.com\/de\/","name":"The Embassy Valletta Hotel","description":"","publisher":{"@id":"https:\/\/embassyvallettahotel.com\/de\/#organization"},"potentialAction":[{"@type":"SearchAction","target":{"@type":"EntryPoint","urlTemplate":"https:\/\/embassyvallettahotel.com\/de\/?s={search_term_string}"},"query-input":{"@type":"PropertyValueSpecification","valueRequired":true,"valueName":"search_term_string"}}],"inLanguage":"de-DE"},{"@type":"Organization","@id":"https:\/\/embassyvallettahotel.com\/de\/#organization","name":"The Embassy Valletta Hotel","url":"https:\/\/embassyvallettahotel.com\/de\/","logo":{"@type":"ImageObject","inLanguage":"de-DE","@id":"https:\/\/embassyvallettahotel.com\/de\/#\/schema\/logo\/image\/","url":"https:\/\/embassyvallettahotel.com\/wp-content\/uploads\/2019\/01\/Embassy-Valletta-Hotel-Logo-G.png","contentUrl":"https:\/\/embassyvallettahotel.com\/wp-content\/uploads\/2019\/01\/Embassy-Valletta-Hotel-Logo-G.png","width":801,"height":146,"caption":"The Embassy Valletta Hotel"},"image":{"@id":"https:\/\/embassyvallettahotel.com\/de\/#\/schema\/logo\/image\/"}}]}},"_links":{"self":[{"href":"https:\/\/embassyvallettahotel.com\/de\/wp-json\/wp\/v2\/pages\/2821","targetHints":{"allow":["GET"]}}],"collection":[{"href":"https:\/\/embassyvallettahotel.com\/de\/wp-json\/wp\/v2\/pages"}],"about":[{"href":"https:\/\/embassyvallettahotel.com\/de\/wp-json\/wp\/v2\/types\/page"}],"author":[{"embeddable":true,"href":"https:\/\/embassyvallettahotel.com\/de\/wp-json\/wp\/v2\/users\/3"}],"replies":[{"embeddable":true,"href":"https:\/\/embassyvallettahotel.com\/de\/wp-json\/wp\/v2\/comments?post=2821"}],"version-history":[{"count":0,"href":"https:\/\/embassyvallettahotel.com\/de\/wp-json\/wp\/v2\/pages\/2821\/revisions"}],"wp:attachment":[{"href":"https:\/\/embassyvallettahotel.com\/de\/wp-json\/wp\/v2\/media?parent=2821"}],"curies":[{"name":"wp","href":"https:\/\/api.w.org\/{rel}","templated":true}]}}