{"id":2833,"date":"2021-04-29T06:54:41","date_gmt":"2021-04-29T06:54:41","guid":{"rendered":"https:\/\/embassyvallettahotel.kinsta.cloud\/therapy-room\/"},"modified":"2022-05-16T09:28:18","modified_gmt":"2022-05-16T09:28:18","slug":"therapy-room","status":"publish","type":"page","link":"https:\/\/embassyvallettahotel.com\/de\/therapy-room\/","title":{"rendered":"Fitnes &#038; Therapier\u00e4ume"},"content":{"rendered":"\t\t<div data-elementor-type=\"wp-page\" data-elementor-id=\"2833\" class=\"elementor elementor-2833 elementor-2141\" data-elementor-post-type=\"page\">\n\t\t\t\t\t\t<section class=\"elementor-section elementor-top-section elementor-element elementor-element-4d56c776 elementor-section-boxed elementor-section-height-default elementor-section-height-default\" data-id=\"4d56c776\" data-element_type=\"section\" data-e-type=\"section\" data-settings=\"{&quot;background_background&quot;:&quot;classic&quot;}\">\n\t\t\t\t\t\t<div class=\"elementor-container elementor-column-gap-default\">\n\t\t\t\t\t<div class=\"elementor-column elementor-col-100 elementor-top-column elementor-element elementor-element-6e24b2ee\" data-id=\"6e24b2ee\" data-element_type=\"column\" data-e-type=\"column\">\n\t\t\t<div class=\"elementor-widget-wrap elementor-element-populated\">\n\t\t\t\t\t\t<div class=\"elementor-element elementor-element-3e21a110 elementor-widget elementor-widget-spacer\" data-id=\"3e21a110\" data-element_type=\"widget\" data-e-type=\"widget\" data-widget_type=\"spacer.default\">\n\t\t\t\t<div class=\"elementor-widget-container\">\n\t\t\t\t\t\t\t<div class=\"elementor-spacer\">\n\t\t\t<div class=\"elementor-spacer-inner\"><\/div>\n\t\t<\/div>\n\t\t\t\t\t\t<\/div>\n\t\t\t\t<\/div>\n\t\t\t\t\t<\/div>\n\t\t<\/div>\n\t\t\t\t\t<\/div>\n\t\t<\/section>\n\t\t\t\t<section class=\"elementor-section elementor-top-section elementor-element elementor-element-15d987fc elementor-section-boxed elementor-section-height-default elementor-section-height-default\" data-id=\"15d987fc\" data-element_type=\"section\" data-e-type=\"section\">\n\t\t\t\t\t\t<div class=\"elementor-container elementor-column-gap-default\">\n\t\t\t\t\t<div class=\"elementor-column elementor-col-50 elementor-top-column elementor-element elementor-element-2974c76e\" data-id=\"2974c76e\" data-element_type=\"column\" data-e-type=\"column\">\n\t\t\t<div class=\"elementor-widget-wrap elementor-element-populated\">\n\t\t\t\t\t\t<div class=\"elementor-element elementor-element-20cef9d elementor-widget elementor-widget-heading\" data-id=\"20cef9d\" data-element_type=\"widget\" data-e-type=\"widget\" data-widget_type=\"heading.default\">\n\t\t\t\t<div class=\"elementor-widget-container\">\n\t\t\t\t\t<h1 class=\"elementor-heading-title elementor-size-default\">Fitness &amp; Therapier\u00e4ume<\/h1>\t\t\t\t<\/div>\n\t\t\t\t<\/div>\n\t\t\t\t<div class=\"elementor-element elementor-element-76c6aac2 elementor-blockquote--skin-border elementor-widget elementor-widget-blockquote\" data-id=\"76c6aac2\" data-element_type=\"widget\" data-e-type=\"widget\" data-widget_type=\"blockquote.default\">\n\t\t\t\t<div class=\"elementor-widget-container\">\n\t\t\t\t\t\t\t<blockquote class=\"elementor-blockquote\">\n\t\t\t<p class=\"elementor-blockquote__content\">\n\t\t\t\tWir glauben, dass jeder die M\u00f6glichkeit haben sollte, sich wohl zu f\u00fchlen.  \t\t\t<\/p>\n\t\t\t\t\t<\/blockquote>\n\t\t\t\t\t\t<\/div>\n\t\t\t\t<\/div>\n\t\t\t\t<div class=\"elementor-element elementor-element-5f7afadc elementor-widget elementor-widget-text-editor\" data-id=\"5f7afadc\" data-element_type=\"widget\" data-e-type=\"widget\" data-widget_type=\"text-editor.default\">\n\t\t\t\t<div class=\"elementor-widget-container\">\n\t\t\t\t\t\t\t\t\t<p>Deshalb laden wir Sie ein, Ihren Energiefluss freizusetzen und sich w\u00e4hrend Ihres Aufenthalts in Valletta zu entspannen \u2026 buchen Sie eine der vielen verf\u00fcgbaren Behandlungen. Unsere qualifizierten Kosmetikerinnen sorgen daf\u00fcr, dass Sie sich jede Minute, die Sie in unserem Therapieraum verbringen, verw\u00f6hnt f\u00fchlen.<\/p><p>Alle Behandlungen m\u00fcssen mindestens 24 Stunden im Voraus gebucht werden.<\/p><p>Und wenn Sie w\u00e4hrend Ihres Aufenthalts auf Ihre t\u00e4gliche Fitnessroutine nicht verzichten k\u00f6nnen, besuchen Sie unseren Fitnessraum, wo Sie alle notwendigen Fitnessger\u00e4te finden, um Ihnen das bestm\u00f6gliche Ganzk\u00f6rpertraining zu bieten.<\/p>\t\t\t\t\t\t\t\t<\/div>\n\t\t\t\t<\/div>\n\t\t\t\t<div class=\"elementor-element elementor-element-1ece66e elementor-widget elementor-widget-button\" data-id=\"1ece66e\" data-element_type=\"widget\" data-e-type=\"widget\" data-widget_type=\"button.default\">\n\t\t\t\t<div class=\"elementor-widget-container\">\n\t\t\t\t\t\t\t\t\t<div class=\"elementor-button-wrapper\">\n\t\t\t\t\t<a class=\"elementor-button elementor-button-link elementor-size-sm\" href=\"https:\/\/embassyvallettahotel.com\/beauty-treatments\/\" target=\"_blank\">\n\t\t\t\t\t\t<span class=\"elementor-button-content-wrapper\">\n\t\t\t\t\t\t\t\t\t<span class=\"elementor-button-text\">Our Beauty Treatments<\/span>\n\t\t\t\t\t<\/span>\n\t\t\t\t\t<\/a>\n\t\t\t\t<\/div>\n\t\t\t\t\t\t\t\t<\/div>\n\t\t\t\t<\/div>\n\t\t\t\t\t<\/div>\n\t\t<\/div>\n\t\t\t\t<div class=\"elementor-column elementor-col-50 elementor-top-column elementor-element elementor-element-38589d4a\" data-id=\"38589d4a\" data-element_type=\"column\" data-e-type=\"column\">\n\t\t\t<div class=\"elementor-widget-wrap elementor-element-populated\">\n\t\t\t\t\t\t<div class=\"elementor-element elementor-element-316f5bc0 elementor-widget elementor-widget-image\" data-id=\"316f5bc0\" data-element_type=\"widget\" data-e-type=\"widget\" data-widget_type=\"image.default\">\n\t\t\t\t<div class=\"elementor-widget-container\">\n\t\t\t\t\t\t\t\t\t\t\t\t\t\t\t<img fetchpriority=\"high\" decoding=\"async\" width=\"800\" height=\"598\" src=\"https:\/\/embassyvallettahotel.com\/wp-content\/uploads\/2021\/05\/IMG_20210511_141336-1024x766.jpg\" class=\"attachment-large size-large wp-image-3105\" alt=\"\" srcset=\"https:\/\/embassyvallettahotel.com\/wp-content\/uploads\/2021\/05\/IMG_20210511_141336-1024x766.jpg 1024w, https:\/\/embassyvallettahotel.com\/wp-content\/uploads\/2021\/05\/IMG_20210511_141336-300x224.jpg 300w, https:\/\/embassyvallettahotel.com\/wp-content\/uploads\/2021\/05\/IMG_20210511_141336-768x575.jpg 768w, https:\/\/embassyvallettahotel.com\/wp-content\/uploads\/2021\/05\/IMG_20210511_141336-1536x1149.jpg 1536w, https:\/\/embassyvallettahotel.com\/wp-content\/uploads\/2021\/05\/IMG_20210511_141336-2048x1532.jpg 2048w, https:\/\/embassyvallettahotel.com\/wp-content\/uploads\/2021\/05\/IMG_20210511_141336-scaled-e1621855249987.jpg 1400w\" sizes=\"(max-width: 800px) 100vw, 800px\" \/>\t\t\t\t\t\t\t\t\t\t\t\t\t\t\t<\/div>\n\t\t\t\t<\/div>\n\t\t\t\t<div class=\"elementor-element elementor-element-4de1b6d9 elementor-widget__width-initial elementor-widget elementor-widget-image\" data-id=\"4de1b6d9\" data-element_type=\"widget\" data-e-type=\"widget\" data-widget_type=\"image.default\">\n\t\t\t\t<div class=\"elementor-widget-container\">\n\t\t\t\t\t\t\t\t\t\t\t\t\t\t\t<img decoding=\"async\" width=\"800\" height=\"534\" src=\"https:\/\/embassyvallettahotel.com\/wp-content\/uploads\/2021\/04\/shutterstock_1011363673-1024x683.jpeg\" class=\"attachment-large size-large wp-image-2368\" alt=\"\" srcset=\"https:\/\/embassyvallettahotel.com\/wp-content\/uploads\/2021\/04\/shutterstock_1011363673-1024x683.jpeg 1024w, https:\/\/embassyvallettahotel.com\/wp-content\/uploads\/2021\/04\/shutterstock_1011363673-300x200.jpeg 300w, https:\/\/embassyvallettahotel.com\/wp-content\/uploads\/2021\/04\/shutterstock_1011363673-768x512.jpeg 768w, https:\/\/embassyvallettahotel.com\/wp-content\/uploads\/2021\/04\/shutterstock_1011363673-1536x1024.jpeg 1536w, https:\/\/embassyvallettahotel.com\/wp-content\/uploads\/2021\/04\/shutterstock_1011363673-2048x1365.jpeg 2048w\" sizes=\"(max-width: 800px) 100vw, 800px\" \/>\t\t\t\t\t\t\t\t\t\t\t\t\t\t\t<\/div>\n\t\t\t\t<\/div>\n\t\t\t\t\t<\/div>\n\t\t<\/div>\n\t\t\t\t\t<\/div>\n\t\t<\/section>\n\t\t\t\t<\/div>\n\t\t","protected":false},"excerpt":{"rendered":"<p>Fitness &#038; Therapier\u00e4ume Wir glauben, dass jeder die M\u00f6glichkeit haben sollte, sich wohl zu f\u00fchlen. Deshalb laden wir Sie ein, Ihren Energiefluss freizusetzen und sich w\u00e4hrend Ihres Aufenthalts in Valletta zu entspannen \u2026 buchen Sie eine der vielen verf\u00fcgbaren Behandlungen. Unsere qualifizierten Kosmetikerinnen sorgen daf\u00fcr, dass Sie sich jede Minute, die Sie in unserem Therapieraum [&hellip;]<\/p>\n","protected":false},"author":3,"featured_media":0,"parent":0,"menu_order":0,"comment_status":"closed","ping_status":"closed","template":"","meta":{"_acf_changed":false,"footnotes":""},"class_list":["post-2833","page","type-page","status-publish","hentry"],"acf":[],"yoast_head":"<!-- This site is optimized with the Yoast SEO plugin v27.3 - https:\/\/yoast.com\/product\/yoast-seo-wordpress\/ -->\n<title>Fitnes &amp; Therapier\u00e4ume - The Embassy Valletta Hotel<\/title>\n<meta name=\"robots\" content=\"index, follow, max-snippet:-1, max-image-preview:large, max-video-preview:-1\" \/>\n<link rel=\"canonical\" href=\"https:\/\/embassyvallettahotel.com\/de\/therapy-room\/\" \/>\n<meta property=\"og:locale\" content=\"de_DE\" \/>\n<meta property=\"og:type\" content=\"article\" \/>\n<meta property=\"og:title\" content=\"Fitnes &amp; Therapier\u00e4ume - The Embassy Valletta Hotel\" \/>\n<meta property=\"og:description\" content=\"Fitness &#038; Therapier\u00e4ume Wir glauben, dass jeder die M\u00f6glichkeit haben sollte, sich wohl zu f\u00fchlen. Deshalb laden wir Sie ein, Ihren Energiefluss freizusetzen und sich w\u00e4hrend Ihres Aufenthalts in Valletta zu entspannen \u2026 buchen Sie eine der vielen verf\u00fcgbaren Behandlungen. Unsere qualifizierten Kosmetikerinnen sorgen daf\u00fcr, dass Sie sich jede Minute, die Sie in unserem Therapieraum [&hellip;]\" \/>\n<meta property=\"og:url\" content=\"https:\/\/embassyvallettahotel.com\/de\/therapy-room\/\" \/>\n<meta property=\"og:site_name\" content=\"The Embassy Valletta Hotel\" \/>\n<meta property=\"article:modified_time\" content=\"2022-05-16T09:28:18+00:00\" \/>\n<meta property=\"og:image\" content=\"http:\/\/embassyvallettahotel.kinsta.cloud\/wp-content\/uploads\/2021\/05\/IMG_20210511_141336-1024x766.jpg\" \/>\n<meta name=\"twitter:card\" content=\"summary_large_image\" \/>\n<meta name=\"twitter:label1\" content=\"Est. reading time\" \/>\n\t<meta name=\"twitter:data1\" content=\"1 minute\" \/>\n<script type=\"application\/ld+json\" class=\"yoast-schema-graph\">{\"@context\":\"https:\\\/\\\/schema.org\",\"@graph\":[{\"@type\":\"WebPage\",\"@id\":\"https:\\\/\\\/embassyvallettahotel.com\\\/de\\\/therapy-room\\\/\",\"url\":\"https:\\\/\\\/embassyvallettahotel.com\\\/de\\\/therapy-room\\\/\",\"name\":\"Fitnes & Therapier\u00e4ume - The Embassy Valletta Hotel\",\"isPartOf\":{\"@id\":\"https:\\\/\\\/embassyvallettahotel.com\\\/de\\\/#website\"},\"primaryImageOfPage\":{\"@id\":\"https:\\\/\\\/embassyvallettahotel.com\\\/de\\\/therapy-room\\\/#primaryimage\"},\"image\":{\"@id\":\"https:\\\/\\\/embassyvallettahotel.com\\\/de\\\/therapy-room\\\/#primaryimage\"},\"thumbnailUrl\":\"http:\\\/\\\/embassyvallettahotel.kinsta.cloud\\\/wp-content\\\/uploads\\\/2021\\\/05\\\/IMG_20210511_141336-1024x766.jpg\",\"datePublished\":\"2021-04-29T06:54:41+00:00\",\"dateModified\":\"2022-05-16T09:28:18+00:00\",\"breadcrumb\":{\"@id\":\"https:\\\/\\\/embassyvallettahotel.com\\\/de\\\/therapy-room\\\/#breadcrumb\"},\"inLanguage\":\"de-DE\",\"potentialAction\":[{\"@type\":\"ReadAction\",\"target\":[\"https:\\\/\\\/embassyvallettahotel.com\\\/de\\\/therapy-room\\\/\"]}]},{\"@type\":\"ImageObject\",\"inLanguage\":\"de-DE\",\"@id\":\"https:\\\/\\\/embassyvallettahotel.com\\\/de\\\/therapy-room\\\/#primaryimage\",\"url\":\"http:\\\/\\\/embassyvallettahotel.kinsta.cloud\\\/wp-content\\\/uploads\\\/2021\\\/05\\\/IMG_20210511_141336-1024x766.jpg\",\"contentUrl\":\"http:\\\/\\\/embassyvallettahotel.kinsta.cloud\\\/wp-content\\\/uploads\\\/2021\\\/05\\\/IMG_20210511_141336-1024x766.jpg\"},{\"@type\":\"BreadcrumbList\",\"@id\":\"https:\\\/\\\/embassyvallettahotel.com\\\/de\\\/therapy-room\\\/#breadcrumb\",\"itemListElement\":[{\"@type\":\"ListItem\",\"position\":1,\"name\":\"Home\",\"item\":\"https:\\\/\\\/embassyvallettahotel.com\\\/de\\\/\"},{\"@type\":\"ListItem\",\"position\":2,\"name\":\"Fitnes &#038; Therapier\u00e4ume\"}]},{\"@type\":\"WebSite\",\"@id\":\"https:\\\/\\\/embassyvallettahotel.com\\\/de\\\/#website\",\"url\":\"https:\\\/\\\/embassyvallettahotel.com\\\/de\\\/\",\"name\":\"The Embassy Valletta Hotel\",\"description\":\"\",\"publisher\":{\"@id\":\"https:\\\/\\\/embassyvallettahotel.com\\\/de\\\/#organization\"},\"potentialAction\":[{\"@type\":\"SearchAction\",\"target\":{\"@type\":\"EntryPoint\",\"urlTemplate\":\"https:\\\/\\\/embassyvallettahotel.com\\\/de\\\/?s={search_term_string}\"},\"query-input\":{\"@type\":\"PropertyValueSpecification\",\"valueRequired\":true,\"valueName\":\"search_term_string\"}}],\"inLanguage\":\"de-DE\"},{\"@type\":\"Organization\",\"@id\":\"https:\\\/\\\/embassyvallettahotel.com\\\/de\\\/#organization\",\"name\":\"The Embassy Valletta Hotel\",\"url\":\"https:\\\/\\\/embassyvallettahotel.com\\\/de\\\/\",\"logo\":{\"@type\":\"ImageObject\",\"inLanguage\":\"de-DE\",\"@id\":\"https:\\\/\\\/embassyvallettahotel.com\\\/de\\\/#\\\/schema\\\/logo\\\/image\\\/\",\"url\":\"https:\\\/\\\/embassyvallettahotel.com\\\/wp-content\\\/uploads\\\/2019\\\/01\\\/Embassy-Valletta-Hotel-Logo-G.png\",\"contentUrl\":\"https:\\\/\\\/embassyvallettahotel.com\\\/wp-content\\\/uploads\\\/2019\\\/01\\\/Embassy-Valletta-Hotel-Logo-G.png\",\"width\":801,\"height\":146,\"caption\":\"The Embassy Valletta Hotel\"},\"image\":{\"@id\":\"https:\\\/\\\/embassyvallettahotel.com\\\/de\\\/#\\\/schema\\\/logo\\\/image\\\/\"}}]}<\/script>\n<!-- \/ Yoast SEO plugin. -->","yoast_head_json":{"title":"Fitnes & Therapier\u00e4ume - The Embassy Valletta Hotel","robots":{"index":"index","follow":"follow","max-snippet":"max-snippet:-1","max-image-preview":"max-image-preview:large","max-video-preview":"max-video-preview:-1"},"canonical":"https:\/\/embassyvallettahotel.com\/de\/therapy-room\/","og_locale":"de_DE","og_type":"article","og_title":"Fitnes & Therapier\u00e4ume - The Embassy Valletta Hotel","og_description":"Fitness &#038; Therapier\u00e4ume Wir glauben, dass jeder die M\u00f6glichkeit haben sollte, sich wohl zu f\u00fchlen. Deshalb laden wir Sie ein, Ihren Energiefluss freizusetzen und sich w\u00e4hrend Ihres Aufenthalts in Valletta zu entspannen \u2026 buchen Sie eine der vielen verf\u00fcgbaren Behandlungen. Unsere qualifizierten Kosmetikerinnen sorgen daf\u00fcr, dass Sie sich jede Minute, die Sie in unserem Therapieraum [&hellip;]","og_url":"https:\/\/embassyvallettahotel.com\/de\/therapy-room\/","og_site_name":"The Embassy Valletta Hotel","article_modified_time":"2022-05-16T09:28:18+00:00","og_image":[{"url":"http:\/\/embassyvallettahotel.kinsta.cloud\/wp-content\/uploads\/2021\/05\/IMG_20210511_141336-1024x766.jpg","type":"","width":"","height":""}],"twitter_card":"summary_large_image","twitter_misc":{"Est. reading time":"1 minute"},"schema":{"@context":"https:\/\/schema.org","@graph":[{"@type":"WebPage","@id":"https:\/\/embassyvallettahotel.com\/de\/therapy-room\/","url":"https:\/\/embassyvallettahotel.com\/de\/therapy-room\/","name":"Fitnes & Therapier\u00e4ume - The Embassy Valletta Hotel","isPartOf":{"@id":"https:\/\/embassyvallettahotel.com\/de\/#website"},"primaryImageOfPage":{"@id":"https:\/\/embassyvallettahotel.com\/de\/therapy-room\/#primaryimage"},"image":{"@id":"https:\/\/embassyvallettahotel.com\/de\/therapy-room\/#primaryimage"},"thumbnailUrl":"http:\/\/embassyvallettahotel.kinsta.cloud\/wp-content\/uploads\/2021\/05\/IMG_20210511_141336-1024x766.jpg","datePublished":"2021-04-29T06:54:41+00:00","dateModified":"2022-05-16T09:28:18+00:00","breadcrumb":{"@id":"https:\/\/embassyvallettahotel.com\/de\/therapy-room\/#breadcrumb"},"inLanguage":"de-DE","potentialAction":[{"@type":"ReadAction","target":["https:\/\/embassyvallettahotel.com\/de\/therapy-room\/"]}]},{"@type":"ImageObject","inLanguage":"de-DE","@id":"https:\/\/embassyvallettahotel.com\/de\/therapy-room\/#primaryimage","url":"http:\/\/embassyvallettahotel.kinsta.cloud\/wp-content\/uploads\/2021\/05\/IMG_20210511_141336-1024x766.jpg","contentUrl":"http:\/\/embassyvallettahotel.kinsta.cloud\/wp-content\/uploads\/2021\/05\/IMG_20210511_141336-1024x766.jpg"},{"@type":"BreadcrumbList","@id":"https:\/\/embassyvallettahotel.com\/de\/therapy-room\/#breadcrumb","itemListElement":[{"@type":"ListItem","position":1,"name":"Home","item":"https:\/\/embassyvallettahotel.com\/de\/"},{"@type":"ListItem","position":2,"name":"Fitnes &#038; Therapier\u00e4ume"}]},{"@type":"WebSite","@id":"https:\/\/embassyvallettahotel.com\/de\/#website","url":"https:\/\/embassyvallettahotel.com\/de\/","name":"The Embassy Valletta Hotel","description":"","publisher":{"@id":"https:\/\/embassyvallettahotel.com\/de\/#organization"},"potentialAction":[{"@type":"SearchAction","target":{"@type":"EntryPoint","urlTemplate":"https:\/\/embassyvallettahotel.com\/de\/?s={search_term_string}"},"query-input":{"@type":"PropertyValueSpecification","valueRequired":true,"valueName":"search_term_string"}}],"inLanguage":"de-DE"},{"@type":"Organization","@id":"https:\/\/embassyvallettahotel.com\/de\/#organization","name":"The Embassy Valletta Hotel","url":"https:\/\/embassyvallettahotel.com\/de\/","logo":{"@type":"ImageObject","inLanguage":"de-DE","@id":"https:\/\/embassyvallettahotel.com\/de\/#\/schema\/logo\/image\/","url":"https:\/\/embassyvallettahotel.com\/wp-content\/uploads\/2019\/01\/Embassy-Valletta-Hotel-Logo-G.png","contentUrl":"https:\/\/embassyvallettahotel.com\/wp-content\/uploads\/2019\/01\/Embassy-Valletta-Hotel-Logo-G.png","width":801,"height":146,"caption":"The Embassy Valletta Hotel"},"image":{"@id":"https:\/\/embassyvallettahotel.com\/de\/#\/schema\/logo\/image\/"}}]}},"_links":{"self":[{"href":"https:\/\/embassyvallettahotel.com\/de\/wp-json\/wp\/v2\/pages\/2833","targetHints":{"allow":["GET"]}}],"collection":[{"href":"https:\/\/embassyvallettahotel.com\/de\/wp-json\/wp\/v2\/pages"}],"about":[{"href":"https:\/\/embassyvallettahotel.com\/de\/wp-json\/wp\/v2\/types\/page"}],"author":[{"embeddable":true,"href":"https:\/\/embassyvallettahotel.com\/de\/wp-json\/wp\/v2\/users\/3"}],"replies":[{"embeddable":true,"href":"https:\/\/embassyvallettahotel.com\/de\/wp-json\/wp\/v2\/comments?post=2833"}],"version-history":[{"count":0,"href":"https:\/\/embassyvallettahotel.com\/de\/wp-json\/wp\/v2\/pages\/2833\/revisions"}],"wp:attachment":[{"href":"https:\/\/embassyvallettahotel.com\/de\/wp-json\/wp\/v2\/media?parent=2833"}],"curies":[{"name":"wp","href":"https:\/\/api.w.org\/{rel}","templated":true}]}}