{"id":2854,"date":"2021-04-29T06:59:50","date_gmt":"2021-04-29T06:59:50","guid":{"rendered":"https:\/\/embassyvallettahotel.kinsta.cloud\/cinema\/"},"modified":"2022-05-16T09:23:42","modified_gmt":"2022-05-16T09:23:42","slug":"cinema","status":"publish","type":"page","link":"https:\/\/embassyvallettahotel.com\/de\/facilities\/leisure\/cinema\/","title":{"rendered":"Cinema"},"content":{"rendered":"\t\t<div data-elementor-type=\"wp-page\" data-elementor-id=\"2854\" class=\"elementor elementor-2854 elementor-2147\" data-elementor-post-type=\"page\">\n\t\t\t\t\t\t<section class=\"elementor-section elementor-top-section elementor-element elementor-element-2b086eb2 elementor-section-boxed elementor-section-height-default elementor-section-height-default\" data-id=\"2b086eb2\" data-element_type=\"section\" data-e-type=\"section\" data-settings=\"{&quot;background_background&quot;:&quot;classic&quot;}\">\n\t\t\t\t\t\t<div class=\"elementor-container elementor-column-gap-default\">\n\t\t\t\t\t<div class=\"elementor-column elementor-col-100 elementor-top-column elementor-element elementor-element-399b4b11\" data-id=\"399b4b11\" data-element_type=\"column\" data-e-type=\"column\">\n\t\t\t<div class=\"elementor-widget-wrap elementor-element-populated\">\n\t\t\t\t\t\t<div class=\"elementor-element elementor-element-5e3e3ee7 elementor-widget elementor-widget-spacer\" data-id=\"5e3e3ee7\" data-element_type=\"widget\" data-e-type=\"widget\" data-widget_type=\"spacer.default\">\n\t\t\t\t<div class=\"elementor-widget-container\">\n\t\t\t\t\t\t\t<div class=\"elementor-spacer\">\n\t\t\t<div class=\"elementor-spacer-inner\"><\/div>\n\t\t<\/div>\n\t\t\t\t\t\t<\/div>\n\t\t\t\t<\/div>\n\t\t\t\t\t<\/div>\n\t\t<\/div>\n\t\t\t\t\t<\/div>\n\t\t<\/section>\n\t\t\t\t<section class=\"elementor-section elementor-top-section elementor-element elementor-element-72874e8e elementor-section-boxed elementor-section-height-default elementor-section-height-default\" data-id=\"72874e8e\" data-element_type=\"section\" data-e-type=\"section\">\n\t\t\t\t\t\t<div class=\"elementor-container elementor-column-gap-default\">\n\t\t\t\t\t<div class=\"elementor-column elementor-col-50 elementor-top-column elementor-element elementor-element-1348c99a\" data-id=\"1348c99a\" data-element_type=\"column\" data-e-type=\"column\">\n\t\t\t<div class=\"elementor-widget-wrap elementor-element-populated\">\n\t\t\t\t\t\t<div class=\"elementor-element elementor-element-2ba1063 elementor-widget elementor-widget-heading\" data-id=\"2ba1063\" data-element_type=\"widget\" data-e-type=\"widget\" data-widget_type=\"heading.default\">\n\t\t\t\t<div class=\"elementor-widget-container\">\n\t\t\t\t\t<h1 class=\"elementor-heading-title elementor-size-default\">The Embassy CiNEMA<\/h1>\t\t\t\t<\/div>\n\t\t\t\t<\/div>\n\t\t\t\t<div class=\"elementor-element elementor-element-139557b9 elementor-blockquote--skin-border elementor-widget elementor-widget-blockquote\" data-id=\"139557b9\" data-element_type=\"widget\" data-e-type=\"widget\" data-widget_type=\"blockquote.default\">\n\t\t\t\t<div class=\"elementor-widget-container\">\n\t\t\t\t\t\t\t<blockquote class=\"elementor-blockquote\">\n\t\t\t<p class=\"elementor-blockquote__content\">\n\t\t\t\tWir definieren das Kinoerlebnis neu.\t\t\t<\/p>\n\t\t\t\t\t<\/blockquote>\n\t\t\t\t\t\t<\/div>\n\t\t\t\t<\/div>\n\t\t\t\t<div class=\"elementor-element elementor-element-4434a776 elementor-widget elementor-widget-text-editor\" data-id=\"4434a776\" data-element_type=\"widget\" data-e-type=\"widget\" data-widget_type=\"text-editor.default\">\n\t\t\t\t<div class=\"elementor-widget-container\">\n\t\t\t\t\t\t\t\t\t<p>Das Embassy Cinema ist ein einzigartiger Ort in Valletta, der die neuesten Filme und Gro\u00dfbildunterhaltung in einem exklusiven Boutique-Ambiente auf dem Hotelgel\u00e4nde bietet. Mit 6 Kinos\u00e4len und einer gro\u00dfen Auswahl an Barartikeln ist das Embassy Cinema die neue trendige, gem\u00fctliche und exklusive Attraktion f\u00fcr alle Kinobesucher und f\u00fcr alle, die nach einer unterhaltsamen und entspannenden Aktivit\u00e4t in Valletta suchen.<\/p><p>Wir haben einen innovativen Ansatz f\u00fcr Kinobesuche entwickelt, bei dem Sie einen Film auf einem Sofa sitzend erleben und ein Glas Prosecco und eine leckere Platte auch in einer Kinoumgebung genie\u00dfen k\u00f6nnen. Eine wirklich herzliche und freundliche Atmosph\u00e4re, unterst\u00fctzt durch exzellenten Kundenservice. Mit der gro\u00dfen Auswahl an Filmen, Sondervorf\u00fchrungen und ma\u00dfgeschneiderten Veranstaltungen, die auf Ihre W\u00fcnsche zugeschnitten sind, ist im Embassy Cinema in Valletta Malta definitiv f\u00fcr jeden etwas dabei.<\/p><p>Alle Kinos\u00e4le, darunter das exklusive Sofatheater Star Lounge, k\u00f6nnen auch f\u00fcr private Veranstaltungen gemietet werden. Egal, ob Sie den perfekten Ort f\u00fcr eine Geburtstagsfeier f\u00fcr Ihre Familie, einen Zockerwettbewerb auf der Gro\u00dfleinwand mit Ihren Freunden, eine intime Privatvorf\u00fchrung oder eine arbeitsbezogene Pr\u00e4sentation in einer einzigartigen Umgebung suchen, unser engagiertes Team wird daf\u00fcr sorgen, dass alle G\u00e4ste beeindruckt sind.<\/p><p>Sie m\u00f6chten mehr \u00fcber unser Kino erfahren oder was gerade auf unseren Leinw\u00e4nden l\u00e4uft?<\/p>\t\t\t\t\t\t\t\t<\/div>\n\t\t\t\t<\/div>\n\t\t\t\t<div class=\"elementor-element elementor-element-71e99b7c elementor-widget elementor-widget-button\" data-id=\"71e99b7c\" data-element_type=\"widget\" data-e-type=\"widget\" data-widget_type=\"button.default\">\n\t\t\t\t<div class=\"elementor-widget-container\">\n\t\t\t\t\t\t\t\t\t<div class=\"elementor-button-wrapper\">\n\t\t\t\t\t<a class=\"elementor-button elementor-button-link elementor-size-sm\" href=\"http:\/\/www.embassycinemas.com\" target=\"_blank\">\n\t\t\t\t\t\t<span class=\"elementor-button-content-wrapper\">\n\t\t\t\t\t\t\t\t\t<span class=\"elementor-button-text\">Besuche die Website<\/span>\n\t\t\t\t\t<\/span>\n\t\t\t\t\t<\/a>\n\t\t\t\t<\/div>\n\t\t\t\t\t\t\t\t<\/div>\n\t\t\t\t<\/div>\n\t\t\t\t\t<\/div>\n\t\t<\/div>\n\t\t\t\t<div class=\"elementor-column elementor-col-50 elementor-top-column elementor-element elementor-element-5539ec6e\" data-id=\"5539ec6e\" data-element_type=\"column\" data-e-type=\"column\">\n\t\t\t<div class=\"elementor-widget-wrap elementor-element-populated\">\n\t\t\t\t\t\t<div class=\"elementor-element elementor-element-1eea82ed elementor-widget elementor-widget-image\" data-id=\"1eea82ed\" data-element_type=\"widget\" data-e-type=\"widget\" data-widget_type=\"image.default\">\n\t\t\t\t<div class=\"elementor-widget-container\">\n\t\t\t\t\t\t\t\t\t\t\t\t\t\t\t<img fetchpriority=\"high\" decoding=\"async\" width=\"800\" height=\"580\" src=\"https:\/\/embassyvallettahotel.com\/wp-content\/uploads\/2020\/12\/embassy_078-scaled-e1606905265605-1024x742.jpg\" class=\"attachment-large size-large wp-image-1128\" alt=\"\" srcset=\"https:\/\/embassyvallettahotel.com\/wp-content\/uploads\/2020\/12\/embassy_078-scaled-e1606905265605-1024x742.jpg 1024w, https:\/\/embassyvallettahotel.com\/wp-content\/uploads\/2020\/12\/embassy_078-scaled-e1606905265605-300x217.jpg 300w, https:\/\/embassyvallettahotel.com\/wp-content\/uploads\/2020\/12\/embassy_078-scaled-e1606905265605-768x556.jpg 768w, https:\/\/embassyvallettahotel.com\/wp-content\/uploads\/2020\/12\/embassy_078-scaled-e1606905265605-1536x1113.jpg 1536w, https:\/\/embassyvallettahotel.com\/wp-content\/uploads\/2020\/12\/embassy_078-scaled-e1606905265605.jpg 1799w\" sizes=\"(max-width: 800px) 100vw, 800px\" \/>\t\t\t\t\t\t\t\t\t\t\t\t\t\t\t<\/div>\n\t\t\t\t<\/div>\n\t\t\t\t<div class=\"elementor-element elementor-element-55967bb9 elementor-widget__width-initial elementor-widget elementor-widget-image\" data-id=\"55967bb9\" data-element_type=\"widget\" data-e-type=\"widget\" data-widget_type=\"image.default\">\n\t\t\t\t<div class=\"elementor-widget-container\">\n\t\t\t\t\t\t\t\t\t\t\t\t\t\t\t<img decoding=\"async\" width=\"800\" height=\"534\" src=\"https:\/\/embassyvallettahotel.com\/wp-content\/uploads\/2021\/04\/embasswy_082-1024x684.jpg\" class=\"attachment-large size-large wp-image-2247\" alt=\"\" srcset=\"https:\/\/embassyvallettahotel.com\/wp-content\/uploads\/2021\/04\/embasswy_082-1024x684.jpg 1024w, https:\/\/embassyvallettahotel.com\/wp-content\/uploads\/2021\/04\/embasswy_082-300x200.jpg 300w, https:\/\/embassyvallettahotel.com\/wp-content\/uploads\/2021\/04\/embasswy_082-768x513.jpg 768w, https:\/\/embassyvallettahotel.com\/wp-content\/uploads\/2021\/04\/embasswy_082.jpg 1200w\" sizes=\"(max-width: 800px) 100vw, 800px\" \/>\t\t\t\t\t\t\t\t\t\t\t\t\t\t\t<\/div>\n\t\t\t\t<\/div>\n\t\t\t\t\t<\/div>\n\t\t<\/div>\n\t\t\t\t\t<\/div>\n\t\t<\/section>\n\t\t\t\t<\/div>\n\t\t","protected":false},"excerpt":{"rendered":"<p>The Embassy CiNEMA Wir definieren das Kinoerlebnis neu. Das Embassy Cinema ist ein einzigartiger Ort in Valletta, der die neuesten Filme und Gro\u00dfbildunterhaltung in einem exklusiven Boutique-Ambiente auf dem Hotelgel\u00e4nde bietet. Mit 6 Kinos\u00e4len und einer gro\u00dfen Auswahl an Barartikeln ist das Embassy Cinema die neue trendige, gem\u00fctliche und exklusive Attraktion f\u00fcr alle Kinobesucher und [&hellip;]<\/p>\n","protected":false},"author":3,"featured_media":0,"parent":2856,"menu_order":0,"comment_status":"closed","ping_status":"closed","template":"","meta":{"_acf_changed":false,"footnotes":""},"class_list":["post-2854","page","type-page","status-publish","hentry"],"acf":[],"yoast_head":"<!-- This site is optimized with the Yoast SEO plugin v27.4 - https:\/\/yoast.com\/product\/yoast-seo-wordpress\/ -->\n<title>Cinema - The Embassy Valletta Hotel<\/title>\n<meta name=\"robots\" content=\"index, follow, max-snippet:-1, max-image-preview:large, max-video-preview:-1\" \/>\n<link rel=\"canonical\" href=\"https:\/\/embassyvallettahotel.com\/de\/facilities\/leisure\/cinema\/\" \/>\n<meta property=\"og:locale\" content=\"de_DE\" \/>\n<meta property=\"og:type\" content=\"article\" \/>\n<meta property=\"og:title\" content=\"Cinema - The Embassy Valletta Hotel\" \/>\n<meta property=\"og:description\" content=\"The Embassy CiNEMA Wir definieren das Kinoerlebnis neu. Das Embassy Cinema ist ein einzigartiger Ort in Valletta, der die neuesten Filme und Gro\u00dfbildunterhaltung in einem exklusiven Boutique-Ambiente auf dem Hotelgel\u00e4nde bietet. Mit 6 Kinos\u00e4len und einer gro\u00dfen Auswahl an Barartikeln ist das Embassy Cinema die neue trendige, gem\u00fctliche und exklusive Attraktion f\u00fcr alle Kinobesucher und [&hellip;]\" \/>\n<meta property=\"og:url\" content=\"https:\/\/embassyvallettahotel.com\/de\/facilities\/leisure\/cinema\/\" \/>\n<meta property=\"og:site_name\" content=\"The Embassy Valletta Hotel\" \/>\n<meta property=\"article:modified_time\" content=\"2022-05-16T09:23:42+00:00\" \/>\n<meta property=\"og:image\" content=\"http:\/\/embassyvallettahotel.kinsta.cloud\/wp-content\/uploads\/2020\/12\/embassy_078-scaled-e1606905265605-1024x742.jpg\" \/>\n<meta name=\"twitter:card\" content=\"summary_large_image\" \/>\n<meta name=\"twitter:label1\" content=\"Est. reading time\" \/>\n\t<meta name=\"twitter:data1\" content=\"1 minute\" \/>\n<script type=\"application\/ld+json\" class=\"yoast-schema-graph\">{\"@context\":\"https:\\\/\\\/schema.org\",\"@graph\":[{\"@type\":\"WebPage\",\"@id\":\"https:\\\/\\\/embassyvallettahotel.com\\\/de\\\/facilities\\\/leisure\\\/cinema\\\/\",\"url\":\"https:\\\/\\\/embassyvallettahotel.com\\\/de\\\/facilities\\\/leisure\\\/cinema\\\/\",\"name\":\"Cinema - The Embassy Valletta Hotel\",\"isPartOf\":{\"@id\":\"https:\\\/\\\/embassyvallettahotel.com\\\/de\\\/#website\"},\"primaryImageOfPage\":{\"@id\":\"https:\\\/\\\/embassyvallettahotel.com\\\/de\\\/facilities\\\/leisure\\\/cinema\\\/#primaryimage\"},\"image\":{\"@id\":\"https:\\\/\\\/embassyvallettahotel.com\\\/de\\\/facilities\\\/leisure\\\/cinema\\\/#primaryimage\"},\"thumbnailUrl\":\"http:\\\/\\\/embassyvallettahotel.kinsta.cloud\\\/wp-content\\\/uploads\\\/2020\\\/12\\\/embassy_078-scaled-e1606905265605-1024x742.jpg\",\"datePublished\":\"2021-04-29T06:59:50+00:00\",\"dateModified\":\"2022-05-16T09:23:42+00:00\",\"breadcrumb\":{\"@id\":\"https:\\\/\\\/embassyvallettahotel.com\\\/de\\\/facilities\\\/leisure\\\/cinema\\\/#breadcrumb\"},\"inLanguage\":\"de-DE\",\"potentialAction\":[{\"@type\":\"ReadAction\",\"target\":[\"https:\\\/\\\/embassyvallettahotel.com\\\/de\\\/facilities\\\/leisure\\\/cinema\\\/\"]}]},{\"@type\":\"ImageObject\",\"inLanguage\":\"de-DE\",\"@id\":\"https:\\\/\\\/embassyvallettahotel.com\\\/de\\\/facilities\\\/leisure\\\/cinema\\\/#primaryimage\",\"url\":\"http:\\\/\\\/embassyvallettahotel.kinsta.cloud\\\/wp-content\\\/uploads\\\/2020\\\/12\\\/embassy_078-scaled-e1606905265605-1024x742.jpg\",\"contentUrl\":\"http:\\\/\\\/embassyvallettahotel.kinsta.cloud\\\/wp-content\\\/uploads\\\/2020\\\/12\\\/embassy_078-scaled-e1606905265605-1024x742.jpg\"},{\"@type\":\"BreadcrumbList\",\"@id\":\"https:\\\/\\\/embassyvallettahotel.com\\\/de\\\/facilities\\\/leisure\\\/cinema\\\/#breadcrumb\",\"itemListElement\":[{\"@type\":\"ListItem\",\"position\":1,\"name\":\"Home\",\"item\":\"https:\\\/\\\/embassyvallettahotel.com\\\/de\\\/\"},{\"@type\":\"ListItem\",\"position\":2,\"name\":\"Unsere Einrichtungen\",\"item\":\"https:\\\/\\\/embassyvallettahotel.com\\\/de\\\/facilities\\\/\"},{\"@type\":\"ListItem\",\"position\":3,\"name\":\"Leisure\",\"item\":\"https:\\\/\\\/embassyvallettahotel.com\\\/de\\\/facilities\\\/leisure\\\/\"},{\"@type\":\"ListItem\",\"position\":4,\"name\":\"Cinema\"}]},{\"@type\":\"WebSite\",\"@id\":\"https:\\\/\\\/embassyvallettahotel.com\\\/de\\\/#website\",\"url\":\"https:\\\/\\\/embassyvallettahotel.com\\\/de\\\/\",\"name\":\"The Embassy Valletta Hotel\",\"description\":\"\",\"publisher\":{\"@id\":\"https:\\\/\\\/embassyvallettahotel.com\\\/de\\\/#organization\"},\"potentialAction\":[{\"@type\":\"SearchAction\",\"target\":{\"@type\":\"EntryPoint\",\"urlTemplate\":\"https:\\\/\\\/embassyvallettahotel.com\\\/de\\\/?s={search_term_string}\"},\"query-input\":{\"@type\":\"PropertyValueSpecification\",\"valueRequired\":true,\"valueName\":\"search_term_string\"}}],\"inLanguage\":\"de-DE\"},{\"@type\":\"Organization\",\"@id\":\"https:\\\/\\\/embassyvallettahotel.com\\\/de\\\/#organization\",\"name\":\"The Embassy Valletta Hotel\",\"url\":\"https:\\\/\\\/embassyvallettahotel.com\\\/de\\\/\",\"logo\":{\"@type\":\"ImageObject\",\"inLanguage\":\"de-DE\",\"@id\":\"https:\\\/\\\/embassyvallettahotel.com\\\/de\\\/#\\\/schema\\\/logo\\\/image\\\/\",\"url\":\"https:\\\/\\\/embassyvallettahotel.com\\\/wp-content\\\/uploads\\\/2019\\\/01\\\/Embassy-Valletta-Hotel-Logo-G.png\",\"contentUrl\":\"https:\\\/\\\/embassyvallettahotel.com\\\/wp-content\\\/uploads\\\/2019\\\/01\\\/Embassy-Valletta-Hotel-Logo-G.png\",\"width\":801,\"height\":146,\"caption\":\"The Embassy Valletta Hotel\"},\"image\":{\"@id\":\"https:\\\/\\\/embassyvallettahotel.com\\\/de\\\/#\\\/schema\\\/logo\\\/image\\\/\"}}]}<\/script>\n<!-- \/ Yoast SEO plugin. -->","yoast_head_json":{"title":"Cinema - The Embassy Valletta Hotel","robots":{"index":"index","follow":"follow","max-snippet":"max-snippet:-1","max-image-preview":"max-image-preview:large","max-video-preview":"max-video-preview:-1"},"canonical":"https:\/\/embassyvallettahotel.com\/de\/facilities\/leisure\/cinema\/","og_locale":"de_DE","og_type":"article","og_title":"Cinema - The Embassy Valletta Hotel","og_description":"The Embassy CiNEMA Wir definieren das Kinoerlebnis neu. Das Embassy Cinema ist ein einzigartiger Ort in Valletta, der die neuesten Filme und Gro\u00dfbildunterhaltung in einem exklusiven Boutique-Ambiente auf dem Hotelgel\u00e4nde bietet. Mit 6 Kinos\u00e4len und einer gro\u00dfen Auswahl an Barartikeln ist das Embassy Cinema die neue trendige, gem\u00fctliche und exklusive Attraktion f\u00fcr alle Kinobesucher und [&hellip;]","og_url":"https:\/\/embassyvallettahotel.com\/de\/facilities\/leisure\/cinema\/","og_site_name":"The Embassy Valletta Hotel","article_modified_time":"2022-05-16T09:23:42+00:00","og_image":[{"url":"http:\/\/embassyvallettahotel.kinsta.cloud\/wp-content\/uploads\/2020\/12\/embassy_078-scaled-e1606905265605-1024x742.jpg","type":"","width":"","height":""}],"twitter_card":"summary_large_image","twitter_misc":{"Est. reading time":"1 minute"},"schema":{"@context":"https:\/\/schema.org","@graph":[{"@type":"WebPage","@id":"https:\/\/embassyvallettahotel.com\/de\/facilities\/leisure\/cinema\/","url":"https:\/\/embassyvallettahotel.com\/de\/facilities\/leisure\/cinema\/","name":"Cinema - The Embassy Valletta Hotel","isPartOf":{"@id":"https:\/\/embassyvallettahotel.com\/de\/#website"},"primaryImageOfPage":{"@id":"https:\/\/embassyvallettahotel.com\/de\/facilities\/leisure\/cinema\/#primaryimage"},"image":{"@id":"https:\/\/embassyvallettahotel.com\/de\/facilities\/leisure\/cinema\/#primaryimage"},"thumbnailUrl":"http:\/\/embassyvallettahotel.kinsta.cloud\/wp-content\/uploads\/2020\/12\/embassy_078-scaled-e1606905265605-1024x742.jpg","datePublished":"2021-04-29T06:59:50+00:00","dateModified":"2022-05-16T09:23:42+00:00","breadcrumb":{"@id":"https:\/\/embassyvallettahotel.com\/de\/facilities\/leisure\/cinema\/#breadcrumb"},"inLanguage":"de-DE","potentialAction":[{"@type":"ReadAction","target":["https:\/\/embassyvallettahotel.com\/de\/facilities\/leisure\/cinema\/"]}]},{"@type":"ImageObject","inLanguage":"de-DE","@id":"https:\/\/embassyvallettahotel.com\/de\/facilities\/leisure\/cinema\/#primaryimage","url":"http:\/\/embassyvallettahotel.kinsta.cloud\/wp-content\/uploads\/2020\/12\/embassy_078-scaled-e1606905265605-1024x742.jpg","contentUrl":"http:\/\/embassyvallettahotel.kinsta.cloud\/wp-content\/uploads\/2020\/12\/embassy_078-scaled-e1606905265605-1024x742.jpg"},{"@type":"BreadcrumbList","@id":"https:\/\/embassyvallettahotel.com\/de\/facilities\/leisure\/cinema\/#breadcrumb","itemListElement":[{"@type":"ListItem","position":1,"name":"Home","item":"https:\/\/embassyvallettahotel.com\/de\/"},{"@type":"ListItem","position":2,"name":"Unsere Einrichtungen","item":"https:\/\/embassyvallettahotel.com\/de\/facilities\/"},{"@type":"ListItem","position":3,"name":"Leisure","item":"https:\/\/embassyvallettahotel.com\/de\/facilities\/leisure\/"},{"@type":"ListItem","position":4,"name":"Cinema"}]},{"@type":"WebSite","@id":"https:\/\/embassyvallettahotel.com\/de\/#website","url":"https:\/\/embassyvallettahotel.com\/de\/","name":"The Embassy Valletta Hotel","description":"","publisher":{"@id":"https:\/\/embassyvallettahotel.com\/de\/#organization"},"potentialAction":[{"@type":"SearchAction","target":{"@type":"EntryPoint","urlTemplate":"https:\/\/embassyvallettahotel.com\/de\/?s={search_term_string}"},"query-input":{"@type":"PropertyValueSpecification","valueRequired":true,"valueName":"search_term_string"}}],"inLanguage":"de-DE"},{"@type":"Organization","@id":"https:\/\/embassyvallettahotel.com\/de\/#organization","name":"The Embassy Valletta Hotel","url":"https:\/\/embassyvallettahotel.com\/de\/","logo":{"@type":"ImageObject","inLanguage":"de-DE","@id":"https:\/\/embassyvallettahotel.com\/de\/#\/schema\/logo\/image\/","url":"https:\/\/embassyvallettahotel.com\/wp-content\/uploads\/2019\/01\/Embassy-Valletta-Hotel-Logo-G.png","contentUrl":"https:\/\/embassyvallettahotel.com\/wp-content\/uploads\/2019\/01\/Embassy-Valletta-Hotel-Logo-G.png","width":801,"height":146,"caption":"The Embassy Valletta Hotel"},"image":{"@id":"https:\/\/embassyvallettahotel.com\/de\/#\/schema\/logo\/image\/"}}]}},"_links":{"self":[{"href":"https:\/\/embassyvallettahotel.com\/de\/wp-json\/wp\/v2\/pages\/2854","targetHints":{"allow":["GET"]}}],"collection":[{"href":"https:\/\/embassyvallettahotel.com\/de\/wp-json\/wp\/v2\/pages"}],"about":[{"href":"https:\/\/embassyvallettahotel.com\/de\/wp-json\/wp\/v2\/types\/page"}],"author":[{"embeddable":true,"href":"https:\/\/embassyvallettahotel.com\/de\/wp-json\/wp\/v2\/users\/3"}],"replies":[{"embeddable":true,"href":"https:\/\/embassyvallettahotel.com\/de\/wp-json\/wp\/v2\/comments?post=2854"}],"version-history":[{"count":0,"href":"https:\/\/embassyvallettahotel.com\/de\/wp-json\/wp\/v2\/pages\/2854\/revisions"}],"up":[{"embeddable":true,"href":"https:\/\/embassyvallettahotel.com\/de\/wp-json\/wp\/v2\/pages\/2856"}],"wp:attachment":[{"href":"https:\/\/embassyvallettahotel.com\/de\/wp-json\/wp\/v2\/media?parent=2854"}],"curies":[{"name":"wp","href":"https:\/\/api.w.org\/{rel}","templated":true}]}}