{"id":1028,"date":"2020-07-14T14:25:34","date_gmt":"2020-07-14T14:25:34","guid":{"rendered":"http:\/\/embassyvallettahotel.kinsta.cloud\/stay-with-confidence\/"},"modified":"2021-10-13T13:58:10","modified_gmt":"2021-10-13T13:58:10","slug":"restez-avec-confiance","status":"publish","type":"page","link":"https:\/\/embassyvallettahotel.com\/fr\/restez-avec-confiance\/","title":{"rendered":"RESTEZ AVEC CONFIANCE"},"content":{"rendered":"\t\t<div data-elementor-type=\"wp-page\" data-elementor-id=\"1028\" class=\"elementor elementor-1028 elementor-628\" data-elementor-post-type=\"page\">\n\t\t\t\t\t\t<section class=\"elementor-section elementor-top-section elementor-element elementor-element-ae6309d elementor-section-boxed elementor-section-height-default elementor-section-height-default\" data-id=\"ae6309d\" data-element_type=\"section\" data-e-type=\"section\">\n\t\t\t\t\t\t<div class=\"elementor-container elementor-column-gap-default\">\n\t\t\t\t\t<div class=\"elementor-column elementor-col-100 elementor-top-column elementor-element elementor-element-374ebc4\" data-id=\"374ebc4\" data-element_type=\"column\" data-e-type=\"column\">\n\t\t\t<div class=\"elementor-widget-wrap elementor-element-populated\">\n\t\t\t\t\t\t<div class=\"elementor-element elementor-element-ef85dae elementor-widget elementor-widget-heading\" data-id=\"ef85dae\" data-element_type=\"widget\" data-e-type=\"widget\" data-widget_type=\"heading.default\">\n\t\t\t\t<div class=\"elementor-widget-container\">\n\t\t\t\t\t<h2 class=\"elementor-heading-title elementor-size-xl\">RESTEZ AVEC CONFIANCE<\/h2>\t\t\t\t<\/div>\n\t\t\t\t<\/div>\n\t\t\t\t\t<\/div>\n\t\t<\/div>\n\t\t\t\t\t<\/div>\n\t\t<\/section>\n\t\t\t\t<section class=\"elementor-section elementor-top-section elementor-element elementor-element-65ea5336 elementor-section-boxed elementor-section-height-default elementor-section-height-default\" data-id=\"65ea5336\" data-element_type=\"section\" data-e-type=\"section\">\n\t\t\t\t\t\t<div class=\"elementor-container elementor-column-gap-default\">\n\t\t\t\t\t<div class=\"elementor-column elementor-col-100 elementor-top-column elementor-element elementor-element-7d6dcb0a\" data-id=\"7d6dcb0a\" data-element_type=\"column\" data-e-type=\"column\">\n\t\t\t<div class=\"elementor-widget-wrap elementor-element-populated\">\n\t\t\t\t\t\t<div class=\"elementor-element elementor-element-6b2240da elementor-widget elementor-widget-text-editor\" data-id=\"6b2240da\" data-element_type=\"widget\" data-e-type=\"widget\" data-widget_type=\"text-editor.default\">\n\t\t\t\t<div class=\"elementor-widget-container\">\n\t\t\t\t\t\t\t\t\t<p>\u00c0 l&#8217;h\u00f4tel Embassy Valletta, rien n&#8217;est plus important pour nous que la sant\u00e9 et la s\u00e9curit\u00e9 de nos clients, visiteurs et personnel. Une fois que nous ouvrirons notre nouvel h\u00f4tel, nous mettrons l&#8217;accent sur les proc\u00e9dures qui soutiendront nos normes \u00e9lev\u00e9es dans les domaines de la propret\u00e9 et de la sant\u00e9, et pour maintenir un environnement s\u00fbr et sain. Certaines des actions les plus importantes que nous prendrons comprennent:<\/p><ul><li>la mise en place de protocoles internes de pr\u00e9vention et de contr\u00f4le Covid-19, sp\u00e9cifiques \u00e0 chaque d\u00e9partement. Ces protocoles seront formul\u00e9s conform\u00e9ment aux directives \u00e9mises par les autorit\u00e9s sanitaires nationales et internationales, ainsi qu&#8217;aux documents d&#8217;orientation reconnus;<\/li><li>mesures pr\u00e9ventives dans tout l&#8217;h\u00f4tel;<\/li><li>nettoyage et d\u00e9sinfection fr\u00e9quents \u00e0 l&#8217;arri\u00e8re de la maison, dans les chambres d&#8217;h\u00f4tes et dans les espaces publics, avec un accent particulier sur les surfaces fr\u00e9quemment touch\u00e9es.<\/li><li>distribution de d\u00e9sinfectants \u00e0 base d&#8217;alcool dans tous les espaces publics;<\/li><li>les chambres seront bloqu\u00e9es pendant une p\u00e9riode d\u00e9termin\u00e9e, m\u00eame si un nettoyage et une d\u00e9sinfection en profondeur ont \u00e9t\u00e9 effectu\u00e9s apr\u00e8s le d\u00e9part du client;<\/li><li>fourniture ad\u00e9quate d&#8217;\u00e9quipements de protection individuelle, d&#8217;articles de d\u00e9sinfection et de nettoyage pour tous les employ\u00e9s;<\/li><li>suffisamment de membres du personnel affect\u00e9s et inscrits dans les groupes de travail;<\/li><li>une formation d\u00e9taill\u00e9e et des mises \u00e0 jour constantes de tout le personnel sur les mesures de pr\u00e9vention et de contr\u00f4le Covid19;<\/li><li>audits fr\u00e9quents et contr\u00f4les ponctuels par nos auditeurs internes et tiers pour s&#8217;assurer que tous les protocoles juridiques et de s\u00e9curit\u00e9 ne sont pas n\u00e9glig\u00e9s.<\/li><\/ul><p>\u00a0<\/p><p>Nous nous engageons \u00e0 faire ce qui est juste pour prot\u00e9ger votre sant\u00e9 et votre s\u00e9curit\u00e9 ainsi que pour emp\u00eacher la transmission du virus Covid19.<\/p><p>Merci pour votre confiance en notre personnel et en notre h\u00f4tel.<\/p>\t\t\t\t\t\t\t\t<\/div>\n\t\t\t\t<\/div>\n\t\t\t\t\t<\/div>\n\t\t<\/div>\n\t\t\t\t\t<\/div>\n\t\t<\/section>\n\t\t\t\t<\/div>\n\t\t","protected":false},"excerpt":{"rendered":"<p>RESTEZ AVEC CONFIANCE \u00c0 l&#8217;h\u00f4tel Embassy Valletta, rien n&#8217;est plus important pour nous que la sant\u00e9 et la s\u00e9curit\u00e9 de nos clients, visiteurs et personnel. Une fois que nous ouvrirons notre nouvel h\u00f4tel, nous mettrons l&#8217;accent sur les proc\u00e9dures qui soutiendront nos normes \u00e9lev\u00e9es dans les domaines de la propret\u00e9 et de la sant\u00e9, et [&hellip;]<\/p>\n","protected":false},"author":4,"featured_media":0,"parent":0,"menu_order":7,"comment_status":"closed","ping_status":"closed","template":"","meta":{"_acf_changed":false,"footnotes":""},"class_list":["post-1028","page","type-page","status-publish","hentry"],"acf":[],"yoast_head":"<!-- This site is optimized with the Yoast SEO plugin v27.4 - https:\/\/yoast.com\/product\/yoast-seo-wordpress\/ -->\n<title>RESTEZ AVEC CONFIANCE - The Embassy Valletta Hotel<\/title>\n<meta name=\"robots\" content=\"index, follow, max-snippet:-1, max-image-preview:large, max-video-preview:-1\" \/>\n<link rel=\"canonical\" href=\"https:\/\/embassyvallettahotel.com\/fr\/restez-avec-confiance\/\" \/>\n<meta property=\"og:locale\" content=\"fr_FR\" \/>\n<meta property=\"og:type\" content=\"article\" \/>\n<meta property=\"og:title\" content=\"RESTEZ AVEC CONFIANCE - The Embassy Valletta Hotel\" \/>\n<meta property=\"og:description\" content=\"RESTEZ AVEC CONFIANCE \u00c0 l&#8217;h\u00f4tel Embassy Valletta, rien n&#8217;est plus important pour nous que la sant\u00e9 et la s\u00e9curit\u00e9 de nos clients, visiteurs et personnel. Une fois que nous ouvrirons notre nouvel h\u00f4tel, nous mettrons l&#8217;accent sur les proc\u00e9dures qui soutiendront nos normes \u00e9lev\u00e9es dans les domaines de la propret\u00e9 et de la sant\u00e9, et [&hellip;]\" \/>\n<meta property=\"og:url\" content=\"https:\/\/embassyvallettahotel.com\/fr\/restez-avec-confiance\/\" \/>\n<meta property=\"og:site_name\" content=\"The Embassy Valletta Hotel\" \/>\n<meta property=\"article:modified_time\" content=\"2021-10-13T13:58:10+00:00\" \/>\n<meta name=\"twitter:card\" content=\"summary_large_image\" \/>\n<meta name=\"twitter:label1\" content=\"Est. reading time\" \/>\n\t<meta name=\"twitter:data1\" content=\"2 minutes\" \/>\n<script type=\"application\/ld+json\" class=\"yoast-schema-graph\">{\"@context\":\"https:\\\/\\\/schema.org\",\"@graph\":[{\"@type\":\"WebPage\",\"@id\":\"https:\\\/\\\/embassyvallettahotel.com\\\/fr\\\/restez-avec-confiance\\\/\",\"url\":\"https:\\\/\\\/embassyvallettahotel.com\\\/fr\\\/restez-avec-confiance\\\/\",\"name\":\"RESTEZ AVEC CONFIANCE - The Embassy Valletta Hotel\",\"isPartOf\":{\"@id\":\"https:\\\/\\\/embassyvallettahotel.com\\\/fr\\\/#website\"},\"datePublished\":\"2020-07-14T14:25:34+00:00\",\"dateModified\":\"2021-10-13T13:58:10+00:00\",\"breadcrumb\":{\"@id\":\"https:\\\/\\\/embassyvallettahotel.com\\\/fr\\\/restez-avec-confiance\\\/#breadcrumb\"},\"inLanguage\":\"fr-FR\",\"potentialAction\":[{\"@type\":\"ReadAction\",\"target\":[\"https:\\\/\\\/embassyvallettahotel.com\\\/fr\\\/restez-avec-confiance\\\/\"]}]},{\"@type\":\"BreadcrumbList\",\"@id\":\"https:\\\/\\\/embassyvallettahotel.com\\\/fr\\\/restez-avec-confiance\\\/#breadcrumb\",\"itemListElement\":[{\"@type\":\"ListItem\",\"position\":1,\"name\":\"Home\",\"item\":\"https:\\\/\\\/embassyvallettahotel.com\\\/fr\\\/\"},{\"@type\":\"ListItem\",\"position\":2,\"name\":\"RESTEZ AVEC CONFIANCE\"}]},{\"@type\":\"WebSite\",\"@id\":\"https:\\\/\\\/embassyvallettahotel.com\\\/fr\\\/#website\",\"url\":\"https:\\\/\\\/embassyvallettahotel.com\\\/fr\\\/\",\"name\":\"The Embassy Valletta Hotel\",\"description\":\"\",\"publisher\":{\"@id\":\"https:\\\/\\\/embassyvallettahotel.com\\\/fr\\\/#organization\"},\"potentialAction\":[{\"@type\":\"SearchAction\",\"target\":{\"@type\":\"EntryPoint\",\"urlTemplate\":\"https:\\\/\\\/embassyvallettahotel.com\\\/fr\\\/?s={search_term_string}\"},\"query-input\":{\"@type\":\"PropertyValueSpecification\",\"valueRequired\":true,\"valueName\":\"search_term_string\"}}],\"inLanguage\":\"fr-FR\"},{\"@type\":\"Organization\",\"@id\":\"https:\\\/\\\/embassyvallettahotel.com\\\/fr\\\/#organization\",\"name\":\"The Embassy Valletta Hotel\",\"url\":\"https:\\\/\\\/embassyvallettahotel.com\\\/fr\\\/\",\"logo\":{\"@type\":\"ImageObject\",\"inLanguage\":\"fr-FR\",\"@id\":\"https:\\\/\\\/embassyvallettahotel.com\\\/fr\\\/#\\\/schema\\\/logo\\\/image\\\/\",\"url\":\"https:\\\/\\\/embassyvallettahotel.com\\\/wp-content\\\/uploads\\\/2019\\\/01\\\/Embassy-Valletta-Hotel-Logo-G.png\",\"contentUrl\":\"https:\\\/\\\/embassyvallettahotel.com\\\/wp-content\\\/uploads\\\/2019\\\/01\\\/Embassy-Valletta-Hotel-Logo-G.png\",\"width\":801,\"height\":146,\"caption\":\"The Embassy Valletta Hotel\"},\"image\":{\"@id\":\"https:\\\/\\\/embassyvallettahotel.com\\\/fr\\\/#\\\/schema\\\/logo\\\/image\\\/\"}}]}<\/script>\n<!-- \/ Yoast SEO plugin. -->","yoast_head_json":{"title":"RESTEZ AVEC CONFIANCE - The Embassy Valletta Hotel","robots":{"index":"index","follow":"follow","max-snippet":"max-snippet:-1","max-image-preview":"max-image-preview:large","max-video-preview":"max-video-preview:-1"},"canonical":"https:\/\/embassyvallettahotel.com\/fr\/restez-avec-confiance\/","og_locale":"fr_FR","og_type":"article","og_title":"RESTEZ AVEC CONFIANCE - The Embassy Valletta Hotel","og_description":"RESTEZ AVEC CONFIANCE \u00c0 l&#8217;h\u00f4tel Embassy Valletta, rien n&#8217;est plus important pour nous que la sant\u00e9 et la s\u00e9curit\u00e9 de nos clients, visiteurs et personnel. Une fois que nous ouvrirons notre nouvel h\u00f4tel, nous mettrons l&#8217;accent sur les proc\u00e9dures qui soutiendront nos normes \u00e9lev\u00e9es dans les domaines de la propret\u00e9 et de la sant\u00e9, et [&hellip;]","og_url":"https:\/\/embassyvallettahotel.com\/fr\/restez-avec-confiance\/","og_site_name":"The Embassy Valletta Hotel","article_modified_time":"2021-10-13T13:58:10+00:00","twitter_card":"summary_large_image","twitter_misc":{"Est. reading time":"2 minutes"},"schema":{"@context":"https:\/\/schema.org","@graph":[{"@type":"WebPage","@id":"https:\/\/embassyvallettahotel.com\/fr\/restez-avec-confiance\/","url":"https:\/\/embassyvallettahotel.com\/fr\/restez-avec-confiance\/","name":"RESTEZ AVEC CONFIANCE - The Embassy Valletta Hotel","isPartOf":{"@id":"https:\/\/embassyvallettahotel.com\/fr\/#website"},"datePublished":"2020-07-14T14:25:34+00:00","dateModified":"2021-10-13T13:58:10+00:00","breadcrumb":{"@id":"https:\/\/embassyvallettahotel.com\/fr\/restez-avec-confiance\/#breadcrumb"},"inLanguage":"fr-FR","potentialAction":[{"@type":"ReadAction","target":["https:\/\/embassyvallettahotel.com\/fr\/restez-avec-confiance\/"]}]},{"@type":"BreadcrumbList","@id":"https:\/\/embassyvallettahotel.com\/fr\/restez-avec-confiance\/#breadcrumb","itemListElement":[{"@type":"ListItem","position":1,"name":"Home","item":"https:\/\/embassyvallettahotel.com\/fr\/"},{"@type":"ListItem","position":2,"name":"RESTEZ AVEC CONFIANCE"}]},{"@type":"WebSite","@id":"https:\/\/embassyvallettahotel.com\/fr\/#website","url":"https:\/\/embassyvallettahotel.com\/fr\/","name":"The Embassy Valletta Hotel","description":"","publisher":{"@id":"https:\/\/embassyvallettahotel.com\/fr\/#organization"},"potentialAction":[{"@type":"SearchAction","target":{"@type":"EntryPoint","urlTemplate":"https:\/\/embassyvallettahotel.com\/fr\/?s={search_term_string}"},"query-input":{"@type":"PropertyValueSpecification","valueRequired":true,"valueName":"search_term_string"}}],"inLanguage":"fr-FR"},{"@type":"Organization","@id":"https:\/\/embassyvallettahotel.com\/fr\/#organization","name":"The Embassy Valletta Hotel","url":"https:\/\/embassyvallettahotel.com\/fr\/","logo":{"@type":"ImageObject","inLanguage":"fr-FR","@id":"https:\/\/embassyvallettahotel.com\/fr\/#\/schema\/logo\/image\/","url":"https:\/\/embassyvallettahotel.com\/wp-content\/uploads\/2019\/01\/Embassy-Valletta-Hotel-Logo-G.png","contentUrl":"https:\/\/embassyvallettahotel.com\/wp-content\/uploads\/2019\/01\/Embassy-Valletta-Hotel-Logo-G.png","width":801,"height":146,"caption":"The Embassy Valletta Hotel"},"image":{"@id":"https:\/\/embassyvallettahotel.com\/fr\/#\/schema\/logo\/image\/"}}]}},"_links":{"self":[{"href":"https:\/\/embassyvallettahotel.com\/fr\/wp-json\/wp\/v2\/pages\/1028","targetHints":{"allow":["GET"]}}],"collection":[{"href":"https:\/\/embassyvallettahotel.com\/fr\/wp-json\/wp\/v2\/pages"}],"about":[{"href":"https:\/\/embassyvallettahotel.com\/fr\/wp-json\/wp\/v2\/types\/page"}],"author":[{"embeddable":true,"href":"https:\/\/embassyvallettahotel.com\/fr\/wp-json\/wp\/v2\/users\/4"}],"replies":[{"embeddable":true,"href":"https:\/\/embassyvallettahotel.com\/fr\/wp-json\/wp\/v2\/comments?post=1028"}],"version-history":[{"count":0,"href":"https:\/\/embassyvallettahotel.com\/fr\/wp-json\/wp\/v2\/pages\/1028\/revisions"}],"wp:attachment":[{"href":"https:\/\/embassyvallettahotel.com\/fr\/wp-json\/wp\/v2\/media?parent=1028"}],"curies":[{"name":"wp","href":"https:\/\/api.w.org\/{rel}","templated":true}]}}