{"id":2891,"date":"2021-04-29T08:57:02","date_gmt":"2021-04-29T08:57:02","guid":{"rendered":"https:\/\/embassyvallettahotel.kinsta.cloud\/therapy-room\/"},"modified":"2023-10-24T10:53:49","modified_gmt":"2023-10-24T10:53:49","slug":"therapy-room","status":"publish","type":"page","link":"https:\/\/embassyvallettahotel.com\/fr\/installations\/health-events\/therapy-room\/","title":{"rendered":"Therapy Room"},"content":{"rendered":"\t\t<div data-elementor-type=\"wp-page\" data-elementor-id=\"2891\" class=\"elementor elementor-2891 elementor-2141\" data-elementor-post-type=\"page\">\n\t\t\t\t\t\t<section class=\"elementor-section elementor-top-section elementor-element elementor-element-4d56c776 elementor-section-boxed elementor-section-height-default elementor-section-height-default\" data-id=\"4d56c776\" data-element_type=\"section\" data-e-type=\"section\" data-settings=\"{&quot;background_background&quot;:&quot;classic&quot;}\">\n\t\t\t\t\t\t<div class=\"elementor-container elementor-column-gap-default\">\n\t\t\t\t\t<div class=\"elementor-column elementor-col-100 elementor-top-column elementor-element elementor-element-6e24b2ee\" data-id=\"6e24b2ee\" data-element_type=\"column\" data-e-type=\"column\">\n\t\t\t<div class=\"elementor-widget-wrap elementor-element-populated\">\n\t\t\t\t\t\t<div class=\"elementor-element elementor-element-3e21a110 elementor-widget elementor-widget-spacer\" data-id=\"3e21a110\" data-element_type=\"widget\" data-e-type=\"widget\" data-widget_type=\"spacer.default\">\n\t\t\t\t<div class=\"elementor-widget-container\">\n\t\t\t\t\t\t\t<div class=\"elementor-spacer\">\n\t\t\t<div class=\"elementor-spacer-inner\"><\/div>\n\t\t<\/div>\n\t\t\t\t\t\t<\/div>\n\t\t\t\t<\/div>\n\t\t\t\t\t<\/div>\n\t\t<\/div>\n\t\t\t\t\t<\/div>\n\t\t<\/section>\n\t\t\t\t<section class=\"elementor-section elementor-top-section elementor-element elementor-element-15d987fc elementor-section-boxed elementor-section-height-default elementor-section-height-default\" data-id=\"15d987fc\" data-element_type=\"section\" data-e-type=\"section\">\n\t\t\t\t\t\t<div class=\"elementor-container elementor-column-gap-default\">\n\t\t\t\t\t<div class=\"elementor-column elementor-col-50 elementor-top-column elementor-element elementor-element-2974c76e\" data-id=\"2974c76e\" data-element_type=\"column\" data-e-type=\"column\">\n\t\t\t<div class=\"elementor-widget-wrap elementor-element-populated\">\n\t\t\t\t\t\t<div class=\"elementor-element elementor-element-20cef9d elementor-widget elementor-widget-heading\" data-id=\"20cef9d\" data-element_type=\"widget\" data-e-type=\"widget\" data-widget_type=\"heading.default\">\n\t\t\t\t<div class=\"elementor-widget-container\">\n\t\t\t\t\t<h1 class=\"elementor-heading-title elementor-size-default\">Salles de fitness et de th\u00e9rapie<\/h1>\t\t\t\t<\/div>\n\t\t\t\t<\/div>\n\t\t\t\t<div class=\"elementor-element elementor-element-76c6aac2 elementor-blockquote--skin-border elementor-widget elementor-widget-blockquote\" data-id=\"76c6aac2\" data-element_type=\"widget\" data-e-type=\"widget\" data-widget_type=\"blockquote.default\">\n\t\t\t\t<div class=\"elementor-widget-container\">\n\t\t\t\t\t\t\t<blockquote class=\"elementor-blockquote\">\n\t\t\t<p class=\"elementor-blockquote__content\">\n\t\t\t\tNous croyons que tout le monde devrait avoir la possibilit\u00e9de se sentir bien.\t\t\t<\/p>\n\t\t\t\t\t<\/blockquote>\n\t\t\t\t\t\t<\/div>\n\t\t\t\t<\/div>\n\t\t\t\t<div class=\"elementor-element elementor-element-5f7afadc elementor-widget elementor-widget-text-editor\" data-id=\"5f7afadc\" data-element_type=\"widget\" data-e-type=\"widget\" data-widget_type=\"text-editor.default\">\n\t\t\t\t<div class=\"elementor-widget-container\">\n\t\t\t\t\t\t\t\t\t<p>C\u2019est pourquoi nous vous invitons \u00e0 lib\u00e9rer votre flux d\u2019\u00e9nergie et \u00e0 vous d\u00e9tendre pendant votre s\u00e9jour \u00e0 La Valette\u2026r\u00e9servez l\u2019un des nombreux soins disponibles.  Nos esth\u00e9ticiennes qualifi\u00e9es veilleront \u00e0 ce que vous vous sentiez choy\u00e9 \u00e0 chaque minute pass\u00e9e dans notre salle de th\u00e9rapie<\/p><p>Tous les soins doivent \u00eatre r\u00e9serv\u00e9s au moins 24 heures \u00e0 l\u2019avance.<\/p><p>Et si vous ne pouvez pas manquer votre routine de remise en forme quotidienne pendant votre s\u00e9jour, visitez notre salle de remise en forme o\u00f9 vous trouverez tout l\u2019\u00e9quipement de gym n\u00e9cessaire pour vous offrir le meilleur entra\u00eenement possible pour tout le corps.<\/p>\t\t\t\t\t\t\t\t<\/div>\n\t\t\t\t<\/div>\n\t\t\t\t<div class=\"elementor-element elementor-element-1ece66e elementor-widget elementor-widget-button\" data-id=\"1ece66e\" data-element_type=\"widget\" data-e-type=\"widget\" data-widget_type=\"button.default\">\n\t\t\t\t<div class=\"elementor-widget-container\">\n\t\t\t\t\t\t\t\t\t<div class=\"elementor-button-wrapper\">\n\t\t\t\t\t<a class=\"elementor-button elementor-button-link elementor-size-sm\" href=\"https:\/\/embassyvallettahotel.com\/beauty-treatments\/\" target=\"_blank\">\n\t\t\t\t\t\t<span class=\"elementor-button-content-wrapper\">\n\t\t\t\t\t\t\t\t\t<span class=\"elementor-button-text\">Our Beauty Treatments<\/span>\n\t\t\t\t\t<\/span>\n\t\t\t\t\t<\/a>\n\t\t\t\t<\/div>\n\t\t\t\t\t\t\t\t<\/div>\n\t\t\t\t<\/div>\n\t\t\t\t\t<\/div>\n\t\t<\/div>\n\t\t\t\t<div class=\"elementor-column elementor-col-50 elementor-top-column elementor-element elementor-element-38589d4a\" data-id=\"38589d4a\" data-element_type=\"column\" data-e-type=\"column\">\n\t\t\t<div class=\"elementor-widget-wrap elementor-element-populated\">\n\t\t\t\t\t\t<div class=\"elementor-element elementor-element-316f5bc0 elementor-widget elementor-widget-image\" data-id=\"316f5bc0\" data-element_type=\"widget\" data-e-type=\"widget\" data-widget_type=\"image.default\">\n\t\t\t\t<div class=\"elementor-widget-container\">\n\t\t\t\t\t\t\t\t\t\t\t\t\t\t\t<img fetchpriority=\"high\" decoding=\"async\" width=\"800\" height=\"598\" src=\"https:\/\/embassyvallettahotel.com\/wp-content\/uploads\/2021\/05\/IMG_20210511_141336-1024x766.jpg\" class=\"attachment-large size-large wp-image-3105\" alt=\"\" srcset=\"https:\/\/embassyvallettahotel.com\/wp-content\/uploads\/2021\/05\/IMG_20210511_141336-1024x766.jpg 1024w, https:\/\/embassyvallettahotel.com\/wp-content\/uploads\/2021\/05\/IMG_20210511_141336-300x224.jpg 300w, https:\/\/embassyvallettahotel.com\/wp-content\/uploads\/2021\/05\/IMG_20210511_141336-768x575.jpg 768w, https:\/\/embassyvallettahotel.com\/wp-content\/uploads\/2021\/05\/IMG_20210511_141336-1536x1149.jpg 1536w, https:\/\/embassyvallettahotel.com\/wp-content\/uploads\/2021\/05\/IMG_20210511_141336-2048x1532.jpg 2048w, https:\/\/embassyvallettahotel.com\/wp-content\/uploads\/2021\/05\/IMG_20210511_141336-scaled-e1621855249987.jpg 1400w\" sizes=\"(max-width: 800px) 100vw, 800px\" \/>\t\t\t\t\t\t\t\t\t\t\t\t\t\t\t<\/div>\n\t\t\t\t<\/div>\n\t\t\t\t<div class=\"elementor-element elementor-element-4de1b6d9 elementor-widget__width-initial elementor-widget elementor-widget-image\" data-id=\"4de1b6d9\" data-element_type=\"widget\" data-e-type=\"widget\" data-widget_type=\"image.default\">\n\t\t\t\t<div class=\"elementor-widget-container\">\n\t\t\t\t\t\t\t\t\t\t\t\t\t\t\t<img decoding=\"async\" width=\"800\" height=\"534\" src=\"https:\/\/embassyvallettahotel.com\/wp-content\/uploads\/2021\/04\/shutterstock_1011363673-1024x683.jpeg\" class=\"attachment-large size-large wp-image-2368\" alt=\"\" srcset=\"https:\/\/embassyvallettahotel.com\/wp-content\/uploads\/2021\/04\/shutterstock_1011363673-1024x683.jpeg 1024w, https:\/\/embassyvallettahotel.com\/wp-content\/uploads\/2021\/04\/shutterstock_1011363673-300x200.jpeg 300w, https:\/\/embassyvallettahotel.com\/wp-content\/uploads\/2021\/04\/shutterstock_1011363673-768x512.jpeg 768w, https:\/\/embassyvallettahotel.com\/wp-content\/uploads\/2021\/04\/shutterstock_1011363673-1536x1024.jpeg 1536w, https:\/\/embassyvallettahotel.com\/wp-content\/uploads\/2021\/04\/shutterstock_1011363673-2048x1365.jpeg 2048w\" sizes=\"(max-width: 800px) 100vw, 800px\" \/>\t\t\t\t\t\t\t\t\t\t\t\t\t\t\t<\/div>\n\t\t\t\t<\/div>\n\t\t\t\t\t<\/div>\n\t\t<\/div>\n\t\t\t\t\t<\/div>\n\t\t<\/section>\n\t\t\t\t<\/div>\n\t\t","protected":false},"excerpt":{"rendered":"<p>Salles de fitness et de th\u00e9rapie Nous croyons que tout le monde devrait avoir la possibilit\u00e9de se sentir bien. C\u2019est pourquoi nous vous invitons \u00e0 lib\u00e9rer votre flux d\u2019\u00e9nergie et \u00e0 vous d\u00e9tendre pendant votre s\u00e9jour \u00e0 La Valette\u2026r\u00e9servez l\u2019un des nombreux soins disponibles. Nos esth\u00e9ticiennes qualifi\u00e9es veilleront \u00e0 ce que vous vous sentiez choy\u00e9 [&hellip;]<\/p>\n","protected":false},"author":3,"featured_media":0,"parent":2895,"menu_order":0,"comment_status":"closed","ping_status":"closed","template":"","meta":{"_acf_changed":false,"footnotes":""},"class_list":["post-2891","page","type-page","status-publish","hentry"],"acf":[],"yoast_head":"<!-- This site is optimized with the Yoast SEO plugin v27.3 - https:\/\/yoast.com\/product\/yoast-seo-wordpress\/ -->\n<title>Therapy Room - The Embassy Valletta Hotel<\/title>\n<meta name=\"robots\" content=\"index, follow, max-snippet:-1, max-image-preview:large, max-video-preview:-1\" \/>\n<link rel=\"canonical\" href=\"https:\/\/embassyvallettahotel.com\/fr\/installations\/health-events\/therapy-room\/\" \/>\n<meta property=\"og:locale\" content=\"fr_FR\" \/>\n<meta property=\"og:type\" content=\"article\" \/>\n<meta property=\"og:title\" content=\"Therapy Room - The Embassy Valletta Hotel\" \/>\n<meta property=\"og:description\" content=\"Salles de fitness et de th\u00e9rapie Nous croyons que tout le monde devrait avoir la possibilit\u00e9de se sentir bien. C\u2019est pourquoi nous vous invitons \u00e0 lib\u00e9rer votre flux d\u2019\u00e9nergie et \u00e0 vous d\u00e9tendre pendant votre s\u00e9jour \u00e0 La Valette\u2026r\u00e9servez l\u2019un des nombreux soins disponibles. Nos esth\u00e9ticiennes qualifi\u00e9es veilleront \u00e0 ce que vous vous sentiez choy\u00e9 [&hellip;]\" \/>\n<meta property=\"og:url\" content=\"https:\/\/embassyvallettahotel.com\/fr\/installations\/health-events\/therapy-room\/\" \/>\n<meta property=\"og:site_name\" content=\"The Embassy Valletta Hotel\" \/>\n<meta property=\"article:modified_time\" content=\"2023-10-24T10:53:49+00:00\" \/>\n<meta property=\"og:image\" content=\"https:\/\/embassyvallettahotel.com\/wp-content\/uploads\/2021\/05\/IMG_20210511_141336-1024x766.jpg\" \/>\n<meta name=\"twitter:card\" content=\"summary_large_image\" \/>\n<meta name=\"twitter:label1\" content=\"Est. reading time\" \/>\n\t<meta name=\"twitter:data1\" content=\"1 minute\" \/>\n<script type=\"application\/ld+json\" class=\"yoast-schema-graph\">{\"@context\":\"https:\\\/\\\/schema.org\",\"@graph\":[{\"@type\":\"WebPage\",\"@id\":\"https:\\\/\\\/embassyvallettahotel.com\\\/fr\\\/installations\\\/health-events\\\/therapy-room\\\/\",\"url\":\"https:\\\/\\\/embassyvallettahotel.com\\\/fr\\\/installations\\\/health-events\\\/therapy-room\\\/\",\"name\":\"Therapy Room - The Embassy Valletta Hotel\",\"isPartOf\":{\"@id\":\"https:\\\/\\\/embassyvallettahotel.com\\\/fr\\\/#website\"},\"primaryImageOfPage\":{\"@id\":\"https:\\\/\\\/embassyvallettahotel.com\\\/fr\\\/installations\\\/health-events\\\/therapy-room\\\/#primaryimage\"},\"image\":{\"@id\":\"https:\\\/\\\/embassyvallettahotel.com\\\/fr\\\/installations\\\/health-events\\\/therapy-room\\\/#primaryimage\"},\"thumbnailUrl\":\"https:\\\/\\\/embassyvallettahotel.com\\\/wp-content\\\/uploads\\\/2021\\\/05\\\/IMG_20210511_141336-1024x766.jpg\",\"datePublished\":\"2021-04-29T08:57:02+00:00\",\"dateModified\":\"2023-10-24T10:53:49+00:00\",\"breadcrumb\":{\"@id\":\"https:\\\/\\\/embassyvallettahotel.com\\\/fr\\\/installations\\\/health-events\\\/therapy-room\\\/#breadcrumb\"},\"inLanguage\":\"fr-FR\",\"potentialAction\":[{\"@type\":\"ReadAction\",\"target\":[\"https:\\\/\\\/embassyvallettahotel.com\\\/fr\\\/installations\\\/health-events\\\/therapy-room\\\/\"]}]},{\"@type\":\"ImageObject\",\"inLanguage\":\"fr-FR\",\"@id\":\"https:\\\/\\\/embassyvallettahotel.com\\\/fr\\\/installations\\\/health-events\\\/therapy-room\\\/#primaryimage\",\"url\":\"https:\\\/\\\/embassyvallettahotel.com\\\/wp-content\\\/uploads\\\/2021\\\/05\\\/IMG_20210511_141336-1024x766.jpg\",\"contentUrl\":\"https:\\\/\\\/embassyvallettahotel.com\\\/wp-content\\\/uploads\\\/2021\\\/05\\\/IMG_20210511_141336-1024x766.jpg\"},{\"@type\":\"BreadcrumbList\",\"@id\":\"https:\\\/\\\/embassyvallettahotel.com\\\/fr\\\/installations\\\/health-events\\\/therapy-room\\\/#breadcrumb\",\"itemListElement\":[{\"@type\":\"ListItem\",\"position\":1,\"name\":\"Home\",\"item\":\"https:\\\/\\\/embassyvallettahotel.com\\\/fr\\\/\"},{\"@type\":\"ListItem\",\"position\":2,\"name\":\"INSTALLATIONS\",\"item\":\"https:\\\/\\\/embassyvallettahotel.com\\\/fr\\\/installations\\\/\"},{\"@type\":\"ListItem\",\"position\":3,\"name\":\"Health &#038; Events\",\"item\":\"https:\\\/\\\/embassyvallettahotel.com\\\/fr\\\/installations\\\/health-events\\\/\"},{\"@type\":\"ListItem\",\"position\":4,\"name\":\"Therapy Room\"}]},{\"@type\":\"WebSite\",\"@id\":\"https:\\\/\\\/embassyvallettahotel.com\\\/fr\\\/#website\",\"url\":\"https:\\\/\\\/embassyvallettahotel.com\\\/fr\\\/\",\"name\":\"The Embassy Valletta Hotel\",\"description\":\"\",\"publisher\":{\"@id\":\"https:\\\/\\\/embassyvallettahotel.com\\\/fr\\\/#organization\"},\"potentialAction\":[{\"@type\":\"SearchAction\",\"target\":{\"@type\":\"EntryPoint\",\"urlTemplate\":\"https:\\\/\\\/embassyvallettahotel.com\\\/fr\\\/?s={search_term_string}\"},\"query-input\":{\"@type\":\"PropertyValueSpecification\",\"valueRequired\":true,\"valueName\":\"search_term_string\"}}],\"inLanguage\":\"fr-FR\"},{\"@type\":\"Organization\",\"@id\":\"https:\\\/\\\/embassyvallettahotel.com\\\/fr\\\/#organization\",\"name\":\"The Embassy Valletta Hotel\",\"url\":\"https:\\\/\\\/embassyvallettahotel.com\\\/fr\\\/\",\"logo\":{\"@type\":\"ImageObject\",\"inLanguage\":\"fr-FR\",\"@id\":\"https:\\\/\\\/embassyvallettahotel.com\\\/fr\\\/#\\\/schema\\\/logo\\\/image\\\/\",\"url\":\"https:\\\/\\\/embassyvallettahotel.com\\\/wp-content\\\/uploads\\\/2019\\\/01\\\/Embassy-Valletta-Hotel-Logo-G.png\",\"contentUrl\":\"https:\\\/\\\/embassyvallettahotel.com\\\/wp-content\\\/uploads\\\/2019\\\/01\\\/Embassy-Valletta-Hotel-Logo-G.png\",\"width\":801,\"height\":146,\"caption\":\"The Embassy Valletta Hotel\"},\"image\":{\"@id\":\"https:\\\/\\\/embassyvallettahotel.com\\\/fr\\\/#\\\/schema\\\/logo\\\/image\\\/\"}}]}<\/script>\n<!-- \/ Yoast SEO plugin. -->","yoast_head_json":{"title":"Therapy Room - The Embassy Valletta Hotel","robots":{"index":"index","follow":"follow","max-snippet":"max-snippet:-1","max-image-preview":"max-image-preview:large","max-video-preview":"max-video-preview:-1"},"canonical":"https:\/\/embassyvallettahotel.com\/fr\/installations\/health-events\/therapy-room\/","og_locale":"fr_FR","og_type":"article","og_title":"Therapy Room - The Embassy Valletta Hotel","og_description":"Salles de fitness et de th\u00e9rapie Nous croyons que tout le monde devrait avoir la possibilit\u00e9de se sentir bien. C\u2019est pourquoi nous vous invitons \u00e0 lib\u00e9rer votre flux d\u2019\u00e9nergie et \u00e0 vous d\u00e9tendre pendant votre s\u00e9jour \u00e0 La Valette\u2026r\u00e9servez l\u2019un des nombreux soins disponibles. Nos esth\u00e9ticiennes qualifi\u00e9es veilleront \u00e0 ce que vous vous sentiez choy\u00e9 [&hellip;]","og_url":"https:\/\/embassyvallettahotel.com\/fr\/installations\/health-events\/therapy-room\/","og_site_name":"The Embassy Valletta Hotel","article_modified_time":"2023-10-24T10:53:49+00:00","og_image":[{"url":"https:\/\/embassyvallettahotel.com\/wp-content\/uploads\/2021\/05\/IMG_20210511_141336-1024x766.jpg","type":"","width":"","height":""}],"twitter_card":"summary_large_image","twitter_misc":{"Est. reading time":"1 minute"},"schema":{"@context":"https:\/\/schema.org","@graph":[{"@type":"WebPage","@id":"https:\/\/embassyvallettahotel.com\/fr\/installations\/health-events\/therapy-room\/","url":"https:\/\/embassyvallettahotel.com\/fr\/installations\/health-events\/therapy-room\/","name":"Therapy Room - The Embassy Valletta Hotel","isPartOf":{"@id":"https:\/\/embassyvallettahotel.com\/fr\/#website"},"primaryImageOfPage":{"@id":"https:\/\/embassyvallettahotel.com\/fr\/installations\/health-events\/therapy-room\/#primaryimage"},"image":{"@id":"https:\/\/embassyvallettahotel.com\/fr\/installations\/health-events\/therapy-room\/#primaryimage"},"thumbnailUrl":"https:\/\/embassyvallettahotel.com\/wp-content\/uploads\/2021\/05\/IMG_20210511_141336-1024x766.jpg","datePublished":"2021-04-29T08:57:02+00:00","dateModified":"2023-10-24T10:53:49+00:00","breadcrumb":{"@id":"https:\/\/embassyvallettahotel.com\/fr\/installations\/health-events\/therapy-room\/#breadcrumb"},"inLanguage":"fr-FR","potentialAction":[{"@type":"ReadAction","target":["https:\/\/embassyvallettahotel.com\/fr\/installations\/health-events\/therapy-room\/"]}]},{"@type":"ImageObject","inLanguage":"fr-FR","@id":"https:\/\/embassyvallettahotel.com\/fr\/installations\/health-events\/therapy-room\/#primaryimage","url":"https:\/\/embassyvallettahotel.com\/wp-content\/uploads\/2021\/05\/IMG_20210511_141336-1024x766.jpg","contentUrl":"https:\/\/embassyvallettahotel.com\/wp-content\/uploads\/2021\/05\/IMG_20210511_141336-1024x766.jpg"},{"@type":"BreadcrumbList","@id":"https:\/\/embassyvallettahotel.com\/fr\/installations\/health-events\/therapy-room\/#breadcrumb","itemListElement":[{"@type":"ListItem","position":1,"name":"Home","item":"https:\/\/embassyvallettahotel.com\/fr\/"},{"@type":"ListItem","position":2,"name":"INSTALLATIONS","item":"https:\/\/embassyvallettahotel.com\/fr\/installations\/"},{"@type":"ListItem","position":3,"name":"Health &#038; Events","item":"https:\/\/embassyvallettahotel.com\/fr\/installations\/health-events\/"},{"@type":"ListItem","position":4,"name":"Therapy Room"}]},{"@type":"WebSite","@id":"https:\/\/embassyvallettahotel.com\/fr\/#website","url":"https:\/\/embassyvallettahotel.com\/fr\/","name":"The Embassy Valletta Hotel","description":"","publisher":{"@id":"https:\/\/embassyvallettahotel.com\/fr\/#organization"},"potentialAction":[{"@type":"SearchAction","target":{"@type":"EntryPoint","urlTemplate":"https:\/\/embassyvallettahotel.com\/fr\/?s={search_term_string}"},"query-input":{"@type":"PropertyValueSpecification","valueRequired":true,"valueName":"search_term_string"}}],"inLanguage":"fr-FR"},{"@type":"Organization","@id":"https:\/\/embassyvallettahotel.com\/fr\/#organization","name":"The Embassy Valletta Hotel","url":"https:\/\/embassyvallettahotel.com\/fr\/","logo":{"@type":"ImageObject","inLanguage":"fr-FR","@id":"https:\/\/embassyvallettahotel.com\/fr\/#\/schema\/logo\/image\/","url":"https:\/\/embassyvallettahotel.com\/wp-content\/uploads\/2019\/01\/Embassy-Valletta-Hotel-Logo-G.png","contentUrl":"https:\/\/embassyvallettahotel.com\/wp-content\/uploads\/2019\/01\/Embassy-Valletta-Hotel-Logo-G.png","width":801,"height":146,"caption":"The Embassy Valletta Hotel"},"image":{"@id":"https:\/\/embassyvallettahotel.com\/fr\/#\/schema\/logo\/image\/"}}]}},"_links":{"self":[{"href":"https:\/\/embassyvallettahotel.com\/fr\/wp-json\/wp\/v2\/pages\/2891","targetHints":{"allow":["GET"]}}],"collection":[{"href":"https:\/\/embassyvallettahotel.com\/fr\/wp-json\/wp\/v2\/pages"}],"about":[{"href":"https:\/\/embassyvallettahotel.com\/fr\/wp-json\/wp\/v2\/types\/page"}],"author":[{"embeddable":true,"href":"https:\/\/embassyvallettahotel.com\/fr\/wp-json\/wp\/v2\/users\/3"}],"replies":[{"embeddable":true,"href":"https:\/\/embassyvallettahotel.com\/fr\/wp-json\/wp\/v2\/comments?post=2891"}],"version-history":[{"count":1,"href":"https:\/\/embassyvallettahotel.com\/fr\/wp-json\/wp\/v2\/pages\/2891\/revisions"}],"predecessor-version":[{"id":8388,"href":"https:\/\/embassyvallettahotel.com\/fr\/wp-json\/wp\/v2\/pages\/2891\/revisions\/8388"}],"up":[{"embeddable":true,"href":"https:\/\/embassyvallettahotel.com\/fr\/wp-json\/wp\/v2\/pages\/2895"}],"wp:attachment":[{"href":"https:\/\/embassyvallettahotel.com\/fr\/wp-json\/wp\/v2\/media?parent=2891"}],"curies":[{"name":"wp","href":"https:\/\/api.w.org\/{rel}","templated":true}]}}