{"id":2893,"date":"2021-04-29T08:57:10","date_gmt":"2021-04-29T08:57:10","guid":{"rendered":"https:\/\/embassyvallettahotel.kinsta.cloud\/the-roof-deck-pool\/"},"modified":"2022-07-11T13:13:33","modified_gmt":"2022-07-11T13:13:33","slug":"the-roof-deck-pool","status":"publish","type":"page","link":"https:\/\/embassyvallettahotel.com\/fr\/installations\/health-events\/the-roof-deck-pool\/","title":{"rendered":"The Roof Deck Pool"},"content":{"rendered":"\t\t<div data-elementor-type=\"wp-page\" data-elementor-id=\"2893\" class=\"elementor elementor-2893 elementor-2137\" data-elementor-post-type=\"page\">\n\t\t\t\t\t\t<section class=\"elementor-section elementor-top-section elementor-element elementor-element-23a07345 elementor-section-boxed elementor-section-height-default elementor-section-height-default\" data-id=\"23a07345\" data-element_type=\"section\" data-e-type=\"section\" data-settings=\"{&quot;background_background&quot;:&quot;classic&quot;}\">\n\t\t\t\t\t\t<div class=\"elementor-container elementor-column-gap-default\">\n\t\t\t\t\t<div class=\"elementor-column elementor-col-100 elementor-top-column elementor-element elementor-element-2c309a03\" data-id=\"2c309a03\" data-element_type=\"column\" data-e-type=\"column\">\n\t\t\t<div class=\"elementor-widget-wrap elementor-element-populated\">\n\t\t\t\t\t\t<div class=\"elementor-element elementor-element-41bd03c5 elementor-widget elementor-widget-spacer\" data-id=\"41bd03c5\" data-element_type=\"widget\" data-e-type=\"widget\" data-widget_type=\"spacer.default\">\n\t\t\t\t<div class=\"elementor-widget-container\">\n\t\t\t\t\t\t\t<div class=\"elementor-spacer\">\n\t\t\t<div class=\"elementor-spacer-inner\"><\/div>\n\t\t<\/div>\n\t\t\t\t\t\t<\/div>\n\t\t\t\t<\/div>\n\t\t\t\t\t<\/div>\n\t\t<\/div>\n\t\t\t\t\t<\/div>\n\t\t<\/section>\n\t\t\t\t<section class=\"elementor-section elementor-top-section elementor-element elementor-element-79b99099 elementor-section-boxed elementor-section-height-default elementor-section-height-default\" data-id=\"79b99099\" data-element_type=\"section\" data-e-type=\"section\">\n\t\t\t\t\t\t<div class=\"elementor-container elementor-column-gap-default\">\n\t\t\t\t\t<div class=\"elementor-column elementor-col-50 elementor-top-column elementor-element elementor-element-2275d398\" data-id=\"2275d398\" data-element_type=\"column\" data-e-type=\"column\">\n\t\t\t<div class=\"elementor-widget-wrap elementor-element-populated\">\n\t\t\t\t\t\t<div class=\"elementor-element elementor-element-293d0651 elementor-widget elementor-widget-heading\" data-id=\"293d0651\" data-element_type=\"widget\" data-e-type=\"widget\" data-widget_type=\"heading.default\">\n\t\t\t\t<div class=\"elementor-widget-container\">\n\t\t\t\t\t<h1 class=\"elementor-heading-title elementor-size-default\">The Roof DECK<\/h1>\t\t\t\t<\/div>\n\t\t\t\t<\/div>\n\t\t\t\t<div class=\"elementor-element elementor-element-24926ebb elementor-blockquote--skin-border elementor-widget elementor-widget-blockquote\" data-id=\"24926ebb\" data-element_type=\"widget\" data-e-type=\"widget\" data-widget_type=\"blockquote.default\">\n\t\t\t\t<div class=\"elementor-widget-container\">\n\t\t\t\t\t\t\t<blockquote class=\"elementor-blockquote\">\n\t\t\t<p class=\"elementor-blockquote__content\">\n\t\t\t\tD\u00e9tendez-vous dans notre piscine ext\u00e9rieure chauff\u00e9e, au-dessus de la ville\u2026 \u00e0 tout moment de l\u2019ann\u00e9e. \t\t\t<\/p>\n\t\t\t\t\t<\/blockquote>\n\t\t\t\t\t\t<\/div>\n\t\t\t\t<\/div>\n\t\t\t\t<div class=\"elementor-element elementor-element-937198b elementor-widget elementor-widget-text-editor\" data-id=\"937198b\" data-element_type=\"widget\" data-e-type=\"widget\" data-widget_type=\"text-editor.default\">\n\t\t\t\t<div class=\"elementor-widget-container\">\n\t\t\t\t\t\t\t\t\t<p>La terrasse ensoleill\u00e9e sur le toit est intime, mais infinie.  Vous serez subjugu\u00e9 par le panorama depuis le 7\u00e8me \u00e9tage de notre h\u00f4tel tandis que vous flotterez litt\u00e9ralement au-dessus de la ville.  Et si vous avez besoin de vous rafa\u00eechir, demandez au personnel de la piscine quelques-uns des incroyables cocktails disponibles au bar de la piscine.<\/p><p>Le Roof Deck est \u00e9galement disponible pour des soir\u00e9es et \u00e9v\u00e9nements priv\u00e9s. Des serviettes,des transats et des chaises sont disponibles autour de la piscine.<\/p><p>\u00a0<\/p>\t\t\t\t\t\t\t\t<\/div>\n\t\t\t\t<\/div>\n\t\t\t\t\t<\/div>\n\t\t<\/div>\n\t\t\t\t<div class=\"elementor-column elementor-col-50 elementor-top-column elementor-element elementor-element-26a2ef06\" data-id=\"26a2ef06\" data-element_type=\"column\" data-e-type=\"column\">\n\t\t\t<div class=\"elementor-widget-wrap elementor-element-populated\">\n\t\t\t\t\t\t<div class=\"elementor-element elementor-element-786558b4 elementor-widget elementor-widget-image\" data-id=\"786558b4\" data-element_type=\"widget\" data-e-type=\"widget\" data-widget_type=\"image.default\">\n\t\t\t\t<div class=\"elementor-widget-container\">\n\t\t\t\t\t\t\t\t\t\t\t\t\t\t\t<img fetchpriority=\"high\" decoding=\"async\" width=\"800\" height=\"533\" src=\"https:\/\/embassyvallettahotel.com\/wp-content\/uploads\/2021\/04\/Embassy-Hotel-Part-3-385-1-1024x682.jpg\" class=\"attachment-large size-large wp-image-2220\" alt=\"\" srcset=\"https:\/\/embassyvallettahotel.com\/wp-content\/uploads\/2021\/04\/Embassy-Hotel-Part-3-385-1-1024x682.jpg 1024w, https:\/\/embassyvallettahotel.com\/wp-content\/uploads\/2021\/04\/Embassy-Hotel-Part-3-385-1-300x200.jpg 300w, https:\/\/embassyvallettahotel.com\/wp-content\/uploads\/2021\/04\/Embassy-Hotel-Part-3-385-1-768x512.jpg 768w, https:\/\/embassyvallettahotel.com\/wp-content\/uploads\/2021\/04\/Embassy-Hotel-Part-3-385-1-1536x1024.jpg 1536w, https:\/\/embassyvallettahotel.com\/wp-content\/uploads\/2021\/04\/Embassy-Hotel-Part-3-385-1.jpg 2000w\" sizes=\"(max-width: 800px) 100vw, 800px\" \/>\t\t\t\t\t\t\t\t\t\t\t\t\t\t\t<\/div>\n\t\t\t\t<\/div>\n\t\t\t\t<div class=\"elementor-element elementor-element-5fddf9f4 elementor-widget__width-initial elementor-widget elementor-widget-image\" data-id=\"5fddf9f4\" data-element_type=\"widget\" data-e-type=\"widget\" data-widget_type=\"image.default\">\n\t\t\t\t<div class=\"elementor-widget-container\">\n\t\t\t\t\t\t\t\t\t\t\t\t\t\t\t<img decoding=\"async\" width=\"800\" height=\"534\" src=\"https:\/\/embassyvallettahotel.com\/wp-content\/uploads\/2021\/04\/Embassy-Hotel-Part-3-465-2-1.jpg\" class=\"attachment-large size-large wp-image-2244\" alt=\"\" srcset=\"https:\/\/embassyvallettahotel.com\/wp-content\/uploads\/2021\/04\/Embassy-Hotel-Part-3-465-2-1.jpg 1000w, https:\/\/embassyvallettahotel.com\/wp-content\/uploads\/2021\/04\/Embassy-Hotel-Part-3-465-2-1-300x200.jpg 300w, https:\/\/embassyvallettahotel.com\/wp-content\/uploads\/2021\/04\/Embassy-Hotel-Part-3-465-2-1-768x512.jpg 768w\" sizes=\"(max-width: 800px) 100vw, 800px\" \/>\t\t\t\t\t\t\t\t\t\t\t\t\t\t\t<\/div>\n\t\t\t\t<\/div>\n\t\t\t\t\t<\/div>\n\t\t<\/div>\n\t\t\t\t\t<\/div>\n\t\t<\/section>\n\t\t\t\t<\/div>\n\t\t","protected":false},"excerpt":{"rendered":"<p>The Roof DECK D\u00e9tendez-vous dans notre piscine ext\u00e9rieure chauff\u00e9e, au-dessus de la ville\u2026 \u00e0 tout moment de l\u2019ann\u00e9e. La terrasse ensoleill\u00e9e sur le toit est intime, mais infinie. Vous serez subjugu\u00e9 par le panorama depuis le 7\u00e8me \u00e9tage de notre h\u00f4tel tandis que vous flotterez litt\u00e9ralement au-dessus de la ville. Et si vous avez besoin [&hellip;]<\/p>\n","protected":false},"author":3,"featured_media":0,"parent":2895,"menu_order":0,"comment_status":"closed","ping_status":"closed","template":"","meta":{"_acf_changed":false,"footnotes":""},"class_list":["post-2893","page","type-page","status-publish","hentry"],"acf":[],"yoast_head":"<!-- This site is optimized with the Yoast SEO plugin v27.3 - https:\/\/yoast.com\/product\/yoast-seo-wordpress\/ -->\n<title>The Roof Deck Pool - The Embassy Valletta Hotel<\/title>\n<meta name=\"robots\" content=\"index, follow, max-snippet:-1, max-image-preview:large, max-video-preview:-1\" \/>\n<link rel=\"canonical\" href=\"https:\/\/embassyvallettahotel.com\/fr\/installations\/health-events\/the-roof-deck-pool\/\" \/>\n<meta property=\"og:locale\" content=\"fr_FR\" \/>\n<meta property=\"og:type\" content=\"article\" \/>\n<meta property=\"og:title\" content=\"The Roof Deck Pool - The Embassy Valletta Hotel\" \/>\n<meta property=\"og:description\" content=\"The Roof DECK D\u00e9tendez-vous dans notre piscine ext\u00e9rieure chauff\u00e9e, au-dessus de la ville\u2026 \u00e0 tout moment de l\u2019ann\u00e9e. La terrasse ensoleill\u00e9e sur le toit est intime, mais infinie. Vous serez subjugu\u00e9 par le panorama depuis le 7\u00e8me \u00e9tage de notre h\u00f4tel tandis que vous flotterez litt\u00e9ralement au-dessus de la ville. Et si vous avez besoin [&hellip;]\" \/>\n<meta property=\"og:url\" content=\"https:\/\/embassyvallettahotel.com\/fr\/installations\/health-events\/the-roof-deck-pool\/\" \/>\n<meta property=\"og:site_name\" content=\"The Embassy Valletta Hotel\" \/>\n<meta property=\"article:modified_time\" content=\"2022-07-11T13:13:33+00:00\" \/>\n<meta property=\"og:image\" content=\"http:\/\/embassyvallettahotel.kinsta.cloud\/wp-content\/uploads\/2021\/04\/Embassy-Hotel-Part-3-385-1-1024x682.jpg\" \/>\n<meta name=\"twitter:card\" content=\"summary_large_image\" \/>\n<meta name=\"twitter:label1\" content=\"Est. reading time\" \/>\n\t<meta name=\"twitter:data1\" content=\"1 minute\" \/>\n<script type=\"application\/ld+json\" class=\"yoast-schema-graph\">{\"@context\":\"https:\\\/\\\/schema.org\",\"@graph\":[{\"@type\":\"WebPage\",\"@id\":\"https:\\\/\\\/embassyvallettahotel.com\\\/fr\\\/installations\\\/health-events\\\/the-roof-deck-pool\\\/\",\"url\":\"https:\\\/\\\/embassyvallettahotel.com\\\/fr\\\/installations\\\/health-events\\\/the-roof-deck-pool\\\/\",\"name\":\"The Roof Deck Pool - The Embassy Valletta Hotel\",\"isPartOf\":{\"@id\":\"https:\\\/\\\/embassyvallettahotel.com\\\/fr\\\/#website\"},\"primaryImageOfPage\":{\"@id\":\"https:\\\/\\\/embassyvallettahotel.com\\\/fr\\\/installations\\\/health-events\\\/the-roof-deck-pool\\\/#primaryimage\"},\"image\":{\"@id\":\"https:\\\/\\\/embassyvallettahotel.com\\\/fr\\\/installations\\\/health-events\\\/the-roof-deck-pool\\\/#primaryimage\"},\"thumbnailUrl\":\"http:\\\/\\\/embassyvallettahotel.kinsta.cloud\\\/wp-content\\\/uploads\\\/2021\\\/04\\\/Embassy-Hotel-Part-3-385-1-1024x682.jpg\",\"datePublished\":\"2021-04-29T08:57:10+00:00\",\"dateModified\":\"2022-07-11T13:13:33+00:00\",\"breadcrumb\":{\"@id\":\"https:\\\/\\\/embassyvallettahotel.com\\\/fr\\\/installations\\\/health-events\\\/the-roof-deck-pool\\\/#breadcrumb\"},\"inLanguage\":\"fr-FR\",\"potentialAction\":[{\"@type\":\"ReadAction\",\"target\":[\"https:\\\/\\\/embassyvallettahotel.com\\\/fr\\\/installations\\\/health-events\\\/the-roof-deck-pool\\\/\"]}]},{\"@type\":\"ImageObject\",\"inLanguage\":\"fr-FR\",\"@id\":\"https:\\\/\\\/embassyvallettahotel.com\\\/fr\\\/installations\\\/health-events\\\/the-roof-deck-pool\\\/#primaryimage\",\"url\":\"http:\\\/\\\/embassyvallettahotel.kinsta.cloud\\\/wp-content\\\/uploads\\\/2021\\\/04\\\/Embassy-Hotel-Part-3-385-1-1024x682.jpg\",\"contentUrl\":\"http:\\\/\\\/embassyvallettahotel.kinsta.cloud\\\/wp-content\\\/uploads\\\/2021\\\/04\\\/Embassy-Hotel-Part-3-385-1-1024x682.jpg\"},{\"@type\":\"BreadcrumbList\",\"@id\":\"https:\\\/\\\/embassyvallettahotel.com\\\/fr\\\/installations\\\/health-events\\\/the-roof-deck-pool\\\/#breadcrumb\",\"itemListElement\":[{\"@type\":\"ListItem\",\"position\":1,\"name\":\"Home\",\"item\":\"https:\\\/\\\/embassyvallettahotel.com\\\/fr\\\/\"},{\"@type\":\"ListItem\",\"position\":2,\"name\":\"INSTALLATIONS\",\"item\":\"https:\\\/\\\/embassyvallettahotel.com\\\/fr\\\/installations\\\/\"},{\"@type\":\"ListItem\",\"position\":3,\"name\":\"Health &#038; Events\",\"item\":\"https:\\\/\\\/embassyvallettahotel.com\\\/fr\\\/installations\\\/health-events\\\/\"},{\"@type\":\"ListItem\",\"position\":4,\"name\":\"The Roof Deck Pool\"}]},{\"@type\":\"WebSite\",\"@id\":\"https:\\\/\\\/embassyvallettahotel.com\\\/fr\\\/#website\",\"url\":\"https:\\\/\\\/embassyvallettahotel.com\\\/fr\\\/\",\"name\":\"The Embassy Valletta Hotel\",\"description\":\"\",\"publisher\":{\"@id\":\"https:\\\/\\\/embassyvallettahotel.com\\\/fr\\\/#organization\"},\"potentialAction\":[{\"@type\":\"SearchAction\",\"target\":{\"@type\":\"EntryPoint\",\"urlTemplate\":\"https:\\\/\\\/embassyvallettahotel.com\\\/fr\\\/?s={search_term_string}\"},\"query-input\":{\"@type\":\"PropertyValueSpecification\",\"valueRequired\":true,\"valueName\":\"search_term_string\"}}],\"inLanguage\":\"fr-FR\"},{\"@type\":\"Organization\",\"@id\":\"https:\\\/\\\/embassyvallettahotel.com\\\/fr\\\/#organization\",\"name\":\"The Embassy Valletta Hotel\",\"url\":\"https:\\\/\\\/embassyvallettahotel.com\\\/fr\\\/\",\"logo\":{\"@type\":\"ImageObject\",\"inLanguage\":\"fr-FR\",\"@id\":\"https:\\\/\\\/embassyvallettahotel.com\\\/fr\\\/#\\\/schema\\\/logo\\\/image\\\/\",\"url\":\"https:\\\/\\\/embassyvallettahotel.com\\\/wp-content\\\/uploads\\\/2019\\\/01\\\/Embassy-Valletta-Hotel-Logo-G.png\",\"contentUrl\":\"https:\\\/\\\/embassyvallettahotel.com\\\/wp-content\\\/uploads\\\/2019\\\/01\\\/Embassy-Valletta-Hotel-Logo-G.png\",\"width\":801,\"height\":146,\"caption\":\"The Embassy Valletta Hotel\"},\"image\":{\"@id\":\"https:\\\/\\\/embassyvallettahotel.com\\\/fr\\\/#\\\/schema\\\/logo\\\/image\\\/\"}}]}<\/script>\n<!-- \/ Yoast SEO plugin. -->","yoast_head_json":{"title":"The Roof Deck Pool - The Embassy Valletta Hotel","robots":{"index":"index","follow":"follow","max-snippet":"max-snippet:-1","max-image-preview":"max-image-preview:large","max-video-preview":"max-video-preview:-1"},"canonical":"https:\/\/embassyvallettahotel.com\/fr\/installations\/health-events\/the-roof-deck-pool\/","og_locale":"fr_FR","og_type":"article","og_title":"The Roof Deck Pool - The Embassy Valletta Hotel","og_description":"The Roof DECK D\u00e9tendez-vous dans notre piscine ext\u00e9rieure chauff\u00e9e, au-dessus de la ville\u2026 \u00e0 tout moment de l\u2019ann\u00e9e. La terrasse ensoleill\u00e9e sur le toit est intime, mais infinie. Vous serez subjugu\u00e9 par le panorama depuis le 7\u00e8me \u00e9tage de notre h\u00f4tel tandis que vous flotterez litt\u00e9ralement au-dessus de la ville. Et si vous avez besoin [&hellip;]","og_url":"https:\/\/embassyvallettahotel.com\/fr\/installations\/health-events\/the-roof-deck-pool\/","og_site_name":"The Embassy Valletta Hotel","article_modified_time":"2022-07-11T13:13:33+00:00","og_image":[{"url":"http:\/\/embassyvallettahotel.kinsta.cloud\/wp-content\/uploads\/2021\/04\/Embassy-Hotel-Part-3-385-1-1024x682.jpg","type":"","width":"","height":""}],"twitter_card":"summary_large_image","twitter_misc":{"Est. reading time":"1 minute"},"schema":{"@context":"https:\/\/schema.org","@graph":[{"@type":"WebPage","@id":"https:\/\/embassyvallettahotel.com\/fr\/installations\/health-events\/the-roof-deck-pool\/","url":"https:\/\/embassyvallettahotel.com\/fr\/installations\/health-events\/the-roof-deck-pool\/","name":"The Roof Deck Pool - The Embassy Valletta Hotel","isPartOf":{"@id":"https:\/\/embassyvallettahotel.com\/fr\/#website"},"primaryImageOfPage":{"@id":"https:\/\/embassyvallettahotel.com\/fr\/installations\/health-events\/the-roof-deck-pool\/#primaryimage"},"image":{"@id":"https:\/\/embassyvallettahotel.com\/fr\/installations\/health-events\/the-roof-deck-pool\/#primaryimage"},"thumbnailUrl":"http:\/\/embassyvallettahotel.kinsta.cloud\/wp-content\/uploads\/2021\/04\/Embassy-Hotel-Part-3-385-1-1024x682.jpg","datePublished":"2021-04-29T08:57:10+00:00","dateModified":"2022-07-11T13:13:33+00:00","breadcrumb":{"@id":"https:\/\/embassyvallettahotel.com\/fr\/installations\/health-events\/the-roof-deck-pool\/#breadcrumb"},"inLanguage":"fr-FR","potentialAction":[{"@type":"ReadAction","target":["https:\/\/embassyvallettahotel.com\/fr\/installations\/health-events\/the-roof-deck-pool\/"]}]},{"@type":"ImageObject","inLanguage":"fr-FR","@id":"https:\/\/embassyvallettahotel.com\/fr\/installations\/health-events\/the-roof-deck-pool\/#primaryimage","url":"http:\/\/embassyvallettahotel.kinsta.cloud\/wp-content\/uploads\/2021\/04\/Embassy-Hotel-Part-3-385-1-1024x682.jpg","contentUrl":"http:\/\/embassyvallettahotel.kinsta.cloud\/wp-content\/uploads\/2021\/04\/Embassy-Hotel-Part-3-385-1-1024x682.jpg"},{"@type":"BreadcrumbList","@id":"https:\/\/embassyvallettahotel.com\/fr\/installations\/health-events\/the-roof-deck-pool\/#breadcrumb","itemListElement":[{"@type":"ListItem","position":1,"name":"Home","item":"https:\/\/embassyvallettahotel.com\/fr\/"},{"@type":"ListItem","position":2,"name":"INSTALLATIONS","item":"https:\/\/embassyvallettahotel.com\/fr\/installations\/"},{"@type":"ListItem","position":3,"name":"Health &#038; Events","item":"https:\/\/embassyvallettahotel.com\/fr\/installations\/health-events\/"},{"@type":"ListItem","position":4,"name":"The Roof Deck Pool"}]},{"@type":"WebSite","@id":"https:\/\/embassyvallettahotel.com\/fr\/#website","url":"https:\/\/embassyvallettahotel.com\/fr\/","name":"The Embassy Valletta Hotel","description":"","publisher":{"@id":"https:\/\/embassyvallettahotel.com\/fr\/#organization"},"potentialAction":[{"@type":"SearchAction","target":{"@type":"EntryPoint","urlTemplate":"https:\/\/embassyvallettahotel.com\/fr\/?s={search_term_string}"},"query-input":{"@type":"PropertyValueSpecification","valueRequired":true,"valueName":"search_term_string"}}],"inLanguage":"fr-FR"},{"@type":"Organization","@id":"https:\/\/embassyvallettahotel.com\/fr\/#organization","name":"The Embassy Valletta Hotel","url":"https:\/\/embassyvallettahotel.com\/fr\/","logo":{"@type":"ImageObject","inLanguage":"fr-FR","@id":"https:\/\/embassyvallettahotel.com\/fr\/#\/schema\/logo\/image\/","url":"https:\/\/embassyvallettahotel.com\/wp-content\/uploads\/2019\/01\/Embassy-Valletta-Hotel-Logo-G.png","contentUrl":"https:\/\/embassyvallettahotel.com\/wp-content\/uploads\/2019\/01\/Embassy-Valletta-Hotel-Logo-G.png","width":801,"height":146,"caption":"The Embassy Valletta Hotel"},"image":{"@id":"https:\/\/embassyvallettahotel.com\/fr\/#\/schema\/logo\/image\/"}}]}},"_links":{"self":[{"href":"https:\/\/embassyvallettahotel.com\/fr\/wp-json\/wp\/v2\/pages\/2893","targetHints":{"allow":["GET"]}}],"collection":[{"href":"https:\/\/embassyvallettahotel.com\/fr\/wp-json\/wp\/v2\/pages"}],"about":[{"href":"https:\/\/embassyvallettahotel.com\/fr\/wp-json\/wp\/v2\/types\/page"}],"author":[{"embeddable":true,"href":"https:\/\/embassyvallettahotel.com\/fr\/wp-json\/wp\/v2\/users\/3"}],"replies":[{"embeddable":true,"href":"https:\/\/embassyvallettahotel.com\/fr\/wp-json\/wp\/v2\/comments?post=2893"}],"version-history":[{"count":0,"href":"https:\/\/embassyvallettahotel.com\/fr\/wp-json\/wp\/v2\/pages\/2893\/revisions"}],"up":[{"embeddable":true,"href":"https:\/\/embassyvallettahotel.com\/fr\/wp-json\/wp\/v2\/pages\/2895"}],"wp:attachment":[{"href":"https:\/\/embassyvallettahotel.com\/fr\/wp-json\/wp\/v2\/media?parent=2893"}],"curies":[{"name":"wp","href":"https:\/\/api.w.org\/{rel}","templated":true}]}}