{"id":2905,"date":"2021-04-29T08:59:01","date_gmt":"2021-04-29T08:59:01","guid":{"rendered":"https:\/\/embassyvallettahotel.kinsta.cloud\/the-courtyard\/"},"modified":"2022-12-22T08:41:14","modified_gmt":"2022-12-22T08:41:14","slug":"the-courtyard","status":"publish","type":"page","link":"https:\/\/embassyvallettahotel.com\/fr\/the-courtyard\/","title":{"rendered":"The Courtyard"},"content":{"rendered":"\t\t<div data-elementor-type=\"wp-page\" data-elementor-id=\"2905\" class=\"elementor elementor-2905 elementor-2153\" data-elementor-post-type=\"page\">\n\t\t\t\t\t\t<section class=\"elementor-section elementor-top-section elementor-element elementor-element-a050718 elementor-section-boxed elementor-section-height-default elementor-section-height-default\" data-id=\"a050718\" data-element_type=\"section\" data-e-type=\"section\" data-settings=\"{&quot;background_background&quot;:&quot;classic&quot;}\">\n\t\t\t\t\t\t<div class=\"elementor-container elementor-column-gap-default\">\n\t\t\t\t\t<div class=\"elementor-column elementor-col-100 elementor-top-column elementor-element elementor-element-17acc8d\" data-id=\"17acc8d\" data-element_type=\"column\" data-e-type=\"column\">\n\t\t\t<div class=\"elementor-widget-wrap elementor-element-populated\">\n\t\t\t\t\t\t<div class=\"elementor-element elementor-element-6f167503 elementor-widget elementor-widget-spacer\" data-id=\"6f167503\" data-element_type=\"widget\" data-e-type=\"widget\" data-widget_type=\"spacer.default\">\n\t\t\t\t<div class=\"elementor-widget-container\">\n\t\t\t\t\t\t\t<div class=\"elementor-spacer\">\n\t\t\t<div class=\"elementor-spacer-inner\"><\/div>\n\t\t<\/div>\n\t\t\t\t\t\t<\/div>\n\t\t\t\t<\/div>\n\t\t\t\t\t<\/div>\n\t\t<\/div>\n\t\t\t\t\t<\/div>\n\t\t<\/section>\n\t\t\t\t<section class=\"elementor-section elementor-top-section elementor-element elementor-element-275f411e elementor-section-boxed elementor-section-height-default elementor-section-height-default\" data-id=\"275f411e\" data-element_type=\"section\" data-e-type=\"section\">\n\t\t\t\t\t\t<div class=\"elementor-container elementor-column-gap-default\">\n\t\t\t\t\t<div class=\"elementor-column elementor-col-50 elementor-top-column elementor-element elementor-element-464d60a9\" data-id=\"464d60a9\" data-element_type=\"column\" data-e-type=\"column\">\n\t\t\t<div class=\"elementor-widget-wrap elementor-element-populated\">\n\t\t\t\t\t\t<div class=\"elementor-element elementor-element-22ec86ed elementor-widget elementor-widget-heading\" data-id=\"22ec86ed\" data-element_type=\"widget\" data-e-type=\"widget\" data-widget_type=\"heading.default\">\n\t\t\t\t<div class=\"elementor-widget-container\">\n\t\t\t\t\t<h1 class=\"elementor-heading-title elementor-size-default\">LA COUR<\/h1>\t\t\t\t<\/div>\n\t\t\t\t<\/div>\n\t\t\t\t<div class=\"elementor-element elementor-element-38b73348 elementor-blockquote--skin-border elementor-widget elementor-widget-blockquote\" data-id=\"38b73348\" data-element_type=\"widget\" data-e-type=\"widget\" data-widget_type=\"blockquote.default\">\n\t\t\t\t<div class=\"elementor-widget-container\">\n\t\t\t\t\t\t\t<blockquote class=\"elementor-blockquote\">\n\t\t\t<p class=\"elementor-blockquote__content\">\n\t\t\t\tRetrouvez des amis ou des coll\u00e8gues autour d\u2019un caf\u00e9 dans notre \u00e9l\u00e9gante cour int\u00e9rieure.\r\n\r\n\t\t\t<\/p>\n\t\t\t\t\t<\/blockquote>\n\t\t\t\t\t\t<\/div>\n\t\t\t\t<\/div>\n\t\t\t\t<div class=\"elementor-element elementor-element-3fffdf7c elementor-widget elementor-widget-text-editor\" data-id=\"3fffdf7c\" data-element_type=\"widget\" data-e-type=\"widget\" data-widget_type=\"text-editor.default\">\n\t\t\t\t<div class=\"elementor-widget-container\">\n\t\t\t\t\t\t\t\t\t<p>Profitez d\u2019un ap\u00e9ritif ou d\u2019un cocktail avant le spectacle, ou passez simplement une soir\u00e9e relaxante autour d\u2019un verre tout en admirant les \u00e9toiles.<\/p>\n\t\t\t\t\t\t\t\t<\/div>\n\t\t\t\t<\/div>\n\t\t\t\t\t<\/div>\n\t\t<\/div>\n\t\t\t\t<div class=\"elementor-column elementor-col-50 elementor-top-column elementor-element elementor-element-395c5681\" data-id=\"395c5681\" data-element_type=\"column\" data-e-type=\"column\">\n\t\t\t<div class=\"elementor-widget-wrap elementor-element-populated\">\n\t\t\t\t\t\t<div class=\"elementor-element elementor-element-4ea89aa4 elementor-widget elementor-widget-image\" data-id=\"4ea89aa4\" data-element_type=\"widget\" data-e-type=\"widget\" data-widget_type=\"image.default\">\n\t\t\t\t<div class=\"elementor-widget-container\">\n\t\t\t\t\t\t\t\t\t\t\t\t\t\t\t<img fetchpriority=\"high\" decoding=\"async\" width=\"768\" height=\"686\" src=\"https:\/\/embassyvallettahotel.com\/wp-content\/uploads\/2022\/12\/The-Courtyard-Valletta-e1671698090768-768x686.jpeg\" class=\"attachment-medium_large size-medium_large wp-image-7014\" alt=\"\" srcset=\"https:\/\/embassyvallettahotel.com\/wp-content\/uploads\/2022\/12\/The-Courtyard-Valletta-e1671698090768-768x686.jpeg 768w, https:\/\/embassyvallettahotel.com\/wp-content\/uploads\/2022\/12\/The-Courtyard-Valletta-e1671698090768-300x268.jpeg 300w, https:\/\/embassyvallettahotel.com\/wp-content\/uploads\/2022\/12\/The-Courtyard-Valletta-e1671698090768-1024x915.jpeg 1024w, https:\/\/embassyvallettahotel.com\/wp-content\/uploads\/2022\/12\/The-Courtyard-Valletta-e1671698090768.jpeg 1199w\" sizes=\"(max-width: 768px) 100vw, 768px\" \/>\t\t\t\t\t\t\t\t\t\t\t\t\t\t\t<\/div>\n\t\t\t\t<\/div>\n\t\t\t\t<div class=\"elementor-element elementor-element-4e0e174 elementor-widget__width-initial elementor-widget elementor-widget-image\" data-id=\"4e0e174\" data-element_type=\"widget\" data-e-type=\"widget\" data-widget_type=\"image.default\">\n\t\t\t\t<div class=\"elementor-widget-container\">\n\t\t\t\t\t\t\t\t\t\t\t\t\t\t\t<img decoding=\"async\" width=\"800\" height=\"532\" src=\"https:\/\/embassyvallettahotel.com\/wp-content\/uploads\/2022\/12\/Embassy-Hotel-7th-November-2022-26-1024x681.jpg\" class=\"attachment-large size-large wp-image-7010\" alt=\"\" srcset=\"https:\/\/embassyvallettahotel.com\/wp-content\/uploads\/2022\/12\/Embassy-Hotel-7th-November-2022-26-1024x681.jpg 1024w, https:\/\/embassyvallettahotel.com\/wp-content\/uploads\/2022\/12\/Embassy-Hotel-7th-November-2022-26-300x200.jpg 300w, https:\/\/embassyvallettahotel.com\/wp-content\/uploads\/2022\/12\/Embassy-Hotel-7th-November-2022-26-768x511.jpg 768w, https:\/\/embassyvallettahotel.com\/wp-content\/uploads\/2022\/12\/Embassy-Hotel-7th-November-2022-26-1536x1022.jpg 1536w, https:\/\/embassyvallettahotel.com\/wp-content\/uploads\/2022\/12\/Embassy-Hotel-7th-November-2022-26-2048x1362.jpg 2048w\" sizes=\"(max-width: 800px) 100vw, 800px\" \/>\t\t\t\t\t\t\t\t\t\t\t\t\t\t\t<\/div>\n\t\t\t\t<\/div>\n\t\t\t\t\t<\/div>\n\t\t<\/div>\n\t\t\t\t\t<\/div>\n\t\t<\/section>\n\t\t\t\t<\/div>\n\t\t","protected":false},"excerpt":{"rendered":"<p>LA COUR Retrouvez des amis ou des coll\u00e8gues autour d\u2019un caf\u00e9 dans notre \u00e9l\u00e9gante cour int\u00e9rieure. Profitez d\u2019un ap\u00e9ritif ou d\u2019un cocktail avant le spectacle, ou passez simplement une soir\u00e9e relaxante autour d\u2019un verre tout en admirant les \u00e9toiles.<\/p>\n","protected":false},"author":3,"featured_media":0,"parent":0,"menu_order":0,"comment_status":"closed","ping_status":"closed","template":"","meta":{"_acf_changed":false,"footnotes":""},"class_list":["post-2905","page","type-page","status-publish","hentry"],"acf":[],"yoast_head":"<!-- This site is optimized with the Yoast SEO plugin v27.4 - https:\/\/yoast.com\/product\/yoast-seo-wordpress\/ -->\n<title>The Courtyard - The Embassy Valletta Hotel<\/title>\n<meta name=\"robots\" content=\"index, follow, max-snippet:-1, max-image-preview:large, max-video-preview:-1\" \/>\n<link rel=\"canonical\" href=\"https:\/\/embassyvallettahotel.com\/fr\/the-courtyard\/\" \/>\n<meta property=\"og:locale\" content=\"fr_FR\" \/>\n<meta property=\"og:type\" content=\"article\" \/>\n<meta property=\"og:title\" content=\"The Courtyard - The Embassy Valletta Hotel\" \/>\n<meta property=\"og:description\" content=\"LA COUR Retrouvez des amis ou des coll\u00e8gues autour d\u2019un caf\u00e9 dans notre \u00e9l\u00e9gante cour int\u00e9rieure. Profitez d\u2019un ap\u00e9ritif ou d\u2019un cocktail avant le spectacle, ou passez simplement une soir\u00e9e relaxante autour d\u2019un verre tout en admirant les \u00e9toiles.\" \/>\n<meta property=\"og:url\" content=\"https:\/\/embassyvallettahotel.com\/fr\/the-courtyard\/\" \/>\n<meta property=\"og:site_name\" content=\"The Embassy Valletta Hotel\" \/>\n<meta property=\"article:modified_time\" content=\"2022-12-22T08:41:14+00:00\" \/>\n<meta property=\"og:image\" content=\"http:\/\/embassyvallettahotel.kinsta.cloud\/wp-content\/uploads\/2022\/12\/The-Courtyard-Valletta-e1671698090768-768x686.jpeg\" \/>\n<meta name=\"twitter:card\" content=\"summary_large_image\" \/>\n<script type=\"application\/ld+json\" class=\"yoast-schema-graph\">{\"@context\":\"https:\\\/\\\/schema.org\",\"@graph\":[{\"@type\":\"WebPage\",\"@id\":\"https:\\\/\\\/embassyvallettahotel.com\\\/fr\\\/the-courtyard\\\/\",\"url\":\"https:\\\/\\\/embassyvallettahotel.com\\\/fr\\\/the-courtyard\\\/\",\"name\":\"The Courtyard - The Embassy Valletta Hotel\",\"isPartOf\":{\"@id\":\"https:\\\/\\\/embassyvallettahotel.com\\\/fr\\\/#website\"},\"primaryImageOfPage\":{\"@id\":\"https:\\\/\\\/embassyvallettahotel.com\\\/fr\\\/the-courtyard\\\/#primaryimage\"},\"image\":{\"@id\":\"https:\\\/\\\/embassyvallettahotel.com\\\/fr\\\/the-courtyard\\\/#primaryimage\"},\"thumbnailUrl\":\"http:\\\/\\\/embassyvallettahotel.kinsta.cloud\\\/wp-content\\\/uploads\\\/2022\\\/12\\\/The-Courtyard-Valletta-e1671698090768-768x686.jpeg\",\"datePublished\":\"2021-04-29T08:59:01+00:00\",\"dateModified\":\"2022-12-22T08:41:14+00:00\",\"breadcrumb\":{\"@id\":\"https:\\\/\\\/embassyvallettahotel.com\\\/fr\\\/the-courtyard\\\/#breadcrumb\"},\"inLanguage\":\"fr-FR\",\"potentialAction\":[{\"@type\":\"ReadAction\",\"target\":[\"https:\\\/\\\/embassyvallettahotel.com\\\/fr\\\/the-courtyard\\\/\"]}]},{\"@type\":\"ImageObject\",\"inLanguage\":\"fr-FR\",\"@id\":\"https:\\\/\\\/embassyvallettahotel.com\\\/fr\\\/the-courtyard\\\/#primaryimage\",\"url\":\"http:\\\/\\\/embassyvallettahotel.kinsta.cloud\\\/wp-content\\\/uploads\\\/2022\\\/12\\\/The-Courtyard-Valletta-e1671698090768-768x686.jpeg\",\"contentUrl\":\"http:\\\/\\\/embassyvallettahotel.kinsta.cloud\\\/wp-content\\\/uploads\\\/2022\\\/12\\\/The-Courtyard-Valletta-e1671698090768-768x686.jpeg\"},{\"@type\":\"BreadcrumbList\",\"@id\":\"https:\\\/\\\/embassyvallettahotel.com\\\/fr\\\/the-courtyard\\\/#breadcrumb\",\"itemListElement\":[{\"@type\":\"ListItem\",\"position\":1,\"name\":\"Home\",\"item\":\"https:\\\/\\\/embassyvallettahotel.com\\\/fr\\\/\"},{\"@type\":\"ListItem\",\"position\":2,\"name\":\"The Courtyard\"}]},{\"@type\":\"WebSite\",\"@id\":\"https:\\\/\\\/embassyvallettahotel.com\\\/fr\\\/#website\",\"url\":\"https:\\\/\\\/embassyvallettahotel.com\\\/fr\\\/\",\"name\":\"The Embassy Valletta Hotel\",\"description\":\"\",\"publisher\":{\"@id\":\"https:\\\/\\\/embassyvallettahotel.com\\\/fr\\\/#organization\"},\"potentialAction\":[{\"@type\":\"SearchAction\",\"target\":{\"@type\":\"EntryPoint\",\"urlTemplate\":\"https:\\\/\\\/embassyvallettahotel.com\\\/fr\\\/?s={search_term_string}\"},\"query-input\":{\"@type\":\"PropertyValueSpecification\",\"valueRequired\":true,\"valueName\":\"search_term_string\"}}],\"inLanguage\":\"fr-FR\"},{\"@type\":\"Organization\",\"@id\":\"https:\\\/\\\/embassyvallettahotel.com\\\/fr\\\/#organization\",\"name\":\"The Embassy Valletta Hotel\",\"url\":\"https:\\\/\\\/embassyvallettahotel.com\\\/fr\\\/\",\"logo\":{\"@type\":\"ImageObject\",\"inLanguage\":\"fr-FR\",\"@id\":\"https:\\\/\\\/embassyvallettahotel.com\\\/fr\\\/#\\\/schema\\\/logo\\\/image\\\/\",\"url\":\"https:\\\/\\\/embassyvallettahotel.com\\\/wp-content\\\/uploads\\\/2019\\\/01\\\/Embassy-Valletta-Hotel-Logo-G.png\",\"contentUrl\":\"https:\\\/\\\/embassyvallettahotel.com\\\/wp-content\\\/uploads\\\/2019\\\/01\\\/Embassy-Valletta-Hotel-Logo-G.png\",\"width\":801,\"height\":146,\"caption\":\"The Embassy Valletta Hotel\"},\"image\":{\"@id\":\"https:\\\/\\\/embassyvallettahotel.com\\\/fr\\\/#\\\/schema\\\/logo\\\/image\\\/\"}}]}<\/script>\n<!-- \/ Yoast SEO plugin. -->","yoast_head_json":{"title":"The Courtyard - The Embassy Valletta Hotel","robots":{"index":"index","follow":"follow","max-snippet":"max-snippet:-1","max-image-preview":"max-image-preview:large","max-video-preview":"max-video-preview:-1"},"canonical":"https:\/\/embassyvallettahotel.com\/fr\/the-courtyard\/","og_locale":"fr_FR","og_type":"article","og_title":"The Courtyard - The Embassy Valletta Hotel","og_description":"LA COUR Retrouvez des amis ou des coll\u00e8gues autour d\u2019un caf\u00e9 dans notre \u00e9l\u00e9gante cour int\u00e9rieure. Profitez d\u2019un ap\u00e9ritif ou d\u2019un cocktail avant le spectacle, ou passez simplement une soir\u00e9e relaxante autour d\u2019un verre tout en admirant les \u00e9toiles.","og_url":"https:\/\/embassyvallettahotel.com\/fr\/the-courtyard\/","og_site_name":"The Embassy Valletta Hotel","article_modified_time":"2022-12-22T08:41:14+00:00","og_image":[{"url":"http:\/\/embassyvallettahotel.kinsta.cloud\/wp-content\/uploads\/2022\/12\/The-Courtyard-Valletta-e1671698090768-768x686.jpeg","type":"","width":"","height":""}],"twitter_card":"summary_large_image","schema":{"@context":"https:\/\/schema.org","@graph":[{"@type":"WebPage","@id":"https:\/\/embassyvallettahotel.com\/fr\/the-courtyard\/","url":"https:\/\/embassyvallettahotel.com\/fr\/the-courtyard\/","name":"The Courtyard - The Embassy Valletta Hotel","isPartOf":{"@id":"https:\/\/embassyvallettahotel.com\/fr\/#website"},"primaryImageOfPage":{"@id":"https:\/\/embassyvallettahotel.com\/fr\/the-courtyard\/#primaryimage"},"image":{"@id":"https:\/\/embassyvallettahotel.com\/fr\/the-courtyard\/#primaryimage"},"thumbnailUrl":"http:\/\/embassyvallettahotel.kinsta.cloud\/wp-content\/uploads\/2022\/12\/The-Courtyard-Valletta-e1671698090768-768x686.jpeg","datePublished":"2021-04-29T08:59:01+00:00","dateModified":"2022-12-22T08:41:14+00:00","breadcrumb":{"@id":"https:\/\/embassyvallettahotel.com\/fr\/the-courtyard\/#breadcrumb"},"inLanguage":"fr-FR","potentialAction":[{"@type":"ReadAction","target":["https:\/\/embassyvallettahotel.com\/fr\/the-courtyard\/"]}]},{"@type":"ImageObject","inLanguage":"fr-FR","@id":"https:\/\/embassyvallettahotel.com\/fr\/the-courtyard\/#primaryimage","url":"http:\/\/embassyvallettahotel.kinsta.cloud\/wp-content\/uploads\/2022\/12\/The-Courtyard-Valletta-e1671698090768-768x686.jpeg","contentUrl":"http:\/\/embassyvallettahotel.kinsta.cloud\/wp-content\/uploads\/2022\/12\/The-Courtyard-Valletta-e1671698090768-768x686.jpeg"},{"@type":"BreadcrumbList","@id":"https:\/\/embassyvallettahotel.com\/fr\/the-courtyard\/#breadcrumb","itemListElement":[{"@type":"ListItem","position":1,"name":"Home","item":"https:\/\/embassyvallettahotel.com\/fr\/"},{"@type":"ListItem","position":2,"name":"The Courtyard"}]},{"@type":"WebSite","@id":"https:\/\/embassyvallettahotel.com\/fr\/#website","url":"https:\/\/embassyvallettahotel.com\/fr\/","name":"The Embassy Valletta Hotel","description":"","publisher":{"@id":"https:\/\/embassyvallettahotel.com\/fr\/#organization"},"potentialAction":[{"@type":"SearchAction","target":{"@type":"EntryPoint","urlTemplate":"https:\/\/embassyvallettahotel.com\/fr\/?s={search_term_string}"},"query-input":{"@type":"PropertyValueSpecification","valueRequired":true,"valueName":"search_term_string"}}],"inLanguage":"fr-FR"},{"@type":"Organization","@id":"https:\/\/embassyvallettahotel.com\/fr\/#organization","name":"The Embassy Valletta Hotel","url":"https:\/\/embassyvallettahotel.com\/fr\/","logo":{"@type":"ImageObject","inLanguage":"fr-FR","@id":"https:\/\/embassyvallettahotel.com\/fr\/#\/schema\/logo\/image\/","url":"https:\/\/embassyvallettahotel.com\/wp-content\/uploads\/2019\/01\/Embassy-Valletta-Hotel-Logo-G.png","contentUrl":"https:\/\/embassyvallettahotel.com\/wp-content\/uploads\/2019\/01\/Embassy-Valletta-Hotel-Logo-G.png","width":801,"height":146,"caption":"The Embassy Valletta Hotel"},"image":{"@id":"https:\/\/embassyvallettahotel.com\/fr\/#\/schema\/logo\/image\/"}}]}},"_links":{"self":[{"href":"https:\/\/embassyvallettahotel.com\/fr\/wp-json\/wp\/v2\/pages\/2905","targetHints":{"allow":["GET"]}}],"collection":[{"href":"https:\/\/embassyvallettahotel.com\/fr\/wp-json\/wp\/v2\/pages"}],"about":[{"href":"https:\/\/embassyvallettahotel.com\/fr\/wp-json\/wp\/v2\/types\/page"}],"author":[{"embeddable":true,"href":"https:\/\/embassyvallettahotel.com\/fr\/wp-json\/wp\/v2\/users\/3"}],"replies":[{"embeddable":true,"href":"https:\/\/embassyvallettahotel.com\/fr\/wp-json\/wp\/v2\/comments?post=2905"}],"version-history":[{"count":0,"href":"https:\/\/embassyvallettahotel.com\/fr\/wp-json\/wp\/v2\/pages\/2905\/revisions"}],"wp:attachment":[{"href":"https:\/\/embassyvallettahotel.com\/fr\/wp-json\/wp\/v2\/media?parent=2905"}],"curies":[{"name":"wp","href":"https:\/\/api.w.org\/{rel}","templated":true}]}}