{"id":2920,"date":"2021-04-29T09:04:39","date_gmt":"2021-04-29T09:04:39","guid":{"rendered":"https:\/\/embassyvallettahotel.kinsta.cloud\/costa-coffee\/"},"modified":"2022-07-08T08:56:04","modified_gmt":"2022-07-08T08:56:04","slug":"costa-coffee","status":"publish","type":"page","link":"https:\/\/embassyvallettahotel.com\/fr\/costa-coffee\/","title":{"rendered":"Costa Coffee"},"content":{"rendered":"\t\t<div data-elementor-type=\"wp-page\" data-elementor-id=\"2920\" class=\"elementor elementor-2920 elementor-2157\" data-elementor-post-type=\"page\">\n\t\t\t\t\t\t<section class=\"elementor-section elementor-top-section elementor-element elementor-element-41e0f796 elementor-section-boxed elementor-section-height-default elementor-section-height-default\" data-id=\"41e0f796\" data-element_type=\"section\" data-e-type=\"section\" data-settings=\"{&quot;background_background&quot;:&quot;classic&quot;}\">\n\t\t\t\t\t\t<div class=\"elementor-container elementor-column-gap-default\">\n\t\t\t\t\t<div class=\"elementor-column elementor-col-100 elementor-top-column elementor-element elementor-element-787a22ff\" data-id=\"787a22ff\" data-element_type=\"column\" data-e-type=\"column\">\n\t\t\t<div class=\"elementor-widget-wrap elementor-element-populated\">\n\t\t\t\t\t\t<div class=\"elementor-element elementor-element-30b2b035 elementor-widget elementor-widget-spacer\" data-id=\"30b2b035\" data-element_type=\"widget\" data-e-type=\"widget\" data-widget_type=\"spacer.default\">\n\t\t\t\t<div class=\"elementor-widget-container\">\n\t\t\t\t\t\t\t<div class=\"elementor-spacer\">\n\t\t\t<div class=\"elementor-spacer-inner\"><\/div>\n\t\t<\/div>\n\t\t\t\t\t\t<\/div>\n\t\t\t\t<\/div>\n\t\t\t\t\t<\/div>\n\t\t<\/div>\n\t\t\t\t\t<\/div>\n\t\t<\/section>\n\t\t\t\t<section class=\"elementor-section elementor-top-section elementor-element elementor-element-7ca61dfd elementor-section-boxed elementor-section-height-default elementor-section-height-default\" data-id=\"7ca61dfd\" data-element_type=\"section\" data-e-type=\"section\">\n\t\t\t\t\t\t<div class=\"elementor-container elementor-column-gap-default\">\n\t\t\t\t\t<div class=\"elementor-column elementor-col-50 elementor-top-column elementor-element elementor-element-592b8e84\" data-id=\"592b8e84\" data-element_type=\"column\" data-e-type=\"column\">\n\t\t\t<div class=\"elementor-widget-wrap elementor-element-populated\">\n\t\t\t\t\t\t<div class=\"elementor-element elementor-element-15925012 elementor-widget elementor-widget-heading\" data-id=\"15925012\" data-element_type=\"widget\" data-e-type=\"widget\" data-widget_type=\"heading.default\">\n\t\t\t\t<div class=\"elementor-widget-container\">\n\t\t\t\t\t<h1 class=\"elementor-heading-title elementor-size-default\">Costa CoFfEE<\/h1>\t\t\t\t<\/div>\n\t\t\t\t<\/div>\n\t\t\t\t<div class=\"elementor-element elementor-element-7c582d75 elementor-blockquote--skin-border elementor-widget elementor-widget-blockquote\" data-id=\"7c582d75\" data-element_type=\"widget\" data-e-type=\"widget\" data-widget_type=\"blockquote.default\">\n\t\t\t\t<div class=\"elementor-widget-container\">\n\t\t\t\t\t\t\t<blockquote class=\"elementor-blockquote\">\n\t\t\t<p class=\"elementor-blockquote__content\">\n\t\t\t\tQue vous souhaitiez un lieu de travail ou simplement retrouver des amis, Costa Coffee est l\u2019endroit id\u00e9al pour cela.\t\t\t<\/p>\n\t\t\t\t\t<\/blockquote>\n\t\t\t\t\t\t<\/div>\n\t\t\t\t<\/div>\n\t\t\t\t<div class=\"elementor-element elementor-element-5fc20c66 elementor-widget elementor-widget-text-editor\" data-id=\"5fc20c66\" data-element_type=\"widget\" data-e-type=\"widget\" data-widget_type=\"text-editor.default\">\n\t\t\t\t<div class=\"elementor-widget-container\">\n\t\t\t\t\t\t\t\t\t<p>Des caf\u00e9s parfaitement artisanaux aux pains frais, en passant par les wraps et les d\u00e9licieux desserts, vous trouverez certainement quelque chose qui conviendra \u00e0 vos go\u00fbts.<\/p><p>Jetez un coup d\u2019\u0153il aux caf\u00e9s et aux collations que vous pouvez trouver chez Costa Coffee.<\/p>\t\t\t\t\t\t\t\t<\/div>\n\t\t\t\t<\/div>\n\t\t\t\t<div class=\"elementor-element elementor-element-21b7dcb elementor-widget elementor-widget-button\" data-id=\"21b7dcb\" data-element_type=\"widget\" data-e-type=\"widget\" data-widget_type=\"button.default\">\n\t\t\t\t<div class=\"elementor-widget-container\">\n\t\t\t\t\t\t\t\t\t<div class=\"elementor-button-wrapper\">\n\t\t\t\t\t<a class=\"elementor-button elementor-button-link elementor-size-sm\" href=\"http:\/\/www.costamalta.com\" target=\"_blank\">\n\t\t\t\t\t\t<span class=\"elementor-button-content-wrapper\">\n\t\t\t\t\t\t\t\t\t<span class=\"elementor-button-text\">Visit Costa Coffee's website<\/span>\n\t\t\t\t\t<\/span>\n\t\t\t\t\t<\/a>\n\t\t\t\t<\/div>\n\t\t\t\t\t\t\t\t<\/div>\n\t\t\t\t<\/div>\n\t\t\t\t\t<\/div>\n\t\t<\/div>\n\t\t\t\t<div class=\"elementor-column elementor-col-50 elementor-top-column elementor-element elementor-element-693070ba\" data-id=\"693070ba\" data-element_type=\"column\" data-e-type=\"column\">\n\t\t\t<div class=\"elementor-widget-wrap elementor-element-populated\">\n\t\t\t\t\t\t<div class=\"elementor-element elementor-element-685125fc elementor-widget elementor-widget-image\" data-id=\"685125fc\" data-element_type=\"widget\" data-e-type=\"widget\" data-widget_type=\"image.default\">\n\t\t\t\t<div class=\"elementor-widget-container\">\n\t\t\t\t\t\t\t\t\t\t\t\t\t\t\t<img fetchpriority=\"high\" decoding=\"async\" width=\"800\" height=\"533\" src=\"https:\/\/embassyvallettahotel.com\/wp-content\/uploads\/2021\/04\/Costa-3-1024x682.png\" class=\"attachment-large size-large wp-image-2229\" alt=\"\" srcset=\"https:\/\/embassyvallettahotel.com\/wp-content\/uploads\/2021\/04\/Costa-3-1024x682.png 1024w, https:\/\/embassyvallettahotel.com\/wp-content\/uploads\/2021\/04\/Costa-3-300x200.png 300w, https:\/\/embassyvallettahotel.com\/wp-content\/uploads\/2021\/04\/Costa-3-768x512.png 768w, https:\/\/embassyvallettahotel.com\/wp-content\/uploads\/2021\/04\/Costa-3.png 1520w\" sizes=\"(max-width: 800px) 100vw, 800px\" \/>\t\t\t\t\t\t\t\t\t\t\t\t\t\t\t<\/div>\n\t\t\t\t<\/div>\n\t\t\t\t<div class=\"elementor-element elementor-element-699e2d67 elementor-widget__width-initial elementor-widget elementor-widget-image\" data-id=\"699e2d67\" data-element_type=\"widget\" data-e-type=\"widget\" data-widget_type=\"image.default\">\n\t\t\t\t<div class=\"elementor-widget-container\">\n\t\t\t\t\t\t\t\t\t\t\t\t\t\t\t<img decoding=\"async\" width=\"800\" height=\"800\" src=\"https:\/\/embassyvallettahotel.com\/wp-content\/uploads\/2021\/04\/Costa-1-1024x1024.jpeg\" class=\"attachment-large size-large wp-image-2274\" alt=\"\" srcset=\"https:\/\/embassyvallettahotel.com\/wp-content\/uploads\/2021\/04\/Costa-1-1024x1024.jpeg 1024w, https:\/\/embassyvallettahotel.com\/wp-content\/uploads\/2021\/04\/Costa-1-300x300.jpeg 300w, https:\/\/embassyvallettahotel.com\/wp-content\/uploads\/2021\/04\/Costa-1-150x150.jpeg 150w, https:\/\/embassyvallettahotel.com\/wp-content\/uploads\/2021\/04\/Costa-1-768x768.jpeg 768w, https:\/\/embassyvallettahotel.com\/wp-content\/uploads\/2021\/04\/Costa-1.jpeg 1080w\" sizes=\"(max-width: 800px) 100vw, 800px\" \/>\t\t\t\t\t\t\t\t\t\t\t\t\t\t\t<\/div>\n\t\t\t\t<\/div>\n\t\t\t\t\t<\/div>\n\t\t<\/div>\n\t\t\t\t\t<\/div>\n\t\t<\/section>\n\t\t\t\t<\/div>\n\t\t","protected":false},"excerpt":{"rendered":"<p>Costa CoFfEE Que vous souhaitiez un lieu de travail ou simplement retrouver des amis, Costa Coffee est l\u2019endroit id\u00e9al pour cela. Des caf\u00e9s parfaitement artisanaux aux pains frais, en passant par les wraps et les d\u00e9licieux desserts, vous trouverez certainement quelque chose qui conviendra \u00e0 vos go\u00fbts. Jetez un coup d\u2019\u0153il aux caf\u00e9s et aux [&hellip;]<\/p>\n","protected":false},"author":3,"featured_media":0,"parent":0,"menu_order":0,"comment_status":"closed","ping_status":"closed","template":"","meta":{"_acf_changed":false,"footnotes":""},"class_list":["post-2920","page","type-page","status-publish","hentry"],"acf":[],"yoast_head":"<!-- This site is optimized with the Yoast SEO plugin v27.3 - https:\/\/yoast.com\/product\/yoast-seo-wordpress\/ -->\n<title>Costa Coffee - The Embassy Valletta Hotel<\/title>\n<meta name=\"robots\" content=\"index, follow, max-snippet:-1, max-image-preview:large, max-video-preview:-1\" \/>\n<link rel=\"canonical\" href=\"https:\/\/embassyvallettahotel.com\/fr\/costa-coffee\/\" \/>\n<meta property=\"og:locale\" content=\"fr_FR\" \/>\n<meta property=\"og:type\" content=\"article\" \/>\n<meta property=\"og:title\" content=\"Costa Coffee - The Embassy Valletta Hotel\" \/>\n<meta property=\"og:description\" content=\"Costa CoFfEE Que vous souhaitiez un lieu de travail ou simplement retrouver des amis, Costa Coffee est l\u2019endroit id\u00e9al pour cela. Des caf\u00e9s parfaitement artisanaux aux pains frais, en passant par les wraps et les d\u00e9licieux desserts, vous trouverez certainement quelque chose qui conviendra \u00e0 vos go\u00fbts. Jetez un coup d\u2019\u0153il aux caf\u00e9s et aux [&hellip;]\" \/>\n<meta property=\"og:url\" content=\"https:\/\/embassyvallettahotel.com\/fr\/costa-coffee\/\" \/>\n<meta property=\"og:site_name\" content=\"The Embassy Valletta Hotel\" \/>\n<meta property=\"article:modified_time\" content=\"2022-07-08T08:56:04+00:00\" \/>\n<meta property=\"og:image\" content=\"http:\/\/embassyvallettahotel.kinsta.cloud\/wp-content\/uploads\/2021\/04\/Costa-3-1024x682.png\" \/>\n<meta name=\"twitter:card\" content=\"summary_large_image\" \/>\n<script type=\"application\/ld+json\" class=\"yoast-schema-graph\">{\"@context\":\"https:\\\/\\\/schema.org\",\"@graph\":[{\"@type\":\"WebPage\",\"@id\":\"https:\\\/\\\/embassyvallettahotel.com\\\/fr\\\/costa-coffee\\\/\",\"url\":\"https:\\\/\\\/embassyvallettahotel.com\\\/fr\\\/costa-coffee\\\/\",\"name\":\"Costa Coffee - The Embassy Valletta Hotel\",\"isPartOf\":{\"@id\":\"https:\\\/\\\/embassyvallettahotel.com\\\/fr\\\/#website\"},\"primaryImageOfPage\":{\"@id\":\"https:\\\/\\\/embassyvallettahotel.com\\\/fr\\\/costa-coffee\\\/#primaryimage\"},\"image\":{\"@id\":\"https:\\\/\\\/embassyvallettahotel.com\\\/fr\\\/costa-coffee\\\/#primaryimage\"},\"thumbnailUrl\":\"http:\\\/\\\/embassyvallettahotel.kinsta.cloud\\\/wp-content\\\/uploads\\\/2021\\\/04\\\/Costa-3-1024x682.png\",\"datePublished\":\"2021-04-29T09:04:39+00:00\",\"dateModified\":\"2022-07-08T08:56:04+00:00\",\"breadcrumb\":{\"@id\":\"https:\\\/\\\/embassyvallettahotel.com\\\/fr\\\/costa-coffee\\\/#breadcrumb\"},\"inLanguage\":\"fr-FR\",\"potentialAction\":[{\"@type\":\"ReadAction\",\"target\":[\"https:\\\/\\\/embassyvallettahotel.com\\\/fr\\\/costa-coffee\\\/\"]}]},{\"@type\":\"ImageObject\",\"inLanguage\":\"fr-FR\",\"@id\":\"https:\\\/\\\/embassyvallettahotel.com\\\/fr\\\/costa-coffee\\\/#primaryimage\",\"url\":\"http:\\\/\\\/embassyvallettahotel.kinsta.cloud\\\/wp-content\\\/uploads\\\/2021\\\/04\\\/Costa-3-1024x682.png\",\"contentUrl\":\"http:\\\/\\\/embassyvallettahotel.kinsta.cloud\\\/wp-content\\\/uploads\\\/2021\\\/04\\\/Costa-3-1024x682.png\"},{\"@type\":\"BreadcrumbList\",\"@id\":\"https:\\\/\\\/embassyvallettahotel.com\\\/fr\\\/costa-coffee\\\/#breadcrumb\",\"itemListElement\":[{\"@type\":\"ListItem\",\"position\":1,\"name\":\"Home\",\"item\":\"https:\\\/\\\/embassyvallettahotel.com\\\/fr\\\/\"},{\"@type\":\"ListItem\",\"position\":2,\"name\":\"Costa Coffee\"}]},{\"@type\":\"WebSite\",\"@id\":\"https:\\\/\\\/embassyvallettahotel.com\\\/fr\\\/#website\",\"url\":\"https:\\\/\\\/embassyvallettahotel.com\\\/fr\\\/\",\"name\":\"The Embassy Valletta Hotel\",\"description\":\"\",\"publisher\":{\"@id\":\"https:\\\/\\\/embassyvallettahotel.com\\\/fr\\\/#organization\"},\"potentialAction\":[{\"@type\":\"SearchAction\",\"target\":{\"@type\":\"EntryPoint\",\"urlTemplate\":\"https:\\\/\\\/embassyvallettahotel.com\\\/fr\\\/?s={search_term_string}\"},\"query-input\":{\"@type\":\"PropertyValueSpecification\",\"valueRequired\":true,\"valueName\":\"search_term_string\"}}],\"inLanguage\":\"fr-FR\"},{\"@type\":\"Organization\",\"@id\":\"https:\\\/\\\/embassyvallettahotel.com\\\/fr\\\/#organization\",\"name\":\"The Embassy Valletta Hotel\",\"url\":\"https:\\\/\\\/embassyvallettahotel.com\\\/fr\\\/\",\"logo\":{\"@type\":\"ImageObject\",\"inLanguage\":\"fr-FR\",\"@id\":\"https:\\\/\\\/embassyvallettahotel.com\\\/fr\\\/#\\\/schema\\\/logo\\\/image\\\/\",\"url\":\"https:\\\/\\\/embassyvallettahotel.com\\\/wp-content\\\/uploads\\\/2019\\\/01\\\/Embassy-Valletta-Hotel-Logo-G.png\",\"contentUrl\":\"https:\\\/\\\/embassyvallettahotel.com\\\/wp-content\\\/uploads\\\/2019\\\/01\\\/Embassy-Valletta-Hotel-Logo-G.png\",\"width\":801,\"height\":146,\"caption\":\"The Embassy Valletta Hotel\"},\"image\":{\"@id\":\"https:\\\/\\\/embassyvallettahotel.com\\\/fr\\\/#\\\/schema\\\/logo\\\/image\\\/\"}}]}<\/script>\n<!-- \/ Yoast SEO plugin. -->","yoast_head_json":{"title":"Costa Coffee - The Embassy Valletta Hotel","robots":{"index":"index","follow":"follow","max-snippet":"max-snippet:-1","max-image-preview":"max-image-preview:large","max-video-preview":"max-video-preview:-1"},"canonical":"https:\/\/embassyvallettahotel.com\/fr\/costa-coffee\/","og_locale":"fr_FR","og_type":"article","og_title":"Costa Coffee - The Embassy Valletta Hotel","og_description":"Costa CoFfEE Que vous souhaitiez un lieu de travail ou simplement retrouver des amis, Costa Coffee est l\u2019endroit id\u00e9al pour cela. Des caf\u00e9s parfaitement artisanaux aux pains frais, en passant par les wraps et les d\u00e9licieux desserts, vous trouverez certainement quelque chose qui conviendra \u00e0 vos go\u00fbts. Jetez un coup d\u2019\u0153il aux caf\u00e9s et aux [&hellip;]","og_url":"https:\/\/embassyvallettahotel.com\/fr\/costa-coffee\/","og_site_name":"The Embassy Valletta Hotel","article_modified_time":"2022-07-08T08:56:04+00:00","og_image":[{"url":"http:\/\/embassyvallettahotel.kinsta.cloud\/wp-content\/uploads\/2021\/04\/Costa-3-1024x682.png","type":"","width":"","height":""}],"twitter_card":"summary_large_image","schema":{"@context":"https:\/\/schema.org","@graph":[{"@type":"WebPage","@id":"https:\/\/embassyvallettahotel.com\/fr\/costa-coffee\/","url":"https:\/\/embassyvallettahotel.com\/fr\/costa-coffee\/","name":"Costa Coffee - The Embassy Valletta Hotel","isPartOf":{"@id":"https:\/\/embassyvallettahotel.com\/fr\/#website"},"primaryImageOfPage":{"@id":"https:\/\/embassyvallettahotel.com\/fr\/costa-coffee\/#primaryimage"},"image":{"@id":"https:\/\/embassyvallettahotel.com\/fr\/costa-coffee\/#primaryimage"},"thumbnailUrl":"http:\/\/embassyvallettahotel.kinsta.cloud\/wp-content\/uploads\/2021\/04\/Costa-3-1024x682.png","datePublished":"2021-04-29T09:04:39+00:00","dateModified":"2022-07-08T08:56:04+00:00","breadcrumb":{"@id":"https:\/\/embassyvallettahotel.com\/fr\/costa-coffee\/#breadcrumb"},"inLanguage":"fr-FR","potentialAction":[{"@type":"ReadAction","target":["https:\/\/embassyvallettahotel.com\/fr\/costa-coffee\/"]}]},{"@type":"ImageObject","inLanguage":"fr-FR","@id":"https:\/\/embassyvallettahotel.com\/fr\/costa-coffee\/#primaryimage","url":"http:\/\/embassyvallettahotel.kinsta.cloud\/wp-content\/uploads\/2021\/04\/Costa-3-1024x682.png","contentUrl":"http:\/\/embassyvallettahotel.kinsta.cloud\/wp-content\/uploads\/2021\/04\/Costa-3-1024x682.png"},{"@type":"BreadcrumbList","@id":"https:\/\/embassyvallettahotel.com\/fr\/costa-coffee\/#breadcrumb","itemListElement":[{"@type":"ListItem","position":1,"name":"Home","item":"https:\/\/embassyvallettahotel.com\/fr\/"},{"@type":"ListItem","position":2,"name":"Costa Coffee"}]},{"@type":"WebSite","@id":"https:\/\/embassyvallettahotel.com\/fr\/#website","url":"https:\/\/embassyvallettahotel.com\/fr\/","name":"The Embassy Valletta Hotel","description":"","publisher":{"@id":"https:\/\/embassyvallettahotel.com\/fr\/#organization"},"potentialAction":[{"@type":"SearchAction","target":{"@type":"EntryPoint","urlTemplate":"https:\/\/embassyvallettahotel.com\/fr\/?s={search_term_string}"},"query-input":{"@type":"PropertyValueSpecification","valueRequired":true,"valueName":"search_term_string"}}],"inLanguage":"fr-FR"},{"@type":"Organization","@id":"https:\/\/embassyvallettahotel.com\/fr\/#organization","name":"The Embassy Valletta Hotel","url":"https:\/\/embassyvallettahotel.com\/fr\/","logo":{"@type":"ImageObject","inLanguage":"fr-FR","@id":"https:\/\/embassyvallettahotel.com\/fr\/#\/schema\/logo\/image\/","url":"https:\/\/embassyvallettahotel.com\/wp-content\/uploads\/2019\/01\/Embassy-Valletta-Hotel-Logo-G.png","contentUrl":"https:\/\/embassyvallettahotel.com\/wp-content\/uploads\/2019\/01\/Embassy-Valletta-Hotel-Logo-G.png","width":801,"height":146,"caption":"The Embassy Valletta Hotel"},"image":{"@id":"https:\/\/embassyvallettahotel.com\/fr\/#\/schema\/logo\/image\/"}}]}},"_links":{"self":[{"href":"https:\/\/embassyvallettahotel.com\/fr\/wp-json\/wp\/v2\/pages\/2920","targetHints":{"allow":["GET"]}}],"collection":[{"href":"https:\/\/embassyvallettahotel.com\/fr\/wp-json\/wp\/v2\/pages"}],"about":[{"href":"https:\/\/embassyvallettahotel.com\/fr\/wp-json\/wp\/v2\/types\/page"}],"author":[{"embeddable":true,"href":"https:\/\/embassyvallettahotel.com\/fr\/wp-json\/wp\/v2\/users\/3"}],"replies":[{"embeddable":true,"href":"https:\/\/embassyvallettahotel.com\/fr\/wp-json\/wp\/v2\/comments?post=2920"}],"version-history":[{"count":0,"href":"https:\/\/embassyvallettahotel.com\/fr\/wp-json\/wp\/v2\/pages\/2920\/revisions"}],"wp:attachment":[{"href":"https:\/\/embassyvallettahotel.com\/fr\/wp-json\/wp\/v2\/media?parent=2920"}],"curies":[{"name":"wp","href":"https:\/\/api.w.org\/{rel}","templated":true}]}}