{"id":2931,"date":"2021-04-29T09:14:41","date_gmt":"2021-04-29T09:14:41","guid":{"rendered":"https:\/\/embassyvallettahotel.kinsta.cloud\/dg\/"},"modified":"2022-07-08T09:06:22","modified_gmt":"2022-07-08T09:06:22","slug":"dg","status":"publish","type":"page","link":"https:\/\/embassyvallettahotel.com\/fr\/installations\/health-events\/dg\/","title":{"rendered":"D&#038;G"},"content":{"rendered":"\t\t<div data-elementor-type=\"wp-page\" data-elementor-id=\"2931\" class=\"elementor elementor-2931 elementor-2143\" data-elementor-post-type=\"page\">\n\t\t\t\t\t\t<section class=\"elementor-section elementor-top-section elementor-element elementor-element-247533d4 elementor-section-boxed elementor-section-height-default elementor-section-height-default\" data-id=\"247533d4\" data-element_type=\"section\" data-e-type=\"section\" data-settings=\"{&quot;background_background&quot;:&quot;classic&quot;}\">\n\t\t\t\t\t\t<div class=\"elementor-container elementor-column-gap-default\">\n\t\t\t\t\t<div class=\"elementor-column elementor-col-100 elementor-top-column elementor-element elementor-element-1580cb9a\" data-id=\"1580cb9a\" data-element_type=\"column\" data-e-type=\"column\">\n\t\t\t<div class=\"elementor-widget-wrap elementor-element-populated\">\n\t\t\t\t\t\t<div class=\"elementor-element elementor-element-47cc5302 elementor-widget elementor-widget-spacer\" data-id=\"47cc5302\" data-element_type=\"widget\" data-e-type=\"widget\" data-widget_type=\"spacer.default\">\n\t\t\t\t<div class=\"elementor-widget-container\">\n\t\t\t\t\t\t\t<div class=\"elementor-spacer\">\n\t\t\t<div class=\"elementor-spacer-inner\"><\/div>\n\t\t<\/div>\n\t\t\t\t\t\t<\/div>\n\t\t\t\t<\/div>\n\t\t\t\t\t<\/div>\n\t\t<\/div>\n\t\t\t\t\t<\/div>\n\t\t<\/section>\n\t\t\t\t<section class=\"elementor-section elementor-top-section elementor-element elementor-element-50c08305 elementor-section-boxed elementor-section-height-default elementor-section-height-default\" data-id=\"50c08305\" data-element_type=\"section\" data-e-type=\"section\">\n\t\t\t\t\t\t<div class=\"elementor-container elementor-column-gap-default\">\n\t\t\t\t\t<div class=\"elementor-column elementor-col-50 elementor-top-column elementor-element elementor-element-34b39366\" data-id=\"34b39366\" data-element_type=\"column\" data-e-type=\"column\">\n\t\t\t<div class=\"elementor-widget-wrap elementor-element-populated\">\n\t\t\t\t\t\t<div class=\"elementor-element elementor-element-3993d061 elementor-widget elementor-widget-heading\" data-id=\"3993d061\" data-element_type=\"widget\" data-e-type=\"widget\" data-widget_type=\"heading.default\">\n\t\t\t\t<div class=\"elementor-widget-container\">\n\t\t\t\t\t<h1 class=\"elementor-heading-title elementor-size-default\">SALON DE COIFFURE DEAN GERA<\/h1>\t\t\t\t<\/div>\n\t\t\t\t<\/div>\n\t\t\t\t<div class=\"elementor-element elementor-element-3f12a3f7 elementor-blockquote--skin-border elementor-widget elementor-widget-blockquote\" data-id=\"3f12a3f7\" data-element_type=\"widget\" data-e-type=\"widget\" data-widget_type=\"blockquote.default\">\n\t\t\t\t<div class=\"elementor-widget-container\">\n\t\t\t\t\t\t\t<blockquote class=\"elementor-blockquote\">\n\t\t\t<p class=\"elementor-blockquote__content\">\n\t\t\t\tEnvie de vous faire plaisir pendant votre escapade ?\t\t\t<\/p>\n\t\t\t\t\t<\/blockquote>\n\t\t\t\t\t\t<\/div>\n\t\t\t\t<\/div>\n\t\t\t\t<div class=\"elementor-element elementor-element-6a2d6ee0 elementor-widget elementor-widget-text-editor\" data-id=\"6a2d6ee0\" data-element_type=\"widget\" data-e-type=\"widget\" data-widget_type=\"text-editor.default\">\n\t\t\t\t<div class=\"elementor-widget-container\">\n\t\t\t\t\t\t\t\t\t<p>Dean Gera vous accueille dans un monde d\u2019avancement esth\u00e9tique et de r\u00e9alisation de l\u2019exemplaire.  L\u2019\u00e9quipe du salon vous aidera \u00e0 atteindre et \u00e0 r\u00e9aliser votre plein potentiel de beaut\u00e9.<\/p><p>Visitez le salon de coiffure Dean Gera au niveau 1.  Egalement ouvert aux non-clients de l\u2019h\u00f4tel.<\/p>\t\t\t\t\t\t\t\t<\/div>\n\t\t\t\t<\/div>\n\t\t\t\t\t<\/div>\n\t\t<\/div>\n\t\t\t\t<div class=\"elementor-column elementor-col-50 elementor-top-column elementor-element elementor-element-396aa615\" data-id=\"396aa615\" data-element_type=\"column\" data-e-type=\"column\">\n\t\t\t<div class=\"elementor-widget-wrap elementor-element-populated\">\n\t\t\t\t\t\t<div class=\"elementor-element elementor-element-7c1ee965 elementor-widget elementor-widget-image\" data-id=\"7c1ee965\" data-element_type=\"widget\" data-e-type=\"widget\" data-widget_type=\"image.default\">\n\t\t\t\t<div class=\"elementor-widget-container\">\n\t\t\t\t\t\t\t\t\t\t\t\t\t\t\t<img fetchpriority=\"high\" decoding=\"async\" width=\"800\" height=\"534\" src=\"https:\/\/embassyvallettahotel.com\/wp-content\/uploads\/2021\/04\/DG-Valletta-Valentino-\u00a9-alex-attard_ALX5832-1024x683.jpg\" class=\"attachment-large size-large wp-image-2238\" alt=\"\" \/>\t\t\t\t\t\t\t\t\t\t\t\t\t\t\t<\/div>\n\t\t\t\t<\/div>\n\t\t\t\t<div class=\"elementor-element elementor-element-202ebf2 elementor-widget__width-initial elementor-widget elementor-widget-image\" data-id=\"202ebf2\" data-element_type=\"widget\" data-e-type=\"widget\" data-widget_type=\"image.default\">\n\t\t\t\t<div class=\"elementor-widget-container\">\n\t\t\t\t\t\t\t\t\t\t\t\t\t\t\t<img decoding=\"async\" width=\"800\" height=\"534\" src=\"https:\/\/embassyvallettahotel.com\/wp-content\/uploads\/2021\/04\/DG-Valletta-Valentino-\u00a9-alex-attard_ALX5891-1024x683.jpg\" class=\"attachment-large size-large wp-image-2271\" alt=\"\" srcset=\"https:\/\/embassyvallettahotel.com\/wp-content\/uploads\/2021\/04\/DG-Valletta-Valentino-\u00a9-alex-attard_ALX5891-1024x683.jpg 1024w, https:\/\/embassyvallettahotel.com\/wp-content\/uploads\/2021\/04\/DG-Valletta-Valentino-\u00a9-alex-attard_ALX5891-300x200.jpg 300w, https:\/\/embassyvallettahotel.com\/wp-content\/uploads\/2021\/04\/DG-Valletta-Valentino-\u00a9-alex-attard_ALX5891-768x513.jpg 768w, https:\/\/embassyvallettahotel.com\/wp-content\/uploads\/2021\/04\/DG-Valletta-Valentino-\u00a9-alex-attard_ALX5891.jpg 1500w\" sizes=\"(max-width: 800px) 100vw, 800px\" \/>\t\t\t\t\t\t\t\t\t\t\t\t\t\t\t<\/div>\n\t\t\t\t<\/div>\n\t\t\t\t\t<\/div>\n\t\t<\/div>\n\t\t\t\t\t<\/div>\n\t\t<\/section>\n\t\t\t\t<\/div>\n\t\t","protected":false},"excerpt":{"rendered":"<p>SALON DE COIFFURE DEAN GERA Envie de vous faire plaisir pendant votre escapade ? Dean Gera vous accueille dans un monde d\u2019avancement esth\u00e9tique et de r\u00e9alisation de l\u2019exemplaire. L\u2019\u00e9quipe du salon vous aidera \u00e0 atteindre et \u00e0 r\u00e9aliser votre plein potentiel de beaut\u00e9. Visitez le salon de coiffure Dean Gera au niveau 1. Egalement ouvert [&hellip;]<\/p>\n","protected":false},"author":3,"featured_media":0,"parent":2895,"menu_order":0,"comment_status":"closed","ping_status":"closed","template":"","meta":{"_acf_changed":false,"footnotes":""},"class_list":["post-2931","page","type-page","status-publish","hentry"],"acf":[],"yoast_head":"<!-- This site is optimized with the Yoast SEO plugin v27.4 - https:\/\/yoast.com\/product\/yoast-seo-wordpress\/ -->\n<title>D&amp;G - The Embassy Valletta Hotel<\/title>\n<meta name=\"robots\" content=\"index, follow, max-snippet:-1, max-image-preview:large, max-video-preview:-1\" \/>\n<link rel=\"canonical\" href=\"https:\/\/embassyvallettahotel.com\/fr\/installations\/health-events\/dg\/\" \/>\n<meta property=\"og:locale\" content=\"fr_FR\" \/>\n<meta property=\"og:type\" content=\"article\" \/>\n<meta property=\"og:title\" content=\"D&amp;G - The Embassy Valletta Hotel\" \/>\n<meta property=\"og:description\" content=\"SALON DE COIFFURE DEAN GERA Envie de vous faire plaisir pendant votre escapade ? Dean Gera vous accueille dans un monde d\u2019avancement esth\u00e9tique et de r\u00e9alisation de l\u2019exemplaire. L\u2019\u00e9quipe du salon vous aidera \u00e0 atteindre et \u00e0 r\u00e9aliser votre plein potentiel de beaut\u00e9. Visitez le salon de coiffure Dean Gera au niveau 1. Egalement ouvert [&hellip;]\" \/>\n<meta property=\"og:url\" content=\"https:\/\/embassyvallettahotel.com\/fr\/installations\/health-events\/dg\/\" \/>\n<meta property=\"og:site_name\" content=\"The Embassy Valletta Hotel\" \/>\n<meta property=\"article:modified_time\" content=\"2022-07-08T09:06:22+00:00\" \/>\n<meta name=\"twitter:card\" content=\"summary_large_image\" \/>\n<script type=\"application\/ld+json\" class=\"yoast-schema-graph\">{\"@context\":\"https:\\\/\\\/schema.org\",\"@graph\":[{\"@type\":\"WebPage\",\"@id\":\"https:\\\/\\\/embassyvallettahotel.com\\\/fr\\\/installations\\\/health-events\\\/dg\\\/\",\"url\":\"https:\\\/\\\/embassyvallettahotel.com\\\/fr\\\/installations\\\/health-events\\\/dg\\\/\",\"name\":\"D&G - The Embassy Valletta Hotel\",\"isPartOf\":{\"@id\":\"https:\\\/\\\/embassyvallettahotel.com\\\/fr\\\/#website\"},\"datePublished\":\"2021-04-29T09:14:41+00:00\",\"dateModified\":\"2022-07-08T09:06:22+00:00\",\"breadcrumb\":{\"@id\":\"https:\\\/\\\/embassyvallettahotel.com\\\/fr\\\/installations\\\/health-events\\\/dg\\\/#breadcrumb\"},\"inLanguage\":\"fr-FR\",\"potentialAction\":[{\"@type\":\"ReadAction\",\"target\":[\"https:\\\/\\\/embassyvallettahotel.com\\\/fr\\\/installations\\\/health-events\\\/dg\\\/\"]}]},{\"@type\":\"BreadcrumbList\",\"@id\":\"https:\\\/\\\/embassyvallettahotel.com\\\/fr\\\/installations\\\/health-events\\\/dg\\\/#breadcrumb\",\"itemListElement\":[{\"@type\":\"ListItem\",\"position\":1,\"name\":\"Home\",\"item\":\"https:\\\/\\\/embassyvallettahotel.com\\\/fr\\\/\"},{\"@type\":\"ListItem\",\"position\":2,\"name\":\"INSTALLATIONS\",\"item\":\"https:\\\/\\\/embassyvallettahotel.com\\\/fr\\\/installations\\\/\"},{\"@type\":\"ListItem\",\"position\":3,\"name\":\"Health &#038; Events\",\"item\":\"https:\\\/\\\/embassyvallettahotel.com\\\/fr\\\/installations\\\/health-events\\\/\"},{\"@type\":\"ListItem\",\"position\":4,\"name\":\"D&#038;G\"}]},{\"@type\":\"WebSite\",\"@id\":\"https:\\\/\\\/embassyvallettahotel.com\\\/fr\\\/#website\",\"url\":\"https:\\\/\\\/embassyvallettahotel.com\\\/fr\\\/\",\"name\":\"The Embassy Valletta Hotel\",\"description\":\"\",\"publisher\":{\"@id\":\"https:\\\/\\\/embassyvallettahotel.com\\\/fr\\\/#organization\"},\"potentialAction\":[{\"@type\":\"SearchAction\",\"target\":{\"@type\":\"EntryPoint\",\"urlTemplate\":\"https:\\\/\\\/embassyvallettahotel.com\\\/fr\\\/?s={search_term_string}\"},\"query-input\":{\"@type\":\"PropertyValueSpecification\",\"valueRequired\":true,\"valueName\":\"search_term_string\"}}],\"inLanguage\":\"fr-FR\"},{\"@type\":\"Organization\",\"@id\":\"https:\\\/\\\/embassyvallettahotel.com\\\/fr\\\/#organization\",\"name\":\"The Embassy Valletta Hotel\",\"url\":\"https:\\\/\\\/embassyvallettahotel.com\\\/fr\\\/\",\"logo\":{\"@type\":\"ImageObject\",\"inLanguage\":\"fr-FR\",\"@id\":\"https:\\\/\\\/embassyvallettahotel.com\\\/fr\\\/#\\\/schema\\\/logo\\\/image\\\/\",\"url\":\"https:\\\/\\\/embassyvallettahotel.com\\\/wp-content\\\/uploads\\\/2019\\\/01\\\/Embassy-Valletta-Hotel-Logo-G.png\",\"contentUrl\":\"https:\\\/\\\/embassyvallettahotel.com\\\/wp-content\\\/uploads\\\/2019\\\/01\\\/Embassy-Valletta-Hotel-Logo-G.png\",\"width\":801,\"height\":146,\"caption\":\"The Embassy Valletta Hotel\"},\"image\":{\"@id\":\"https:\\\/\\\/embassyvallettahotel.com\\\/fr\\\/#\\\/schema\\\/logo\\\/image\\\/\"}}]}<\/script>\n<!-- \/ Yoast SEO plugin. -->","yoast_head_json":{"title":"D&G - The Embassy Valletta Hotel","robots":{"index":"index","follow":"follow","max-snippet":"max-snippet:-1","max-image-preview":"max-image-preview:large","max-video-preview":"max-video-preview:-1"},"canonical":"https:\/\/embassyvallettahotel.com\/fr\/installations\/health-events\/dg\/","og_locale":"fr_FR","og_type":"article","og_title":"D&G - The Embassy Valletta Hotel","og_description":"SALON DE COIFFURE DEAN GERA Envie de vous faire plaisir pendant votre escapade ? Dean Gera vous accueille dans un monde d\u2019avancement esth\u00e9tique et de r\u00e9alisation de l\u2019exemplaire. L\u2019\u00e9quipe du salon vous aidera \u00e0 atteindre et \u00e0 r\u00e9aliser votre plein potentiel de beaut\u00e9. Visitez le salon de coiffure Dean Gera au niveau 1. Egalement ouvert [&hellip;]","og_url":"https:\/\/embassyvallettahotel.com\/fr\/installations\/health-events\/dg\/","og_site_name":"The Embassy Valletta Hotel","article_modified_time":"2022-07-08T09:06:22+00:00","twitter_card":"summary_large_image","schema":{"@context":"https:\/\/schema.org","@graph":[{"@type":"WebPage","@id":"https:\/\/embassyvallettahotel.com\/fr\/installations\/health-events\/dg\/","url":"https:\/\/embassyvallettahotel.com\/fr\/installations\/health-events\/dg\/","name":"D&G - The Embassy Valletta Hotel","isPartOf":{"@id":"https:\/\/embassyvallettahotel.com\/fr\/#website"},"datePublished":"2021-04-29T09:14:41+00:00","dateModified":"2022-07-08T09:06:22+00:00","breadcrumb":{"@id":"https:\/\/embassyvallettahotel.com\/fr\/installations\/health-events\/dg\/#breadcrumb"},"inLanguage":"fr-FR","potentialAction":[{"@type":"ReadAction","target":["https:\/\/embassyvallettahotel.com\/fr\/installations\/health-events\/dg\/"]}]},{"@type":"BreadcrumbList","@id":"https:\/\/embassyvallettahotel.com\/fr\/installations\/health-events\/dg\/#breadcrumb","itemListElement":[{"@type":"ListItem","position":1,"name":"Home","item":"https:\/\/embassyvallettahotel.com\/fr\/"},{"@type":"ListItem","position":2,"name":"INSTALLATIONS","item":"https:\/\/embassyvallettahotel.com\/fr\/installations\/"},{"@type":"ListItem","position":3,"name":"Health &#038; Events","item":"https:\/\/embassyvallettahotel.com\/fr\/installations\/health-events\/"},{"@type":"ListItem","position":4,"name":"D&#038;G"}]},{"@type":"WebSite","@id":"https:\/\/embassyvallettahotel.com\/fr\/#website","url":"https:\/\/embassyvallettahotel.com\/fr\/","name":"The Embassy Valletta Hotel","description":"","publisher":{"@id":"https:\/\/embassyvallettahotel.com\/fr\/#organization"},"potentialAction":[{"@type":"SearchAction","target":{"@type":"EntryPoint","urlTemplate":"https:\/\/embassyvallettahotel.com\/fr\/?s={search_term_string}"},"query-input":{"@type":"PropertyValueSpecification","valueRequired":true,"valueName":"search_term_string"}}],"inLanguage":"fr-FR"},{"@type":"Organization","@id":"https:\/\/embassyvallettahotel.com\/fr\/#organization","name":"The Embassy Valletta Hotel","url":"https:\/\/embassyvallettahotel.com\/fr\/","logo":{"@type":"ImageObject","inLanguage":"fr-FR","@id":"https:\/\/embassyvallettahotel.com\/fr\/#\/schema\/logo\/image\/","url":"https:\/\/embassyvallettahotel.com\/wp-content\/uploads\/2019\/01\/Embassy-Valletta-Hotel-Logo-G.png","contentUrl":"https:\/\/embassyvallettahotel.com\/wp-content\/uploads\/2019\/01\/Embassy-Valletta-Hotel-Logo-G.png","width":801,"height":146,"caption":"The Embassy Valletta Hotel"},"image":{"@id":"https:\/\/embassyvallettahotel.com\/fr\/#\/schema\/logo\/image\/"}}]}},"_links":{"self":[{"href":"https:\/\/embassyvallettahotel.com\/fr\/wp-json\/wp\/v2\/pages\/2931","targetHints":{"allow":["GET"]}}],"collection":[{"href":"https:\/\/embassyvallettahotel.com\/fr\/wp-json\/wp\/v2\/pages"}],"about":[{"href":"https:\/\/embassyvallettahotel.com\/fr\/wp-json\/wp\/v2\/types\/page"}],"author":[{"embeddable":true,"href":"https:\/\/embassyvallettahotel.com\/fr\/wp-json\/wp\/v2\/users\/3"}],"replies":[{"embeddable":true,"href":"https:\/\/embassyvallettahotel.com\/fr\/wp-json\/wp\/v2\/comments?post=2931"}],"version-history":[{"count":0,"href":"https:\/\/embassyvallettahotel.com\/fr\/wp-json\/wp\/v2\/pages\/2931\/revisions"}],"up":[{"embeddable":true,"href":"https:\/\/embassyvallettahotel.com\/fr\/wp-json\/wp\/v2\/pages\/2895"}],"wp:attachment":[{"href":"https:\/\/embassyvallettahotel.com\/fr\/wp-json\/wp\/v2\/media?parent=2931"}],"curies":[{"name":"wp","href":"https:\/\/api.w.org\/{rel}","templated":true}]}}