{"id":2934,"date":"2021-04-29T09:15:57","date_gmt":"2021-04-29T09:15:57","guid":{"rendered":"https:\/\/embassyvallettahotel.kinsta.cloud\/cinema\/"},"modified":"2022-07-08T09:03:46","modified_gmt":"2022-07-08T09:03:46","slug":"cinema","status":"publish","type":"page","link":"https:\/\/embassyvallettahotel.com\/fr\/installations\/leisure\/cinema\/","title":{"rendered":"Cinema"},"content":{"rendered":"\t\t<div data-elementor-type=\"wp-page\" data-elementor-id=\"2934\" class=\"elementor elementor-2934 elementor-2854\" data-elementor-post-type=\"page\">\n\t\t\t\t\t\t<section class=\"elementor-section elementor-top-section elementor-element elementor-element-2b086eb2 elementor-section-boxed elementor-section-height-default elementor-section-height-default\" data-id=\"2b086eb2\" data-element_type=\"section\" data-e-type=\"section\" data-settings=\"{&quot;background_background&quot;:&quot;classic&quot;}\">\n\t\t\t\t\t\t<div class=\"elementor-container elementor-column-gap-default\">\n\t\t\t\t\t<div class=\"elementor-column elementor-col-100 elementor-top-column elementor-element elementor-element-399b4b11\" data-id=\"399b4b11\" data-element_type=\"column\" data-e-type=\"column\">\n\t\t\t<div class=\"elementor-widget-wrap elementor-element-populated\">\n\t\t\t\t\t\t<div class=\"elementor-element elementor-element-5e3e3ee7 elementor-widget elementor-widget-spacer\" data-id=\"5e3e3ee7\" data-element_type=\"widget\" data-e-type=\"widget\" data-widget_type=\"spacer.default\">\n\t\t\t\t<div class=\"elementor-widget-container\">\n\t\t\t\t\t\t\t<div class=\"elementor-spacer\">\n\t\t\t<div class=\"elementor-spacer-inner\"><\/div>\n\t\t<\/div>\n\t\t\t\t\t\t<\/div>\n\t\t\t\t<\/div>\n\t\t\t\t\t<\/div>\n\t\t<\/div>\n\t\t\t\t\t<\/div>\n\t\t<\/section>\n\t\t\t\t<section class=\"elementor-section elementor-top-section elementor-element elementor-element-72874e8e elementor-section-boxed elementor-section-height-default elementor-section-height-default\" data-id=\"72874e8e\" data-element_type=\"section\" data-e-type=\"section\">\n\t\t\t\t\t\t<div class=\"elementor-container elementor-column-gap-default\">\n\t\t\t\t\t<div class=\"elementor-column elementor-col-50 elementor-top-column elementor-element elementor-element-1348c99a\" data-id=\"1348c99a\" data-element_type=\"column\" data-e-type=\"column\">\n\t\t\t<div class=\"elementor-widget-wrap elementor-element-populated\">\n\t\t\t\t\t\t<div class=\"elementor-element elementor-element-2ba1063 elementor-widget elementor-widget-heading\" data-id=\"2ba1063\" data-element_type=\"widget\" data-e-type=\"widget\" data-widget_type=\"heading.default\">\n\t\t\t\t<div class=\"elementor-widget-container\">\n\t\t\t\t\t<h1 class=\"elementor-heading-title elementor-size-default\">The Embassy CiNEMA<\/h1>\t\t\t\t<\/div>\n\t\t\t\t<\/div>\n\t\t\t\t<div class=\"elementor-element elementor-element-139557b9 elementor-blockquote--skin-border elementor-widget elementor-widget-blockquote\" data-id=\"139557b9\" data-element_type=\"widget\" data-e-type=\"widget\" data-widget_type=\"blockquote.default\">\n\t\t\t\t<div class=\"elementor-widget-container\">\n\t\t\t\t\t\t\t<blockquote class=\"elementor-blockquote\">\n\t\t\t<p class=\"elementor-blockquote__content\">\n\t\t\t\tNous avons red\u00e9fini l\u2019exp\u00e9rience du cin\u00e9ma.\t\t\t<\/p>\n\t\t\t\t\t<\/blockquote>\n\t\t\t\t\t\t<\/div>\n\t\t\t\t<\/div>\n\t\t\t\t<div class=\"elementor-element elementor-element-4434a776 elementor-widget elementor-widget-text-editor\" data-id=\"4434a776\" data-element_type=\"widget\" data-e-type=\"widget\" data-widget_type=\"text-editor.default\">\n\t\t\t\t<div class=\"elementor-widget-container\">\n\t\t\t\t\t\t\t\t\t<p>L\u2019Embassy Cinema est un lieu unique \u00e0 La Valette proposant les derniers films et des divertissements sur grand \u00e9cran dans un cadre exclusif dans les locaux de l\u2019h\u00f4tel.\r\nAvec 6 salles de cin\u00e9ma et une large s\u00e9lection d\u2019articles de bar, l\u2019Embassy Cinema est la nouvelle attraction branch\u00e9e, confortable et exclusive pour tous les cin\u00e9philes et pour tous ceux qui recherchent une activit\u00e9 amusante et relaxante \u00e0 La Valette.\r\n<\/p><p>Nous avons apport\u00e9 une approche innovante du cin\u00e9ma o\u00f9 vous pouvez d\u00e9couvrir un film assis sur un canap\u00e9, et o\u00f9 un verre de prosecco et un plateau savoureux peuvent \u00e9galement \u00eatre d\u00e9gust\u00e9s dans un environnement de cin\u00e9ma.  Une atmosph\u00e8re vraiment chaleureuse et conviviale soutenue par un excellent service client.  Avec la grande vari\u00e9t\u00e9 de films, de projections sp\u00e9ciales et d\u2019\u00e9v\u00e9nements sur mesure con\u00e7us pour r\u00e9pondre \u00e0 vos demandes, il y a certainement quelque chose pour tout le monde au cin\u00e9ma Embassy de La Valette, Malte.<\/p><p>Toutes les salles de cin\u00e9ma, y compris le canap\u00e9 th\u00e9\u00e2tre exclusif Star Lounge, peuvent \u00e9galement \u00eatre lou\u00e9es pour des \u00e9v\u00e9nements priv\u00e9s.  Ainsi, que vous recherchiez l\u2019espace id\u00e9al pour une f\u00eate d\u2019anniversaire pour votre famille, un concours de jeux \u00e0 l\u2019\u00eacran avec vos amis, une projection priv\u00e9e intime ou une pr\u00e9sentation li\u00e9e au travail dans un cadre unique, notre \u00e9quipe devou\u00e9e veillera \u00e0 ce que tous les invit\u00e9s restent impressionn\u00e9s.<\/p><p>Envie d\u2019en savoir plus sur notre cin\u00e9ma ou sur ce qui  passe en ce moment sur nos \u00e9crans ?<\/p>\t\t\t\t\t\t\t\t<\/div>\n\t\t\t\t<\/div>\n\t\t\t\t<div class=\"elementor-element elementor-element-71e99b7c elementor-widget elementor-widget-button\" data-id=\"71e99b7c\" data-element_type=\"widget\" data-e-type=\"widget\" data-widget_type=\"button.default\">\n\t\t\t\t<div class=\"elementor-widget-container\">\n\t\t\t\t\t\t\t\t\t<div class=\"elementor-button-wrapper\">\n\t\t\t\t\t<a class=\"elementor-button elementor-button-link elementor-size-sm\" href=\"http:\/\/www.embassycinemas.com\" target=\"_blank\">\n\t\t\t\t\t\t<span class=\"elementor-button-content-wrapper\">\n\t\t\t\t\t\t\t\t\t<span class=\"elementor-button-text\">Visit The Embassy Cinemas Website<\/span>\n\t\t\t\t\t<\/span>\n\t\t\t\t\t<\/a>\n\t\t\t\t<\/div>\n\t\t\t\t\t\t\t\t<\/div>\n\t\t\t\t<\/div>\n\t\t\t\t\t<\/div>\n\t\t<\/div>\n\t\t\t\t<div class=\"elementor-column elementor-col-50 elementor-top-column elementor-element elementor-element-5539ec6e\" data-id=\"5539ec6e\" data-element_type=\"column\" data-e-type=\"column\">\n\t\t\t<div class=\"elementor-widget-wrap elementor-element-populated\">\n\t\t\t\t\t\t<div class=\"elementor-element elementor-element-1eea82ed elementor-widget elementor-widget-image\" data-id=\"1eea82ed\" data-element_type=\"widget\" data-e-type=\"widget\" data-widget_type=\"image.default\">\n\t\t\t\t<div class=\"elementor-widget-container\">\n\t\t\t\t\t\t\t\t\t\t\t\t\t\t\t<img fetchpriority=\"high\" decoding=\"async\" width=\"800\" height=\"580\" src=\"https:\/\/embassyvallettahotel.com\/wp-content\/uploads\/2020\/12\/embassy_078-scaled-e1606905265605-1024x742.jpg\" class=\"attachment-large size-large wp-image-1128\" alt=\"\" srcset=\"https:\/\/embassyvallettahotel.com\/wp-content\/uploads\/2020\/12\/embassy_078-scaled-e1606905265605-1024x742.jpg 1024w, https:\/\/embassyvallettahotel.com\/wp-content\/uploads\/2020\/12\/embassy_078-scaled-e1606905265605-300x217.jpg 300w, https:\/\/embassyvallettahotel.com\/wp-content\/uploads\/2020\/12\/embassy_078-scaled-e1606905265605-768x556.jpg 768w, https:\/\/embassyvallettahotel.com\/wp-content\/uploads\/2020\/12\/embassy_078-scaled-e1606905265605-1536x1113.jpg 1536w, https:\/\/embassyvallettahotel.com\/wp-content\/uploads\/2020\/12\/embassy_078-scaled-e1606905265605.jpg 1799w\" sizes=\"(max-width: 800px) 100vw, 800px\" \/>\t\t\t\t\t\t\t\t\t\t\t\t\t\t\t<\/div>\n\t\t\t\t<\/div>\n\t\t\t\t<div class=\"elementor-element elementor-element-55967bb9 elementor-widget__width-initial elementor-widget elementor-widget-image\" data-id=\"55967bb9\" data-element_type=\"widget\" data-e-type=\"widget\" data-widget_type=\"image.default\">\n\t\t\t\t<div class=\"elementor-widget-container\">\n\t\t\t\t\t\t\t\t\t\t\t\t\t\t\t<img decoding=\"async\" width=\"800\" height=\"534\" src=\"https:\/\/embassyvallettahotel.com\/wp-content\/uploads\/2021\/04\/embasswy_082-1024x684.jpg\" class=\"attachment-large size-large wp-image-2247\" alt=\"\" srcset=\"https:\/\/embassyvallettahotel.com\/wp-content\/uploads\/2021\/04\/embasswy_082-1024x684.jpg 1024w, https:\/\/embassyvallettahotel.com\/wp-content\/uploads\/2021\/04\/embasswy_082-300x200.jpg 300w, https:\/\/embassyvallettahotel.com\/wp-content\/uploads\/2021\/04\/embasswy_082-768x513.jpg 768w, https:\/\/embassyvallettahotel.com\/wp-content\/uploads\/2021\/04\/embasswy_082.jpg 1200w\" sizes=\"(max-width: 800px) 100vw, 800px\" \/>\t\t\t\t\t\t\t\t\t\t\t\t\t\t\t<\/div>\n\t\t\t\t<\/div>\n\t\t\t\t\t<\/div>\n\t\t<\/div>\n\t\t\t\t\t<\/div>\n\t\t<\/section>\n\t\t\t\t<\/div>\n\t\t","protected":false},"excerpt":{"rendered":"<p>The Embassy CiNEMA Nous avons red\u00e9fini l\u2019exp\u00e9rience du cin\u00e9ma. L\u2019Embassy Cinema est un lieu unique \u00e0 La Valette proposant les derniers films et des divertissements sur grand \u00e9cran dans un cadre exclusif dans les locaux de l\u2019h\u00f4tel. Avec 6 salles de cin\u00e9ma et une large s\u00e9lection d\u2019articles de bar, l\u2019Embassy Cinema est la nouvelle attraction [&hellip;]<\/p>\n","protected":false},"author":3,"featured_media":0,"parent":2890,"menu_order":0,"comment_status":"closed","ping_status":"closed","template":"","meta":{"_acf_changed":false,"footnotes":""},"class_list":["post-2934","page","type-page","status-publish","hentry"],"acf":[],"yoast_head":"<!-- This site is optimized with the Yoast SEO plugin v27.3 - https:\/\/yoast.com\/product\/yoast-seo-wordpress\/ -->\n<title>Cinema - The Embassy Valletta Hotel<\/title>\n<meta name=\"robots\" content=\"index, follow, max-snippet:-1, max-image-preview:large, max-video-preview:-1\" \/>\n<link rel=\"canonical\" href=\"https:\/\/embassyvallettahotel.com\/fr\/installations\/leisure\/cinema\/\" \/>\n<meta property=\"og:locale\" content=\"fr_FR\" \/>\n<meta property=\"og:type\" content=\"article\" \/>\n<meta property=\"og:title\" content=\"Cinema - The Embassy Valletta Hotel\" \/>\n<meta property=\"og:description\" content=\"The Embassy CiNEMA Nous avons red\u00e9fini l\u2019exp\u00e9rience du cin\u00e9ma. L\u2019Embassy Cinema est un lieu unique \u00e0 La Valette proposant les derniers films et des divertissements sur grand \u00e9cran dans un cadre exclusif dans les locaux de l\u2019h\u00f4tel. Avec 6 salles de cin\u00e9ma et une large s\u00e9lection d\u2019articles de bar, l\u2019Embassy Cinema est la nouvelle attraction [&hellip;]\" \/>\n<meta property=\"og:url\" content=\"https:\/\/embassyvallettahotel.com\/fr\/installations\/leisure\/cinema\/\" \/>\n<meta property=\"og:site_name\" content=\"The Embassy Valletta Hotel\" \/>\n<meta property=\"article:modified_time\" content=\"2022-07-08T09:03:46+00:00\" \/>\n<meta property=\"og:image\" content=\"http:\/\/embassyvallettahotel.kinsta.cloud\/wp-content\/uploads\/2020\/12\/embassy_078-scaled-e1606905265605-1024x742.jpg\" \/>\n<meta name=\"twitter:card\" content=\"summary_large_image\" \/>\n<meta name=\"twitter:label1\" content=\"Est. reading time\" \/>\n\t<meta name=\"twitter:data1\" content=\"1 minute\" \/>\n<script type=\"application\/ld+json\" class=\"yoast-schema-graph\">{\"@context\":\"https:\\\/\\\/schema.org\",\"@graph\":[{\"@type\":\"WebPage\",\"@id\":\"https:\\\/\\\/embassyvallettahotel.com\\\/fr\\\/installations\\\/leisure\\\/cinema\\\/\",\"url\":\"https:\\\/\\\/embassyvallettahotel.com\\\/fr\\\/installations\\\/leisure\\\/cinema\\\/\",\"name\":\"Cinema - The Embassy Valletta Hotel\",\"isPartOf\":{\"@id\":\"https:\\\/\\\/embassyvallettahotel.com\\\/fr\\\/#website\"},\"primaryImageOfPage\":{\"@id\":\"https:\\\/\\\/embassyvallettahotel.com\\\/fr\\\/installations\\\/leisure\\\/cinema\\\/#primaryimage\"},\"image\":{\"@id\":\"https:\\\/\\\/embassyvallettahotel.com\\\/fr\\\/installations\\\/leisure\\\/cinema\\\/#primaryimage\"},\"thumbnailUrl\":\"http:\\\/\\\/embassyvallettahotel.kinsta.cloud\\\/wp-content\\\/uploads\\\/2020\\\/12\\\/embassy_078-scaled-e1606905265605-1024x742.jpg\",\"datePublished\":\"2021-04-29T09:15:57+00:00\",\"dateModified\":\"2022-07-08T09:03:46+00:00\",\"breadcrumb\":{\"@id\":\"https:\\\/\\\/embassyvallettahotel.com\\\/fr\\\/installations\\\/leisure\\\/cinema\\\/#breadcrumb\"},\"inLanguage\":\"fr-FR\",\"potentialAction\":[{\"@type\":\"ReadAction\",\"target\":[\"https:\\\/\\\/embassyvallettahotel.com\\\/fr\\\/installations\\\/leisure\\\/cinema\\\/\"]}]},{\"@type\":\"ImageObject\",\"inLanguage\":\"fr-FR\",\"@id\":\"https:\\\/\\\/embassyvallettahotel.com\\\/fr\\\/installations\\\/leisure\\\/cinema\\\/#primaryimage\",\"url\":\"http:\\\/\\\/embassyvallettahotel.kinsta.cloud\\\/wp-content\\\/uploads\\\/2020\\\/12\\\/embassy_078-scaled-e1606905265605-1024x742.jpg\",\"contentUrl\":\"http:\\\/\\\/embassyvallettahotel.kinsta.cloud\\\/wp-content\\\/uploads\\\/2020\\\/12\\\/embassy_078-scaled-e1606905265605-1024x742.jpg\"},{\"@type\":\"BreadcrumbList\",\"@id\":\"https:\\\/\\\/embassyvallettahotel.com\\\/fr\\\/installations\\\/leisure\\\/cinema\\\/#breadcrumb\",\"itemListElement\":[{\"@type\":\"ListItem\",\"position\":1,\"name\":\"Home\",\"item\":\"https:\\\/\\\/embassyvallettahotel.com\\\/fr\\\/\"},{\"@type\":\"ListItem\",\"position\":2,\"name\":\"INSTALLATIONS\",\"item\":\"https:\\\/\\\/embassyvallettahotel.com\\\/fr\\\/installations\\\/\"},{\"@type\":\"ListItem\",\"position\":3,\"name\":\"Leisure\",\"item\":\"https:\\\/\\\/embassyvallettahotel.com\\\/fr\\\/installations\\\/leisure\\\/\"},{\"@type\":\"ListItem\",\"position\":4,\"name\":\"Cinema\"}]},{\"@type\":\"WebSite\",\"@id\":\"https:\\\/\\\/embassyvallettahotel.com\\\/fr\\\/#website\",\"url\":\"https:\\\/\\\/embassyvallettahotel.com\\\/fr\\\/\",\"name\":\"The Embassy Valletta Hotel\",\"description\":\"\",\"publisher\":{\"@id\":\"https:\\\/\\\/embassyvallettahotel.com\\\/fr\\\/#organization\"},\"potentialAction\":[{\"@type\":\"SearchAction\",\"target\":{\"@type\":\"EntryPoint\",\"urlTemplate\":\"https:\\\/\\\/embassyvallettahotel.com\\\/fr\\\/?s={search_term_string}\"},\"query-input\":{\"@type\":\"PropertyValueSpecification\",\"valueRequired\":true,\"valueName\":\"search_term_string\"}}],\"inLanguage\":\"fr-FR\"},{\"@type\":\"Organization\",\"@id\":\"https:\\\/\\\/embassyvallettahotel.com\\\/fr\\\/#organization\",\"name\":\"The Embassy Valletta Hotel\",\"url\":\"https:\\\/\\\/embassyvallettahotel.com\\\/fr\\\/\",\"logo\":{\"@type\":\"ImageObject\",\"inLanguage\":\"fr-FR\",\"@id\":\"https:\\\/\\\/embassyvallettahotel.com\\\/fr\\\/#\\\/schema\\\/logo\\\/image\\\/\",\"url\":\"https:\\\/\\\/embassyvallettahotel.com\\\/wp-content\\\/uploads\\\/2019\\\/01\\\/Embassy-Valletta-Hotel-Logo-G.png\",\"contentUrl\":\"https:\\\/\\\/embassyvallettahotel.com\\\/wp-content\\\/uploads\\\/2019\\\/01\\\/Embassy-Valletta-Hotel-Logo-G.png\",\"width\":801,\"height\":146,\"caption\":\"The Embassy Valletta Hotel\"},\"image\":{\"@id\":\"https:\\\/\\\/embassyvallettahotel.com\\\/fr\\\/#\\\/schema\\\/logo\\\/image\\\/\"}}]}<\/script>\n<!-- \/ Yoast SEO plugin. -->","yoast_head_json":{"title":"Cinema - The Embassy Valletta Hotel","robots":{"index":"index","follow":"follow","max-snippet":"max-snippet:-1","max-image-preview":"max-image-preview:large","max-video-preview":"max-video-preview:-1"},"canonical":"https:\/\/embassyvallettahotel.com\/fr\/installations\/leisure\/cinema\/","og_locale":"fr_FR","og_type":"article","og_title":"Cinema - The Embassy Valletta Hotel","og_description":"The Embassy CiNEMA Nous avons red\u00e9fini l\u2019exp\u00e9rience du cin\u00e9ma. L\u2019Embassy Cinema est un lieu unique \u00e0 La Valette proposant les derniers films et des divertissements sur grand \u00e9cran dans un cadre exclusif dans les locaux de l\u2019h\u00f4tel. Avec 6 salles de cin\u00e9ma et une large s\u00e9lection d\u2019articles de bar, l\u2019Embassy Cinema est la nouvelle attraction [&hellip;]","og_url":"https:\/\/embassyvallettahotel.com\/fr\/installations\/leisure\/cinema\/","og_site_name":"The Embassy Valletta Hotel","article_modified_time":"2022-07-08T09:03:46+00:00","og_image":[{"url":"http:\/\/embassyvallettahotel.kinsta.cloud\/wp-content\/uploads\/2020\/12\/embassy_078-scaled-e1606905265605-1024x742.jpg","type":"","width":"","height":""}],"twitter_card":"summary_large_image","twitter_misc":{"Est. reading time":"1 minute"},"schema":{"@context":"https:\/\/schema.org","@graph":[{"@type":"WebPage","@id":"https:\/\/embassyvallettahotel.com\/fr\/installations\/leisure\/cinema\/","url":"https:\/\/embassyvallettahotel.com\/fr\/installations\/leisure\/cinema\/","name":"Cinema - The Embassy Valletta Hotel","isPartOf":{"@id":"https:\/\/embassyvallettahotel.com\/fr\/#website"},"primaryImageOfPage":{"@id":"https:\/\/embassyvallettahotel.com\/fr\/installations\/leisure\/cinema\/#primaryimage"},"image":{"@id":"https:\/\/embassyvallettahotel.com\/fr\/installations\/leisure\/cinema\/#primaryimage"},"thumbnailUrl":"http:\/\/embassyvallettahotel.kinsta.cloud\/wp-content\/uploads\/2020\/12\/embassy_078-scaled-e1606905265605-1024x742.jpg","datePublished":"2021-04-29T09:15:57+00:00","dateModified":"2022-07-08T09:03:46+00:00","breadcrumb":{"@id":"https:\/\/embassyvallettahotel.com\/fr\/installations\/leisure\/cinema\/#breadcrumb"},"inLanguage":"fr-FR","potentialAction":[{"@type":"ReadAction","target":["https:\/\/embassyvallettahotel.com\/fr\/installations\/leisure\/cinema\/"]}]},{"@type":"ImageObject","inLanguage":"fr-FR","@id":"https:\/\/embassyvallettahotel.com\/fr\/installations\/leisure\/cinema\/#primaryimage","url":"http:\/\/embassyvallettahotel.kinsta.cloud\/wp-content\/uploads\/2020\/12\/embassy_078-scaled-e1606905265605-1024x742.jpg","contentUrl":"http:\/\/embassyvallettahotel.kinsta.cloud\/wp-content\/uploads\/2020\/12\/embassy_078-scaled-e1606905265605-1024x742.jpg"},{"@type":"BreadcrumbList","@id":"https:\/\/embassyvallettahotel.com\/fr\/installations\/leisure\/cinema\/#breadcrumb","itemListElement":[{"@type":"ListItem","position":1,"name":"Home","item":"https:\/\/embassyvallettahotel.com\/fr\/"},{"@type":"ListItem","position":2,"name":"INSTALLATIONS","item":"https:\/\/embassyvallettahotel.com\/fr\/installations\/"},{"@type":"ListItem","position":3,"name":"Leisure","item":"https:\/\/embassyvallettahotel.com\/fr\/installations\/leisure\/"},{"@type":"ListItem","position":4,"name":"Cinema"}]},{"@type":"WebSite","@id":"https:\/\/embassyvallettahotel.com\/fr\/#website","url":"https:\/\/embassyvallettahotel.com\/fr\/","name":"The Embassy Valletta Hotel","description":"","publisher":{"@id":"https:\/\/embassyvallettahotel.com\/fr\/#organization"},"potentialAction":[{"@type":"SearchAction","target":{"@type":"EntryPoint","urlTemplate":"https:\/\/embassyvallettahotel.com\/fr\/?s={search_term_string}"},"query-input":{"@type":"PropertyValueSpecification","valueRequired":true,"valueName":"search_term_string"}}],"inLanguage":"fr-FR"},{"@type":"Organization","@id":"https:\/\/embassyvallettahotel.com\/fr\/#organization","name":"The Embassy Valletta Hotel","url":"https:\/\/embassyvallettahotel.com\/fr\/","logo":{"@type":"ImageObject","inLanguage":"fr-FR","@id":"https:\/\/embassyvallettahotel.com\/fr\/#\/schema\/logo\/image\/","url":"https:\/\/embassyvallettahotel.com\/wp-content\/uploads\/2019\/01\/Embassy-Valletta-Hotel-Logo-G.png","contentUrl":"https:\/\/embassyvallettahotel.com\/wp-content\/uploads\/2019\/01\/Embassy-Valletta-Hotel-Logo-G.png","width":801,"height":146,"caption":"The Embassy Valletta Hotel"},"image":{"@id":"https:\/\/embassyvallettahotel.com\/fr\/#\/schema\/logo\/image\/"}}]}},"_links":{"self":[{"href":"https:\/\/embassyvallettahotel.com\/fr\/wp-json\/wp\/v2\/pages\/2934","targetHints":{"allow":["GET"]}}],"collection":[{"href":"https:\/\/embassyvallettahotel.com\/fr\/wp-json\/wp\/v2\/pages"}],"about":[{"href":"https:\/\/embassyvallettahotel.com\/fr\/wp-json\/wp\/v2\/types\/page"}],"author":[{"embeddable":true,"href":"https:\/\/embassyvallettahotel.com\/fr\/wp-json\/wp\/v2\/users\/3"}],"replies":[{"embeddable":true,"href":"https:\/\/embassyvallettahotel.com\/fr\/wp-json\/wp\/v2\/comments?post=2934"}],"version-history":[{"count":0,"href":"https:\/\/embassyvallettahotel.com\/fr\/wp-json\/wp\/v2\/pages\/2934\/revisions"}],"up":[{"embeddable":true,"href":"https:\/\/embassyvallettahotel.com\/fr\/wp-json\/wp\/v2\/pages\/2890"}],"wp:attachment":[{"href":"https:\/\/embassyvallettahotel.com\/fr\/wp-json\/wp\/v2\/media?parent=2934"}],"curies":[{"name":"wp","href":"https:\/\/api.w.org\/{rel}","templated":true}]}}